{"id":13035,"date":"2026-01-28T15:41:45","date_gmt":"2026-01-28T14:41:45","guid":{"rendered":"https:\/\/christophquarch.de\/?post_type=product&#038;p=13035"},"modified":"2026-03-02T08:04:01","modified_gmt":"2026-03-02T07:04:01","slug":"wahre-wirtschaft-fuer-eine-disruption-des-oekonomischen-denkens","status":"publish","type":"product","link":"https:\/\/christophquarch.de\/en\/autor\/shop\/wahre-wirtschaft-fuer-eine-disruption-des-oekonomischen-denkens\/","title":{"rendered":"\u00bbWahre Wirtschaft: F\u00fcr eine Disruption des \u00f6konomischen Denkens\u00ab"},"content":{"rendered":"<section class=\"zusatztext\">\n<div class=\"element-text-standard\" data-marker-container>\n<p>Unse\u00adre Wirt\u00adschaft gr\u00fcn\u00addet auf geis\u00adti\u00adgen Vor\u00adaus\u00adset\u00adzun\u00adgen, die von ihren Agen\u00adten nicht reflek\u00adtiert, son\u00addern unhin\u00adter\u00adfragt \u00fcber\u00adnom\u00admen wer\u00adden. Sie hal\u00adten das in Gel\u00adtung ste\u00adhen\u00adde wirt\u00adschaft\u00adli\u00adche Para\u00addig\u00adma f\u00fcr unab\u00adding\u00adbar wahr und alter\u00adna\u00adtiv\u00adlos. Doch die\u00adser Ein\u00addruck ist ver\u00adh\u00e4ng\u00adnis\u00advoll, weil er die ange\u00adsichts von Kli\u00adma\u00adwan\u00addel, Krie\u00adgen, Sinn\u00adkri\u00adsen und einer schlei\u00adchen\u00adden Ero\u00adsi\u00adon des Gemein\u00adsinns not\u00adwen\u00addi\u00adge Trans\u00adfor\u00adma\u00adti\u00adon der \u00d6ko\u00adno\u00admie ver\u00adhin\u00addert. Das heu\u00adte in Gel\u00adtung ste\u00adhen\u00adde Para\u00addig\u00adma der \u00d6ko\u00adno\u00admie folgt einem Den\u00adken des 18. Jahr\u00adhun\u00adderts. Es deu\u00adtet Wirt\u00adschaft nach Ma\u00df\u00adga\u00adbe einer Maschi\u00adne und redu\u00adziert den Men\u00adschen auf einen Nut\u00adzen\u00adop\u00adti\u00admie\u00adrer, des\u00adsen Lebens\u00adsinn in einer fort\u00adw\u00e4h\u00adren\u00adden Stei\u00adge\u00adrung sei\u00adnes Vor\u00adteils ver\u00ador\u00adtet wird. Die\u00adses Mind\u00adset erweist sich zuneh\u00admend als dys\u00adfunk\u00adtio\u00adnal, und es steht zu bef\u00fcrch\u00adten, dass sei\u00adne Pro\u00adlon\u00adgie\u00adrung in die digi\u00adta\u00adle Wirt\u00adschaft der Zukunft die Her\u00adaus\u00adfor\u00adde\u00adrun\u00adgen des 21. Jahr\u00adhun\u00adderts eher ver\u00adsch\u00e4r\u00adfen als l\u00f6sen wird. Des\u00adhalb votiert das Buch f\u00fcr ein neu\u00ades wirt\u00adschaft\u00adli\u00adches Den\u00adken, das Impul\u00adse aus der vor\u00adneu\u00adzeit\u00adli\u00adchen \u00d6ko\u00adno\u00admie auf\u00adnimmt und f\u00fcr k\u00fcnf\u00adti\u00adge Unter\u00adneh\u00admen auf\u00adbe\u00adrei\u00adtet, deren Leit\u00adme\u00adta\u00adpher nicht mehr die Maschi\u00adne, son\u00addern der Gar\u00adten sein wird: ein Ort des Wachs\u00adtums im Ein\u00adklang mit der Natur und im Dienst mensch\u00adli\u00adcher Leben\u00addig\u00adkeit \u2013 ein Ort der Wert\u00adsch\u00f6p\u00adfung, die nicht durch Man\u00adgel und Bed\u00fcrf\u00adtig\u00adkeit moti\u00adviert ist, son\u00addern aus der F\u00fcl\u00adle einer im anti\u00adken Sin\u00adne ero\u00adti\u00adschen Lei\u00adden\u00adschaft f\u00fcr das&nbsp;Leben.<\/p>\n<\/div>\n<\/section>\n<p><em>J.B. Metz\u00adler Verlag<br>\n\u20ac 24,99 304 Seiten<br>\nISBN-13: 978\u20133662727416<br>\nerscheint Anfang M\u00e4rz&nbsp;2026<\/em><\/p>\n<p><a href=\"https:\/\/link.springer.com\/book\/9783662727416#about-this-book\">Infos zum&nbsp;Buch<\/a><\/p>\n","protected":false},"excerpt":{"rendered":"<p>Die Wirt\u00adschaft denkt nicht, so k\u00f6nn\u00adte man sagen, sie han\u00addelt. Um ein hei\u00df\u00adge\u00adlau\u00adfe\u00adnes Wirt\u00adschafts\u00adsys\u00adtem zu \u00e4ndern, muss man die Denk\u00adstruk\u00adtur erken\u00adnen, die nur ge\u00e4n\u00addert wer\u00adden k\u00f6n\u00adnen, wenn man sie sich bewusst macht.<\/p>\n<p>&nbsp;<\/p>\n<p>&nbsp;<\/p>\n<p>&nbsp;<\/p>\n<p>&nbsp; <\/p>\n<p class=\"read-more-button-container\"><a class=\"button\" href=\"https:\/\/christophquarch.de\/en\/autor\/shop\/wahre-wirtschaft-fuer-eine-disruption-des-oekonomischen-denkens\/\">Read more<\/a><\/p>\n","protected":false},"featured_media":13029,"template":"","meta":{"_acf_changed":false,"wp_typography_post_enhancements_disabled":false},"product_brand":[],"product_cat":[17],"product_tag":[940,1654,1656,1657,737,1469,736,1653,1655,1511,1510],"class_list":{"0":"post-13035","1":"product","2":"type-product","3":"status-publish","4":"has-post-thumbnail","6":"product_cat-buecher-essays-signiert","7":"product_tag-christophquarch","8":"product_tag-anders-wirtschaften","9":"product_tag-businessbuch","10":"product_tag-businessphilosophie","11":"product_tag-denken","12":"product_tag-philosoph-quarch","13":"product_tag-philosophie","14":"product_tag-wirtschaft-verstehen","15":"product_tag-wirtschaften","16":"product_tag-wirtschaftsphilosophie","17":"product_tag-wirtschaftswandel","18":"product_shipping_class-buecherversand","19":"resize-featured-image","21":"first","22":"onbackorder","23":"taxable","24":"shipping-taxable","25":"purchasable","26":"product-type-simple"},"acf":[],"yoast_head":"<!-- This site is optimized with the Yoast SEO plugin v27.4 - https:\/\/yoast.com\/product\/yoast-seo-wordpress\/ -->\n<title>\u00bbWahre Wirtschaft: F\u00fcr eine Disruption des \u00f6konomischen Denkens\u00ab &#8211; Dr. phil. Christoph Quarch<\/title>\n<meta name=\"description\" content=\"Die Wirtschaft denkt nicht, so k\u00f6nnte man sagen, sie handelt. Um ein hei\u00dfgelaufenes Wirtschaftssystem zu \u00e4ndern, muss man die Denkstruktur erkennen.\" \/>\n<meta name=\"robots\" content=\"index, follow, max-snippet:-1, max-image-preview:large, max-video-preview:-1\" \/>\n<link rel=\"canonical\" href=\"https:\/\/christophquarch.de\/autor\/shop\/wahre-wirtschaft-fuer-eine-disruption-des-oekonomischen-denkens\/\" \/>\n<meta property=\"og:locale\" content=\"en_US\" \/>\n<meta property=\"og:type\" content=\"article\" \/>\n<meta property=\"og:title\" content=\"\u00bbWahre Wirtschaft: F\u00fcr eine Disruption des \u00f6konomischen Denkens\u00ab &#8211; Dr. phil. Christoph Quarch\" \/>\n<meta property=\"og:description\" content=\"Die Wirtschaft denkt nicht, so k\u00f6nnte man sagen, sie handelt. Um ein hei\u00dfgelaufenes Wirtschaftssystem zu \u00e4ndern, muss man die Denkstruktur erkennen.\" \/>\n<meta property=\"og:url\" content=\"https:\/\/christophquarch.de\/autor\/shop\/wahre-wirtschaft-fuer-eine-disruption-des-oekonomischen-denkens\/\" \/>\n<meta property=\"og:site_name\" content=\"Dr. phil. Christoph Quarch\" \/>\n<meta property=\"article:publisher\" content=\"https:\/\/www.facebook.com\/christophquarch\" \/>\n<meta property=\"article:modified_time\" content=\"2026-03-02T07:04:01+00:00\" \/>\n<meta property=\"og:image\" content=\"https:\/\/christophquarch.de\/wp-content\/uploads\/2026\/01\/Cover-9783662727416.jpg\" \/>\n\t<meta property=\"og:image:width\" content=\"827\" \/>\n\t<meta property=\"og:image:height\" content=\"1162\" \/>\n\t<meta property=\"og:image:type\" content=\"image\/jpeg\" \/>\n<meta name=\"twitter:card\" content=\"summary_large_image\" \/>\n<meta name=\"twitter:label1\" content=\"Est. reading time\" \/>\n\t<meta name=\"twitter:data1\" content=\"2 minutes\" \/>\n<script type=\"application\/ld+json\" class=\"yoast-schema-graph\">{\"@context\":\"https:\\\/\\\/schema.org\",\"@graph\":[{\"@type\":\"WebPage\",\"@id\":\"https:\\\/\\\/christophquarch.de\\\/autor\\\/shop\\\/wahre-wirtschaft-fuer-eine-disruption-des-oekonomischen-denkens\\\/\",\"url\":\"https:\\\/\\\/christophquarch.de\\\/autor\\\/shop\\\/wahre-wirtschaft-fuer-eine-disruption-des-oekonomischen-denkens\\\/\",\"name\":\"\u00bbWahre Wirtschaft: F\u00fcr eine Disruption des \u00f6konomischen Denkens\u00ab &#8211; Dr. phil. Christoph Quarch\",\"isPartOf\":{\"@id\":\"https:\\\/\\\/christophquarch.de\\\/#website\"},\"primaryImageOfPage\":{\"@id\":\"https:\\\/\\\/christophquarch.de\\\/autor\\\/shop\\\/wahre-wirtschaft-fuer-eine-disruption-des-oekonomischen-denkens\\\/#primaryimage\"},\"image\":{\"@id\":\"https:\\\/\\\/christophquarch.de\\\/autor\\\/shop\\\/wahre-wirtschaft-fuer-eine-disruption-des-oekonomischen-denkens\\\/#primaryimage\"},\"thumbnailUrl\":\"https:\\\/\\\/christophquarch.de\\\/wp-content\\\/uploads\\\/2026\\\/01\\\/Cover-9783662727416.jpg\",\"datePublished\":\"2026-01-28T14:41:45+00:00\",\"dateModified\":\"2026-03-02T07:04:01+00:00\",\"description\":\"Die Wirtschaft denkt nicht, so k\u00f6nnte man sagen, sie handelt. Um ein hei\u00dfgelaufenes Wirtschaftssystem zu \u00e4ndern, muss man die Denkstruktur erkennen.\",\"breadcrumb\":{\"@id\":\"https:\\\/\\\/christophquarch.de\\\/autor\\\/shop\\\/wahre-wirtschaft-fuer-eine-disruption-des-oekonomischen-denkens\\\/#breadcrumb\"},\"inLanguage\":\"en-US\",\"potentialAction\":[{\"@type\":\"ReadAction\",\"target\":[\"https:\\\/\\\/christophquarch.de\\\/autor\\\/shop\\\/wahre-wirtschaft-fuer-eine-disruption-des-oekonomischen-denkens\\\/\"]}]},{\"@type\":\"ImageObject\",\"inLanguage\":\"en-US\",\"@id\":\"https:\\\/\\\/christophquarch.de\\\/autor\\\/shop\\\/wahre-wirtschaft-fuer-eine-disruption-des-oekonomischen-denkens\\\/#primaryimage\",\"url\":\"https:\\\/\\\/christophquarch.de\\\/wp-content\\\/uploads\\\/2026\\\/01\\\/Cover-9783662727416.jpg\",\"contentUrl\":\"https:\\\/\\\/christophquarch.de\\\/wp-content\\\/uploads\\\/2026\\\/01\\\/Cover-9783662727416.jpg\",\"width\":827,\"height\":1162},{\"@type\":\"BreadcrumbList\",\"@id\":\"https:\\\/\\\/christophquarch.de\\\/autor\\\/shop\\\/wahre-wirtschaft-fuer-eine-disruption-des-oekonomischen-denkens\\\/#breadcrumb\",\"itemListElement\":[{\"@type\":\"ListItem\",\"position\":1,\"name\":\"Startseite\",\"item\":\"https:\\\/\\\/christophquarch.de\\\/en\\\/\"},{\"@type\":\"ListItem\",\"position\":2,\"name\":\"Shop\",\"item\":\"https:\\\/\\\/christophquarch.de\\\/en\\\/author\\\/shop\\\/\"},{\"@type\":\"ListItem\",\"position\":3,\"name\":\"\u00bbWahre Wirtschaft: F\u00fcr eine Disruption des \u00f6konomischen Denkens\u00ab\"}]},{\"@type\":\"WebSite\",\"@id\":\"https:\\\/\\\/christophquarch.de\\\/#website\",\"url\":\"https:\\\/\\\/christophquarch.de\\\/\",\"name\":\"Philosoph Christoph Quarch\",\"description\":\"Philosoph Autor Redner Denkbegleiter\",\"publisher\":{\"@id\":\"https:\\\/\\\/christophquarch.de\\\/#organization\"},\"potentialAction\":[{\"@type\":\"SearchAction\",\"target\":{\"@type\":\"EntryPoint\",\"urlTemplate\":\"https:\\\/\\\/christophquarch.de\\\/?s={search_term_string}\"},\"query-input\":{\"@type\":\"PropertyValueSpecification\",\"valueRequired\":true,\"valueName\":\"search_term_string\"}}],\"inLanguage\":\"en-US\"},{\"@type\":\"Organization\",\"@id\":\"https:\\\/\\\/christophquarch.de\\\/#organization\",\"name\":\"Philosoph Christoph Quarch\",\"url\":\"https:\\\/\\\/christophquarch.de\\\/\",\"logo\":{\"@type\":\"ImageObject\",\"inLanguage\":\"en-US\",\"@id\":\"https:\\\/\\\/christophquarch.de\\\/#\\\/schema\\\/logo\\\/image\\\/\",\"url\":\"https:\\\/\\\/christophquarch.de\\\/wp-content\\\/uploads\\\/2023\\\/07\\\/christoph-quarch-logo.svg\",\"contentUrl\":\"https:\\\/\\\/christophquarch.de\\\/wp-content\\\/uploads\\\/2023\\\/07\\\/christoph-quarch-logo.svg\",\"width\":662,\"height\":45,\"caption\":\"Philosoph Christoph Quarch\"},\"image\":{\"@id\":\"https:\\\/\\\/christophquarch.de\\\/#\\\/schema\\\/logo\\\/image\\\/\"},\"sameAs\":[\"https:\\\/\\\/www.facebook.com\\\/christophquarch\",\"https:\\\/\\\/www.instagram.com\\\/christophquarch\\\/\",\"https:\\\/\\\/www.linkedin.com\\\/in\\\/dr-phil-christoph-quarch-76a46a33\\\/\",\"https:\\\/\\\/www.youtube.com\\\/channel\\\/UCyFpe-vAt0JCZ7OKe2KPTaw\"]}]}<\/script>\n<!-- \/ Yoast SEO plugin. -->","yoast_head_json":{"title":"\u00bbWahre Wirtschaft: F\u00fcr eine Disruption des \u00f6konomischen Denkens\u00ab &#8211; Dr. phil. Christoph Quarch","description":"Die Wirtschaft denkt nicht, so k\u00f6nnte man sagen, sie handelt. Um ein hei\u00dfgelaufenes Wirtschaftssystem zu \u00e4ndern, muss man die Denkstruktur erkennen.","robots":{"index":"index","follow":"follow","max-snippet":"max-snippet:-1","max-image-preview":"max-image-preview:large","max-video-preview":"max-video-preview:-1"},"canonical":"https:\/\/christophquarch.de\/autor\/shop\/wahre-wirtschaft-fuer-eine-disruption-des-oekonomischen-denkens\/","og_locale":"en_US","og_type":"article","og_title":"\u00bbWahre Wirtschaft: F\u00fcr eine Disruption des \u00f6konomischen Denkens\u00ab &#8211; Dr. phil. Christoph Quarch","og_description":"Die Wirtschaft denkt nicht, so k\u00f6nnte man sagen, sie handelt. Um ein hei\u00dfgelaufenes Wirtschaftssystem zu \u00e4ndern, muss man die Denkstruktur erkennen.","og_url":"https:\/\/christophquarch.de\/autor\/shop\/wahre-wirtschaft-fuer-eine-disruption-des-oekonomischen-denkens\/","og_site_name":"Dr. phil. Christoph Quarch","article_publisher":"https:\/\/www.facebook.com\/christophquarch","article_modified_time":"2026-03-02T07:04:01+00:00","og_image":[{"width":827,"height":1162,"url":"https:\/\/christophquarch.de\/wp-content\/uploads\/2026\/01\/Cover-9783662727416.jpg","type":"image\/jpeg"}],"twitter_card":"summary_large_image","twitter_misc":{"Est. reading time":"2 minutes"},"schema":{"@context":"https:\/\/schema.org","@graph":[{"@type":"WebPage","@id":"https:\/\/christophquarch.de\/autor\/shop\/wahre-wirtschaft-fuer-eine-disruption-des-oekonomischen-denkens\/","url":"https:\/\/christophquarch.de\/autor\/shop\/wahre-wirtschaft-fuer-eine-disruption-des-oekonomischen-denkens\/","name":"\u00bbWahre Wirtschaft: F\u00fcr eine Disruption des \u00f6konomischen Denkens\u00ab &#8211; Dr. phil. Christoph Quarch","isPartOf":{"@id":"https:\/\/christophquarch.de\/#website"},"primaryImageOfPage":{"@id":"https:\/\/christophquarch.de\/autor\/shop\/wahre-wirtschaft-fuer-eine-disruption-des-oekonomischen-denkens\/#primaryimage"},"image":{"@id":"https:\/\/christophquarch.de\/autor\/shop\/wahre-wirtschaft-fuer-eine-disruption-des-oekonomischen-denkens\/#primaryimage"},"thumbnailUrl":"https:\/\/christophquarch.de\/wp-content\/uploads\/2026\/01\/Cover-9783662727416.jpg","datePublished":"2026-01-28T14:41:45+00:00","dateModified":"2026-03-02T07:04:01+00:00","description":"Die Wirtschaft denkt nicht, so k\u00f6nnte man sagen, sie handelt. Um ein hei\u00dfgelaufenes Wirtschaftssystem zu \u00e4ndern, muss man die Denkstruktur erkennen.","breadcrumb":{"@id":"https:\/\/christophquarch.de\/autor\/shop\/wahre-wirtschaft-fuer-eine-disruption-des-oekonomischen-denkens\/#breadcrumb"},"inLanguage":"en-US","potentialAction":[{"@type":"ReadAction","target":["https:\/\/christophquarch.de\/autor\/shop\/wahre-wirtschaft-fuer-eine-disruption-des-oekonomischen-denkens\/"]}]},{"@type":"ImageObject","inLanguage":"en-US","@id":"https:\/\/christophquarch.de\/autor\/shop\/wahre-wirtschaft-fuer-eine-disruption-des-oekonomischen-denkens\/#primaryimage","url":"https:\/\/christophquarch.de\/wp-content\/uploads\/2026\/01\/Cover-9783662727416.jpg","contentUrl":"https:\/\/christophquarch.de\/wp-content\/uploads\/2026\/01\/Cover-9783662727416.jpg","width":827,"height":1162},{"@type":"BreadcrumbList","@id":"https:\/\/christophquarch.de\/autor\/shop\/wahre-wirtschaft-fuer-eine-disruption-des-oekonomischen-denkens\/#breadcrumb","itemListElement":[{"@type":"ListItem","position":1,"name":"Startseite","item":"https:\/\/christophquarch.de\/en\/"},{"@type":"ListItem","position":2,"name":"Shop","item":"https:\/\/christophquarch.de\/en\/author\/shop\/"},{"@type":"ListItem","position":3,"name":"\u00bbWahre Wirtschaft: F\u00fcr eine Disruption des \u00f6konomischen Denkens\u00ab"}]},{"@type":"WebSite","@id":"https:\/\/christophquarch.de\/#website","url":"https:\/\/christophquarch.de\/","name":"Philosoph Christoph Quarch","description":"Philosoph Autor Redner Denkbegleiter","publisher":{"@id":"https:\/\/christophquarch.de\/#organization"},"potentialAction":[{"@type":"SearchAction","target":{"@type":"EntryPoint","urlTemplate":"https:\/\/christophquarch.de\/?s={search_term_string}"},"query-input":{"@type":"PropertyValueSpecification","valueRequired":true,"valueName":"search_term_string"}}],"inLanguage":"en-US"},{"@type":"Organization","@id":"https:\/\/christophquarch.de\/#organization","name":"Philosoph Christoph Quarch","url":"https:\/\/christophquarch.de\/","logo":{"@type":"ImageObject","inLanguage":"en-US","@id":"https:\/\/christophquarch.de\/#\/schema\/logo\/image\/","url":"https:\/\/christophquarch.de\/wp-content\/uploads\/2023\/07\/christoph-quarch-logo.svg","contentUrl":"https:\/\/christophquarch.de\/wp-content\/uploads\/2023\/07\/christoph-quarch-logo.svg","width":662,"height":45,"caption":"Philosoph Christoph Quarch"},"image":{"@id":"https:\/\/christophquarch.de\/#\/schema\/logo\/image\/"},"sameAs":["https:\/\/www.facebook.com\/christophquarch","https:\/\/www.instagram.com\/christophquarch\/","https:\/\/www.linkedin.com\/in\/dr-phil-christoph-quarch-76a46a33\/","https:\/\/www.youtube.com\/channel\/UCyFpe-vAt0JCZ7OKe2KPTaw"]}]}},"_links":{"self":[{"href":"https:\/\/christophquarch.de\/en\/wp-json\/wp\/v2\/product\/13035","targetHints":{"allow":["GET"]}}],"collection":[{"href":"https:\/\/christophquarch.de\/en\/wp-json\/wp\/v2\/product"}],"about":[{"href":"https:\/\/christophquarch.de\/en\/wp-json\/wp\/v2\/types\/product"}],"wp:featuredmedia":[{"embeddable":true,"href":"https:\/\/christophquarch.de\/en\/wp-json\/wp\/v2\/media\/13029"}],"wp:attachment":[{"href":"https:\/\/christophquarch.de\/en\/wp-json\/wp\/v2\/media?parent=13035"}],"wp:term":[{"taxonomy":"product_brand","embeddable":true,"href":"https:\/\/christophquarch.de\/en\/wp-json\/wp\/v2\/product_brand?post=13035"},{"taxonomy":"product_cat","embeddable":true,"href":"https:\/\/christophquarch.de\/en\/wp-json\/wp\/v2\/product_cat?post=13035"},{"taxonomy":"product_tag","embeddable":true,"href":"https:\/\/christophquarch.de\/en\/wp-json\/wp\/v2\/product_tag?post=13035"}],"curies":[{"name":"wp","href":"https:\/\/api.w.org\/{rel}","templated":true}]}}