{"id":12516,"date":"2024-08-23T12:48:51","date_gmt":"2024-08-23T10:48:51","guid":{"rendered":"https:\/\/christophquarch.de\/?post_type=product&#038;p=12516"},"modified":"2026-03-24T17:33:12","modified_gmt":"2026-03-24T16:33:12","slug":"wacher-geist-und-fester-schritt-the-donkey-school-for-leadership","status":"publish","type":"product","link":"https:\/\/christophquarch.de\/en\/autor\/shop\/wacher-geist-und-fester-schritt-the-donkey-school-for-leadership\/","title":{"rendered":"\u00bbWacher Geist und fester Schritt \u2013 The Donkey School for Leadership\u00ab"},"content":{"rendered":"<section class=\"zusatztext\">\n<div class=\"element-text-standard\" data-marker-container>\n<p>Ent\u00adde\u00adcke die Weis\u00adheit der Esel in&nbsp;<strong>\u00bbWacher Geist und fes\u00adter Schritt \u2013The Don\u00adkey School for Lea\u00adder\u00adship\u00ab<\/strong> einem ori\u00adgi\u00adnel\u00adlen Rat\u00adge\u00adber, der tief\u00adgr\u00fcn\u00addi\u00adge Ein\u00adbli\u00adcke in F\u00fch\u00adrung und per\u00ads\u00f6n\u00adli\u00adche Ent\u00adwick\u00adlung durch die Meta\u00adpher des Esels bie\u00adtet. Geschrie\u00adben von Chris\u00adtoph Quarch, nach Idee von Chris\u00adti\u00adne Teu\u00adfel und den bezau\u00adbern\u00adden Illus\u00adtra\u00adtio\u00adnen von Mar\u00adtha Quarch, ist die\u00adses Buch ein Schatz an Lek\u00adtio\u00adnen, die von den unschein\u00adbars\u00adten, aber wei\u00adses\u00adten Krea\u00adtu\u00adren stam\u00admen:&nbsp;den Eseln!<\/p>\n<p>F\u00fch\u00adrungs\u00adkr\u00e4f\u00adte mit sehr guten F\u00fch\u00adrungs\u00adqua\u00adli\u00adt\u00e4\u00adten fal\u00adlen nicht ein\u00adfach so vom Him\u00admel, das wis\u00adsen wir alle\u00adsamt gut genug, die wir unter F\u00fch\u00adrungs\u00adkr\u00e4f\u00adten arbei\u00adte\u00adten oder arbei\u00adten, die schlicht wenig oder gar kei\u00adne F\u00fch\u00adrungs\u00adqua\u00adli\u00adt\u00e4\u00adten haben.&nbsp;So haben wir uns Gedan\u00adken gemacht,&nbsp; wie F\u00fch\u00adrungs\u00adqua\u00adli\u00adt\u00e4\u00adten zuerst erlernt und dann auch noch ein\u00adge\u00ad\u00fcbt wer\u00adden k\u00f6n\u00adnen und wer daf\u00fcr als Vor\u00adbild die\u00adnen kann. Letzt\u00adend\u00adlich kamen wir auf Esel und Ese\u00adl\u00adin\u00adnen und deren Geschich\u00adten.&nbsp; Die\u00adse beschrei\u00adben F\u00fch\u00adrungs\u00adqua\u00adli\u00adt\u00e4\u00adten, die jede gute F\u00fch\u00adrungs\u00adkraft heu\u00adte braucht.<\/p>\n<\/div>\n<\/section>\n<p><strong>Zwan\u00adzig zeit\u00adlo\u00adse Lek\u00adtio\u00adnen:&nbsp;<\/strong>Das Buch ist um zwan\u00adzig Schl\u00fcs\u00adsel\u00adqua\u00adli\u00adt\u00e4\u00adten struk\u00adtu\u00adriert, die jeweils von einem ber\u00fchm\u00adten Esel aus Lite\u00adra\u00adtur, Mytho\u00adlo\u00adgie oder Geschich\u00adte ver\u00adk\u00f6r\u00adpert wer\u00adden. Von der Beharr\u00adlich\u00adkeit Gri\u00adbouilles bis zur Demut des Esels von Jesus: Jedes Kapi\u00adtel beleuch\u00adtet eine spe\u00adzi\u00adfi\u00adsche Eigen\u00adschaft, die dei\u00adne F\u00fch\u00adrungs\u00adf\u00e4\u00adhig\u00adkei\u00adten und dein per\u00ads\u00f6n\u00adli\u00adches Wachs\u00adtum ver\u00adbes\u00adsern&nbsp;kann.<\/p>\n<p><strong>Reich\u00adhal\u00adti\u00adges Erz\u00e4h\u00adlun\u00adgen:&nbsp;<\/strong>Jede Lek\u00adti\u00adon wird von einer fes\u00adseln\u00adden Geschich\u00adte beglei\u00adtet, die die Esel und ihre Eigen\u00adschaf\u00adten leben\u00addig wer\u00adden l\u00e4sst. Du begeg\u00adnest Cha\u00adrak\u00adte\u00adren wie Sher\u00adman, dem ren\u00adnen\u00adden Esel aus Chris\u00adto\u00adpher McDou\u00adgalls Geschich\u00adte, und Luci\u00adus, dem gol\u00adde\u00adnen Esel aus Apu\u00adlei\u00adus\u2019 klas\u00adsi\u00adschem&nbsp;Roman.<\/p>\n<p><strong>Prak\u00adti\u00adsche Anwen\u00addun\u00adgen:&nbsp;<\/strong>\u00dcber die Geschich\u00adten hin\u00adaus bie\u00adtet jedes Kapi\u00adtel prak\u00adti\u00adsche Rat\u00adschl\u00e4\u00adge, wie du die\u00adse ese\u00adlin\u00adspi\u00adrier\u00adten Eigen\u00adschaf\u00adten im All\u00adtag und in dei\u00adner F\u00fch\u00adrungs\u00adrol\u00adle anwen\u00adden kannst. Das Buch ermu\u00adtigt dich dazu, Eigen\u00adschaf\u00adten wie Anpas\u00adsungs\u00adf\u00e4\u00adhig\u00adkeit, Wider\u00adstands\u00adf\u00e4\u00adhig\u00adkeit und Gro\u00df\u00adz\u00fc\u00adgig\u00adkeit zu \u00fcber\u00adneh\u00admen und so einen F\u00fch\u00adrungs\u00adstil zu ent\u00adwi\u00adckeln, der sowohl effek\u00adtiv als auch mit\u00adf\u00fch\u00adlend&nbsp;ist.<\/p>\n<p><strong>Wun\u00adder\u00adsch\u00f6\u00adne Illus\u00adtra\u00adtio\u00adnen:&nbsp;<\/strong>Die lie\u00adbe\u00advol\u00adlen Illus\u00adtra\u00adtio\u00adnen von Mar\u00adtha Quarch ver\u00adlei\u00adhen dem Buch visu\u00adel\u00adlen Charme und machen die Geschich\u00adten und Lek\u00adtio\u00adnen noch fes\u00adseln\u00adder. Die Kunst\u00adwer\u00adke erg\u00e4n\u00adzen den Text per\u00adfekt und bie\u00adten eine visu\u00adel\u00adle Dar\u00adstel\u00adlung der ein\u00adzig\u00adar\u00adti\u00adgen Per\u00ads\u00f6n\u00adlich\u00adkeit jedes Esels und der Weis\u00adheit, die sie vermitteln.<\/p>\n<p><strong>Phi\u00adlo\u00adso\u00adphi\u00adsche Ein\u00adsich\u00adten:&nbsp;<\/strong>Ver\u00adfasst von dem Busi\u00adness-Phi\u00adlo\u00adso\u00adphen Chris\u00adtoph Quarch, bie\u00adtet das Buch erfah\u00adrungs\u00adge\u00ads\u00e4t\u00adtig\u00adte phi\u00adlo\u00adso\u00adphi\u00adsche Refle\u00adxio\u00adnen \u00fcber F\u00fch\u00adrung und mensch\u00adli\u00adche Natur. Es for\u00addert dich dazu her\u00adaus, kon\u00adven\u00adtio\u00adnel\u00adle Ansich\u00adten zu \u00fcber\u00adden\u00adken und einen acht\u00adsa\u00adme\u00adren und mensch\u00adli\u00adche\u00adren Ansatz bei der F\u00fch\u00adrung ande\u00adrer zu f\u00f6rdern.<\/p>\n<p><strong>Inspi\u00adrie\u00adren\u00addes Vor\u00adwort:&nbsp;<\/strong>Das Vor\u00adwort setzt den Ton des Buches und hebt die Intel\u00adli\u00adgenz und St\u00e4r\u00adke der Esel sowie deren oft miss\u00adver\u00adstan\u00adde\u00adne Natur her\u00advor. Es l\u00e4dt dich dazu ein, dei\u00adne Wahr\u00adneh\u00admun\u00adgen zu \u00fcber\u00adden\u00adken und von dem beschei\u00adde\u00adnen, aber wei\u00adsen Esel zu lernen.<\/p>\n<p>Ide\u00adal&nbsp;f\u00fcr:<br>\n\u2022 F\u00fch\u00adrungs\u00adkr\u00e4f\u00adte und Mana\u00adger, die nach neu\u00aden und bedeu\u00adtungs\u00advol\u00adlen Per\u00adspek\u00adti\u00adven auf F\u00fch\u00adrung suchen.<br>\n\u2022 Men\u00adschen, die sich f\u00fcr Phi\u00adlo\u00adso\u00adphie, per\u00ads\u00f6n\u00adli\u00adche Ent\u00adwick\u00adlung und die Weis\u00adheit der Tie\u00adre interessieren.<br>\n\u2022 Alle, die ihr Leben durch die \u00dcber\u00adnah\u00adme wert\u00advol\u00adler Eigen\u00adschaf\u00adten wie Geduld, Acht\u00adsam\u00adkeit und Empa\u00adthie ver\u00adbes\u00adsern m\u00f6chten.<\/p>\n<p>War\u00adum die\u00adses&nbsp;Buch?<br>\n\u00bbWacher Geist und fes\u00adter Schritt\u00ab ist nicht nur ein Buch \u00fcber Esel; es ist eine tief\u00adgr\u00fcn\u00addi\u00adge Erkun\u00addung des\u00adsen, was es bedeu\u00adtet, mit Weis\u00adheit und Mit\u00adge\u00adf\u00fchl zu f\u00fch\u00adren. Es bie\u00adtet eine ein\u00adzig\u00adar\u00adti\u00adge Mischung aus Erz\u00e4hl\u00adkunst, prak\u00adti\u00adschen Rat\u00adschl\u00e4\u00adgen und phi\u00adlo\u00adso\u00adphi\u00adschen Ein\u00adsich\u00adten und macht es zu einer Pflicht\u00adlek\u00adt\u00fc\u00adre f\u00fcr alle, die ihre F\u00fch\u00adrungs\u00adf\u00e4\u00adhig\u00adkei\u00adten und ihr per\u00ads\u00f6n\u00adli\u00adches Wachs\u00adtum ver\u00adbes\u00adsern m\u00f6ch\u00adten. Nimm die Weis\u00adheit der Esel an und f\u00fch\u00adre mit einem \u00bbwachen Geist und fes\u00adten Schritt\u00ab.<\/p>\n<p><strong>Kei\u00adner braucht im Busi\u00adness das L\u00f6wen\u00adge\u00adbr\u00fcll von ego\u00adzen\u00adtri\u00adschen und somit unf\u00e4\u00adhi\u00adgen F\u00fch\u00adrungs\u00adkr\u00e4f\u00adten. Um heu\u00adte eine gute F\u00fch\u00adrungs\u00adkraft zu sein, bedarf es der Qua\u00adli\u00adt\u00e4\u00adten, die Esel und Ese\u00adl\u00adin\u00adnen aus\u00adpr\u00e4\u00adgen. Neh\u00admen wir uns an ihnen ein Vor\u00adbild und f\u00fch\u00adren von Achtsamt\u00adkeit bis Zuge\u00adh\u00f6\u00adrig\u00adkeit in 20 boden\u00adst\u00e4n\u00addi\u00adgen F\u00fchrungsqualit\u00e4ten.&nbsp;<\/strong><\/p>\n<p><em>Gebun\u00adde\u00adne zwei\u00adfar\u00adbi\u00adge Aus\u00adga\u00adbe mit 20 wun\u00adder\u00adsch\u00f6\u00adne Illustrationen<br>\n18,90 \u20ac (D) (kein Ver\u00adsand au\u00dfer\u00adhalb Deutsch\u00adlands \u2013 bit\u00adte wen\u00addet euch an den orts\u00adan\u00ads\u00e4s\u00adsi\u00adgen Buchhandel)<\/em><br>\n<em>ISBN-13: <span class=\"a-text-bold\"> 978\u20133\u201194820\u2013614\u20117<br>\nlegen\u00addaQ Verlag<\/span><\/em><\/p>\n<p><a href=\"https:\/\/www.book2look.com\/book\/h6ij7nltyf\">Lese\u00adpro\u00adbe-Link!<\/a><\/p>\n","protected":false},"excerpt":{"rendered":"<p><strong>The Don\u00adkey School of Lea\u00adder\u00adship f\u00fchrt dich in 20 Esels\u00adbr\u00fc\u00adcken zur Meis\u00adter\u00adschaft in der F\u00fchrungskunst.<\/strong><\/p>\n<p>&nbsp;<\/p>\n<p>&nbsp;<\/p>\n<p>&nbsp; <\/p>\n<p class=\"read-more-button-container\"><a class=\"button\" href=\"https:\/\/christophquarch.de\/en\/autor\/shop\/wacher-geist-und-fester-schritt-the-donkey-school-for-leadership\/\">Read more<\/a><\/p>\n","protected":false},"featured_media":12517,"template":"","meta":{"_acf_changed":false,"wp_typography_post_enhancements_disabled":false},"product_brand":[],"product_cat":[17],"product_tag":[940,737,1571,1572,1568,1569,1575,1577,1570,1558,1576,1574,1469,736,1573],"class_list":{"0":"post-12516","1":"product","2":"type-product","3":"status-publish","4":"has-post-thumbnail","6":"product_cat-buecher-essays-signiert","7":"product_tag-christophquarch","8":"product_tag-denken","9":"product_tag-donkeyschool-for-leadership","10":"product_tag-fuehrung-lernen","11":"product_tag-fuehrungskraft","12":"product_tag-fuehrungskraefte-weiterbildung","13":"product_tag-hr","14":"product_tag-illustrationen-martha-quarch","15":"product_tag-leadership","16":"product_tag-lebenskunst","17":"product_tag-martha-quarch","18":"product_tag-personalfuehrung","19":"product_tag-philosoph-quarch","20":"product_tag-philosophie","21":"product_tag-weiterbildung-fuehrung","22":"product_shipping_class-buecherversand","23":"resize-featured-image","25":"first","26":"instock","27":"taxable","28":"shipping-taxable","29":"purchasable","30":"product-type-simple"},"acf":[],"yoast_head":"<!-- This site is optimized with the Yoast SEO plugin v27.3 - https:\/\/yoast.com\/product\/yoast-seo-wordpress\/ -->\n<title>\u00bbWacher Geist und fester Schritt - The Donkey School for Leadership\u00ab &#8211; Dr. phil. Christoph Quarch<\/title>\n<meta name=\"description\" content=\"Das Buch f\u00fcr F\u00fchrungskr\u00e4fte, das eing\u00e4ngig, verst\u00e4ndlich und sch\u00f6n die 20 wichtigsten F\u00fchrungsqualit\u00e4ten anhand von Eselsgeschichten erkl\u00e4rt.\" \/>\n<meta name=\"robots\" content=\"index, follow, max-snippet:-1, max-image-preview:large, max-video-preview:-1\" \/>\n<link rel=\"canonical\" href=\"https:\/\/christophquarch.de\/autor\/shop\/wacher-geist-und-fester-schritt-the-donkey-school-for-leadership\/\" \/>\n<meta property=\"og:locale\" content=\"en_US\" \/>\n<meta property=\"og:type\" content=\"article\" \/>\n<meta property=\"og:title\" content=\"\u00bbWacher Geist und fester Schritt - The Donkey School for Leadership\u00ab &#8211; Dr. phil. Christoph Quarch\" \/>\n<meta property=\"og:description\" content=\"Das Buch f\u00fcr F\u00fchrungskr\u00e4fte, das eing\u00e4ngig, verst\u00e4ndlich und sch\u00f6n die 20 wichtigsten F\u00fchrungsqualit\u00e4ten anhand von Eselsgeschichten erkl\u00e4rt.\" \/>\n<meta property=\"og:url\" content=\"https:\/\/christophquarch.de\/autor\/shop\/wacher-geist-und-fester-schritt-the-donkey-school-for-leadership\/\" \/>\n<meta property=\"og:site_name\" content=\"Dr. phil. Christoph Quarch\" \/>\n<meta property=\"article:publisher\" content=\"https:\/\/www.facebook.com\/christophquarch\" \/>\n<meta property=\"article:modified_time\" content=\"2026-03-24T16:33:12+00:00\" \/>\n<meta property=\"og:image\" content=\"https:\/\/christophquarch.de\/wp-content\/uploads\/2024\/08\/Cover-klein.jpg\" \/>\n\t<meta property=\"og:image:width\" content=\"312\" \/>\n\t<meta property=\"og:image:height\" content=\"445\" \/>\n\t<meta property=\"og:image:type\" content=\"image\/jpeg\" \/>\n<meta name=\"twitter:card\" content=\"summary_large_image\" \/>\n<meta name=\"twitter:label1\" content=\"Est. reading time\" \/>\n\t<meta name=\"twitter:data1\" content=\"4 minutes\" \/>\n<script type=\"application\/ld+json\" class=\"yoast-schema-graph\">{\"@context\":\"https:\\\/\\\/schema.org\",\"@graph\":[{\"@type\":\"WebPage\",\"@id\":\"https:\\\/\\\/christophquarch.de\\\/autor\\\/shop\\\/wacher-geist-und-fester-schritt-the-donkey-school-for-leadership\\\/\",\"url\":\"https:\\\/\\\/christophquarch.de\\\/autor\\\/shop\\\/wacher-geist-und-fester-schritt-the-donkey-school-for-leadership\\\/\",\"name\":\"\u00bbWacher Geist und fester Schritt - The Donkey School for Leadership\u00ab &#8211; Dr. phil. Christoph Quarch\",\"isPartOf\":{\"@id\":\"https:\\\/\\\/christophquarch.de\\\/#website\"},\"primaryImageOfPage\":{\"@id\":\"https:\\\/\\\/christophquarch.de\\\/autor\\\/shop\\\/wacher-geist-und-fester-schritt-the-donkey-school-for-leadership\\\/#primaryimage\"},\"image\":{\"@id\":\"https:\\\/\\\/christophquarch.de\\\/autor\\\/shop\\\/wacher-geist-und-fester-schritt-the-donkey-school-for-leadership\\\/#primaryimage\"},\"thumbnailUrl\":\"https:\\\/\\\/christophquarch.de\\\/wp-content\\\/uploads\\\/2024\\\/08\\\/Cover-klein.jpg\",\"datePublished\":\"2024-08-23T10:48:51+00:00\",\"dateModified\":\"2026-03-24T16:33:12+00:00\",\"description\":\"Das Buch f\u00fcr F\u00fchrungskr\u00e4fte, das eing\u00e4ngig, verst\u00e4ndlich und sch\u00f6n die 20 wichtigsten F\u00fchrungsqualit\u00e4ten anhand von Eselsgeschichten erkl\u00e4rt.\",\"breadcrumb\":{\"@id\":\"https:\\\/\\\/christophquarch.de\\\/autor\\\/shop\\\/wacher-geist-und-fester-schritt-the-donkey-school-for-leadership\\\/#breadcrumb\"},\"inLanguage\":\"en-US\",\"potentialAction\":[{\"@type\":\"ReadAction\",\"target\":[\"https:\\\/\\\/christophquarch.de\\\/autor\\\/shop\\\/wacher-geist-und-fester-schritt-the-donkey-school-for-leadership\\\/\"]}]},{\"@type\":\"ImageObject\",\"inLanguage\":\"en-US\",\"@id\":\"https:\\\/\\\/christophquarch.de\\\/autor\\\/shop\\\/wacher-geist-und-fester-schritt-the-donkey-school-for-leadership\\\/#primaryimage\",\"url\":\"https:\\\/\\\/christophquarch.de\\\/wp-content\\\/uploads\\\/2024\\\/08\\\/Cover-klein.jpg\",\"contentUrl\":\"https:\\\/\\\/christophquarch.de\\\/wp-content\\\/uploads\\\/2024\\\/08\\\/Cover-klein.jpg\",\"width\":312,\"height\":445},{\"@type\":\"BreadcrumbList\",\"@id\":\"https:\\\/\\\/christophquarch.de\\\/autor\\\/shop\\\/wacher-geist-und-fester-schritt-the-donkey-school-for-leadership\\\/#breadcrumb\",\"itemListElement\":[{\"@type\":\"ListItem\",\"position\":1,\"name\":\"Startseite\",\"item\":\"https:\\\/\\\/christophquarch.de\\\/en\\\/\"},{\"@type\":\"ListItem\",\"position\":2,\"name\":\"Shop\",\"item\":\"https:\\\/\\\/christophquarch.de\\\/en\\\/author\\\/shop\\\/\"},{\"@type\":\"ListItem\",\"position\":3,\"name\":\"\u00bbWacher Geist und fester Schritt &#8211; The Donkey School for Leadership\u00ab\"}]},{\"@type\":\"WebSite\",\"@id\":\"https:\\\/\\\/christophquarch.de\\\/#website\",\"url\":\"https:\\\/\\\/christophquarch.de\\\/\",\"name\":\"Philosoph Christoph Quarch\",\"description\":\"Philosoph Autor Redner Denkbegleiter\",\"publisher\":{\"@id\":\"https:\\\/\\\/christophquarch.de\\\/#organization\"},\"potentialAction\":[{\"@type\":\"SearchAction\",\"target\":{\"@type\":\"EntryPoint\",\"urlTemplate\":\"https:\\\/\\\/christophquarch.de\\\/?s={search_term_string}\"},\"query-input\":{\"@type\":\"PropertyValueSpecification\",\"valueRequired\":true,\"valueName\":\"search_term_string\"}}],\"inLanguage\":\"en-US\"},{\"@type\":\"Organization\",\"@id\":\"https:\\\/\\\/christophquarch.de\\\/#organization\",\"name\":\"Philosoph Christoph Quarch\",\"url\":\"https:\\\/\\\/christophquarch.de\\\/\",\"logo\":{\"@type\":\"ImageObject\",\"inLanguage\":\"en-US\",\"@id\":\"https:\\\/\\\/christophquarch.de\\\/#\\\/schema\\\/logo\\\/image\\\/\",\"url\":\"https:\\\/\\\/christophquarch.de\\\/wp-content\\\/uploads\\\/2023\\\/07\\\/christoph-quarch-logo.svg\",\"contentUrl\":\"https:\\\/\\\/christophquarch.de\\\/wp-content\\\/uploads\\\/2023\\\/07\\\/christoph-quarch-logo.svg\",\"width\":662,\"height\":45,\"caption\":\"Philosoph Christoph Quarch\"},\"image\":{\"@id\":\"https:\\\/\\\/christophquarch.de\\\/#\\\/schema\\\/logo\\\/image\\\/\"},\"sameAs\":[\"https:\\\/\\\/www.facebook.com\\\/christophquarch\",\"https:\\\/\\\/www.instagram.com\\\/christophquarch\\\/\",\"https:\\\/\\\/www.linkedin.com\\\/in\\\/dr-phil-christoph-quarch-76a46a33\\\/\",\"https:\\\/\\\/www.youtube.com\\\/channel\\\/UCyFpe-vAt0JCZ7OKe2KPTaw\"]}]}<\/script>\n<!-- \/ Yoast SEO plugin. -->","yoast_head_json":{"title":"\u00bbWacher Geist und fester Schritt - The Donkey School for Leadership\u00ab &#8211; Dr. phil. Christoph Quarch","description":"Das Buch f\u00fcr F\u00fchrungskr\u00e4fte, das eing\u00e4ngig, verst\u00e4ndlich und sch\u00f6n die 20 wichtigsten F\u00fchrungsqualit\u00e4ten anhand von Eselsgeschichten erkl\u00e4rt.","robots":{"index":"index","follow":"follow","max-snippet":"max-snippet:-1","max-image-preview":"max-image-preview:large","max-video-preview":"max-video-preview:-1"},"canonical":"https:\/\/christophquarch.de\/autor\/shop\/wacher-geist-und-fester-schritt-the-donkey-school-for-leadership\/","og_locale":"en_US","og_type":"article","og_title":"\u00bbWacher Geist und fester Schritt - The Donkey School for Leadership\u00ab &#8211; Dr. phil. Christoph Quarch","og_description":"Das Buch f\u00fcr F\u00fchrungskr\u00e4fte, das eing\u00e4ngig, verst\u00e4ndlich und sch\u00f6n die 20 wichtigsten F\u00fchrungsqualit\u00e4ten anhand von Eselsgeschichten erkl\u00e4rt.","og_url":"https:\/\/christophquarch.de\/autor\/shop\/wacher-geist-und-fester-schritt-the-donkey-school-for-leadership\/","og_site_name":"Dr. phil. Christoph Quarch","article_publisher":"https:\/\/www.facebook.com\/christophquarch","article_modified_time":"2026-03-24T16:33:12+00:00","og_image":[{"width":312,"height":445,"url":"https:\/\/christophquarch.de\/wp-content\/uploads\/2024\/08\/Cover-klein.jpg","type":"image\/jpeg"}],"twitter_card":"summary_large_image","twitter_misc":{"Est. reading time":"4 minutes"},"schema":{"@context":"https:\/\/schema.org","@graph":[{"@type":"WebPage","@id":"https:\/\/christophquarch.de\/autor\/shop\/wacher-geist-und-fester-schritt-the-donkey-school-for-leadership\/","url":"https:\/\/christophquarch.de\/autor\/shop\/wacher-geist-und-fester-schritt-the-donkey-school-for-leadership\/","name":"\u00bbWacher Geist und fester Schritt - The Donkey School for Leadership\u00ab &#8211; Dr. phil. Christoph Quarch","isPartOf":{"@id":"https:\/\/christophquarch.de\/#website"},"primaryImageOfPage":{"@id":"https:\/\/christophquarch.de\/autor\/shop\/wacher-geist-und-fester-schritt-the-donkey-school-for-leadership\/#primaryimage"},"image":{"@id":"https:\/\/christophquarch.de\/autor\/shop\/wacher-geist-und-fester-schritt-the-donkey-school-for-leadership\/#primaryimage"},"thumbnailUrl":"https:\/\/christophquarch.de\/wp-content\/uploads\/2024\/08\/Cover-klein.jpg","datePublished":"2024-08-23T10:48:51+00:00","dateModified":"2026-03-24T16:33:12+00:00","description":"Das Buch f\u00fcr F\u00fchrungskr\u00e4fte, das eing\u00e4ngig, verst\u00e4ndlich und sch\u00f6n die 20 wichtigsten F\u00fchrungsqualit\u00e4ten anhand von Eselsgeschichten erkl\u00e4rt.","breadcrumb":{"@id":"https:\/\/christophquarch.de\/autor\/shop\/wacher-geist-und-fester-schritt-the-donkey-school-for-leadership\/#breadcrumb"},"inLanguage":"en-US","potentialAction":[{"@type":"ReadAction","target":["https:\/\/christophquarch.de\/autor\/shop\/wacher-geist-und-fester-schritt-the-donkey-school-for-leadership\/"]}]},{"@type":"ImageObject","inLanguage":"en-US","@id":"https:\/\/christophquarch.de\/autor\/shop\/wacher-geist-und-fester-schritt-the-donkey-school-for-leadership\/#primaryimage","url":"https:\/\/christophquarch.de\/wp-content\/uploads\/2024\/08\/Cover-klein.jpg","contentUrl":"https:\/\/christophquarch.de\/wp-content\/uploads\/2024\/08\/Cover-klein.jpg","width":312,"height":445},{"@type":"BreadcrumbList","@id":"https:\/\/christophquarch.de\/autor\/shop\/wacher-geist-und-fester-schritt-the-donkey-school-for-leadership\/#breadcrumb","itemListElement":[{"@type":"ListItem","position":1,"name":"Startseite","item":"https:\/\/christophquarch.de\/en\/"},{"@type":"ListItem","position":2,"name":"Shop","item":"https:\/\/christophquarch.de\/en\/author\/shop\/"},{"@type":"ListItem","position":3,"name":"\u00bbWacher Geist und fester Schritt &#8211; The Donkey School for Leadership\u00ab"}]},{"@type":"WebSite","@id":"https:\/\/christophquarch.de\/#website","url":"https:\/\/christophquarch.de\/","name":"Philosoph Christoph Quarch","description":"Philosoph Autor Redner Denkbegleiter","publisher":{"@id":"https:\/\/christophquarch.de\/#organization"},"potentialAction":[{"@type":"SearchAction","target":{"@type":"EntryPoint","urlTemplate":"https:\/\/christophquarch.de\/?s={search_term_string}"},"query-input":{"@type":"PropertyValueSpecification","valueRequired":true,"valueName":"search_term_string"}}],"inLanguage":"en-US"},{"@type":"Organization","@id":"https:\/\/christophquarch.de\/#organization","name":"Philosoph Christoph Quarch","url":"https:\/\/christophquarch.de\/","logo":{"@type":"ImageObject","inLanguage":"en-US","@id":"https:\/\/christophquarch.de\/#\/schema\/logo\/image\/","url":"https:\/\/christophquarch.de\/wp-content\/uploads\/2023\/07\/christoph-quarch-logo.svg","contentUrl":"https:\/\/christophquarch.de\/wp-content\/uploads\/2023\/07\/christoph-quarch-logo.svg","width":662,"height":45,"caption":"Philosoph Christoph Quarch"},"image":{"@id":"https:\/\/christophquarch.de\/#\/schema\/logo\/image\/"},"sameAs":["https:\/\/www.facebook.com\/christophquarch","https:\/\/www.instagram.com\/christophquarch\/","https:\/\/www.linkedin.com\/in\/dr-phil-christoph-quarch-76a46a33\/","https:\/\/www.youtube.com\/channel\/UCyFpe-vAt0JCZ7OKe2KPTaw"]}]}},"_links":{"self":[{"href":"https:\/\/christophquarch.de\/en\/wp-json\/wp\/v2\/product\/12516","targetHints":{"allow":["GET"]}}],"collection":[{"href":"https:\/\/christophquarch.de\/en\/wp-json\/wp\/v2\/product"}],"about":[{"href":"https:\/\/christophquarch.de\/en\/wp-json\/wp\/v2\/types\/product"}],"wp:featuredmedia":[{"embeddable":true,"href":"https:\/\/christophquarch.de\/en\/wp-json\/wp\/v2\/media\/12517"}],"wp:attachment":[{"href":"https:\/\/christophquarch.de\/en\/wp-json\/wp\/v2\/media?parent=12516"}],"wp:term":[{"taxonomy":"product_brand","embeddable":true,"href":"https:\/\/christophquarch.de\/en\/wp-json\/wp\/v2\/product_brand?post=12516"},{"taxonomy":"product_cat","embeddable":true,"href":"https:\/\/christophquarch.de\/en\/wp-json\/wp\/v2\/product_cat?post=12516"},{"taxonomy":"product_tag","embeddable":true,"href":"https:\/\/christophquarch.de\/en\/wp-json\/wp\/v2\/product_tag?post=12516"}],"curies":[{"name":"wp","href":"https:\/\/api.w.org\/{rel}","templated":true}]}}