{"id":12435,"date":"2024-06-07T15:27:07","date_gmt":"2024-06-07T13:27:07","guid":{"rendered":"https:\/\/christophquarch.de\/?post_type=product&#038;p=12435"},"modified":"2025-01-16T23:04:41","modified_gmt":"2025-01-16T22:04:41","slug":"schoenheit-rettet-die-welt","status":"publish","type":"product","link":"https:\/\/christophquarch.de\/en\/autor\/shop\/schoenheit-rettet-die-welt\/","title":{"rendered":"\u00bbSch\u00f6nheit rettet die&nbsp;Welt\u00ab"},"content":{"rendered":"<section class=\"zusatztext\">\n<div class=\"element-text-standard\" data-marker-container>\n<p><strong>\u201eSch\u00f6n\u00adheit ret\u00adtet die Welt\u201d<\/strong><strong>. <\/strong><strong>Die\u00adses Wort Fjo\u00addor Dos\u00adto\u00adjew\u00adskis haben Jan Teu\u00adnen und ich zum Titel unse\u00adres neu\u00aden Buches gemacht. Jans gan\u00adzes Lebens\u00adwerk dreht sich um Sch\u00f6n\u00adheit \u2013 und es ist mir des\u00adhalb ein gro\u00ad\u00dfes Anlie\u00adgen, euch die\u00adses Buch, das ich f\u00fcr ihn geschrie\u00adben habe, vorzustellen.&nbsp;<\/strong><\/p>\n<p><strong>So \u2013 lasst uns die Sch\u00f6n\u00adheit in die Welt brin\u00adgen, wir brau\u00adchen sie alle\u00adsamt als Haupt\u00adgrund\u00adnah\u00adrungs\u00admit\u00adtel f\u00fcr unse\u00adre Seelen.<br>\n<\/strong><strong>signiert von Chris\u00adtoph Quarch<\/strong><strong><br>\n<\/strong><\/p>\n<\/div>\n<\/section>\n<p><em>Gebun\u00adde\u00adne Aus\u00adga\u00adbe \u2013 Sonderdruckfarben<\/em><br>\n<em>376 Sei\u00adten<\/em><br>\n<em>100 \u20ac&nbsp;<\/em><br>\n<em>ISBN-13: <span class=\"a-text-bold\"> 978\u20133\u201195890\u2013589\u20114<\/span><\/em><\/p>\n","protected":false},"excerpt":{"rendered":"<p>Sch\u00f6n\u00adheit ist die See\u00adlen\u00adnah\u00adrung, die man in Kri\u00adsen\u00adzei\u00adten am meis\u00adten ben\u00f6\u00adtigt. Sch\u00f6n\u00adheit tr\u00e4gt, mei\u00adnen Chris\u00adtoph Quarch und Jan Teunen.&nbsp;<\/p>\n<p class=\"read-more-button-container\"><a class=\"button\" href=\"https:\/\/christophquarch.de\/en\/autor\/shop\/schoenheit-rettet-die-welt\/\">Read more<\/a><\/p>\n","protected":false},"featured_media":12436,"template":"","meta":{"_acf_changed":false,"wp_typography_post_enhancements_disabled":false},"product_brand":[],"product_cat":[17],"product_tag":[940,737,1468,1558,739,1557,1469,736,634,1556,635,636,738],"class_list":{"0":"post-12435","1":"product","2":"type-product","3":"status-publish","4":"has-post-thumbnail","6":"product_cat-buecher-essays-signiert","7":"product_tag-christophquarch","8":"product_tag-denken","9":"product_tag-der-club-der-alten-weisen","10":"product_tag-lebenskunst","11":"product_tag-lebenssinn","12":"product_tag-mehr-schoenheit","13":"product_tag-philosoph-quarch","14":"product_tag-philosophie","15":"product_tag-philosophie-des-sinns","16":"product_tag-schoenheit-rettet","17":"product_tag-sinn","18":"product_tag-sinnhaftigkeit","19":"product_tag-sinnsuche","20":"product_shipping_class-paketversand","21":"resize-featured-image","23":"first","24":"outofstock","25":"taxable","26":"shipping-taxable","27":"purchasable","28":"product-type-simple"},"acf":[],"yoast_head":"<!-- This site is optimized with the Yoast SEO plugin v27.3 - https:\/\/yoast.com\/product\/yoast-seo-wordpress\/ -->\n<title>\u00bbSch\u00f6nheit rettet die Welt\u00ab &#8211; Dr. phil. Christoph Quarch<\/title>\n<meta name=\"description\" content=\"Sch\u00f6nheit ist die Seelennahrung, die man in Krisenzeiten am meisten ben\u00f6tigt. Sch\u00f6nheit tr\u00e4gt, meinen Christoph Quarch und Jan Teunen.\" \/>\n<meta name=\"robots\" content=\"index, follow, max-snippet:-1, max-image-preview:large, max-video-preview:-1\" \/>\n<link rel=\"canonical\" href=\"https:\/\/christophquarch.de\/autor\/shop\/schoenheit-rettet-die-welt\/\" \/>\n<meta property=\"og:locale\" content=\"en_US\" \/>\n<meta property=\"og:type\" content=\"article\" \/>\n<meta property=\"og:title\" content=\"\u00bbSch\u00f6nheit rettet die Welt\u00ab &#8211; Dr. phil. Christoph Quarch\" \/>\n<meta property=\"og:description\" content=\"Sch\u00f6nheit ist die Seelennahrung, die man in Krisenzeiten am meisten ben\u00f6tigt. Sch\u00f6nheit tr\u00e4gt, meinen Christoph Quarch und Jan Teunen.\" \/>\n<meta property=\"og:url\" content=\"https:\/\/christophquarch.de\/autor\/shop\/schoenheit-rettet-die-welt\/\" \/>\n<meta property=\"og:site_name\" content=\"Dr. phil. Christoph Quarch\" \/>\n<meta property=\"article:publisher\" content=\"https:\/\/www.facebook.com\/christophquarch\" \/>\n<meta property=\"article:modified_time\" content=\"2025-01-16T22:04:41+00:00\" \/>\n<meta property=\"og:image\" content=\"https:\/\/christophquarch.de\/wp-content\/uploads\/2024\/06\/Cover-Schoenheit-jpg.jpg\" \/>\n\t<meta property=\"og:image:width\" content=\"1304\" \/>\n\t<meta property=\"og:image:height\" content=\"1647\" \/>\n\t<meta property=\"og:image:type\" content=\"image\/jpeg\" \/>\n<meta name=\"twitter:card\" content=\"summary_large_image\" \/>\n<meta name=\"twitter:label1\" content=\"Est. reading time\" \/>\n\t<meta name=\"twitter:data1\" content=\"1 minute\" \/>\n<script type=\"application\/ld+json\" class=\"yoast-schema-graph\">{\"@context\":\"https:\\\/\\\/schema.org\",\"@graph\":[{\"@type\":\"WebPage\",\"@id\":\"https:\\\/\\\/christophquarch.de\\\/autor\\\/shop\\\/schoenheit-rettet-die-welt\\\/\",\"url\":\"https:\\\/\\\/christophquarch.de\\\/autor\\\/shop\\\/schoenheit-rettet-die-welt\\\/\",\"name\":\"\u00bbSch\u00f6nheit rettet die Welt\u00ab &#8211; Dr. phil. Christoph Quarch\",\"isPartOf\":{\"@id\":\"https:\\\/\\\/christophquarch.de\\\/#website\"},\"primaryImageOfPage\":{\"@id\":\"https:\\\/\\\/christophquarch.de\\\/autor\\\/shop\\\/schoenheit-rettet-die-welt\\\/#primaryimage\"},\"image\":{\"@id\":\"https:\\\/\\\/christophquarch.de\\\/autor\\\/shop\\\/schoenheit-rettet-die-welt\\\/#primaryimage\"},\"thumbnailUrl\":\"https:\\\/\\\/christophquarch.de\\\/wp-content\\\/uploads\\\/2024\\\/06\\\/Cover-Schoenheit-jpg.jpg\",\"datePublished\":\"2024-06-07T13:27:07+00:00\",\"dateModified\":\"2025-01-16T22:04:41+00:00\",\"description\":\"Sch\u00f6nheit ist die Seelennahrung, die man in Krisenzeiten am meisten ben\u00f6tigt. Sch\u00f6nheit tr\u00e4gt, meinen Christoph Quarch und Jan Teunen.\",\"breadcrumb\":{\"@id\":\"https:\\\/\\\/christophquarch.de\\\/autor\\\/shop\\\/schoenheit-rettet-die-welt\\\/#breadcrumb\"},\"inLanguage\":\"en-US\",\"potentialAction\":[{\"@type\":\"ReadAction\",\"target\":[\"https:\\\/\\\/christophquarch.de\\\/autor\\\/shop\\\/schoenheit-rettet-die-welt\\\/\"]}]},{\"@type\":\"ImageObject\",\"inLanguage\":\"en-US\",\"@id\":\"https:\\\/\\\/christophquarch.de\\\/autor\\\/shop\\\/schoenheit-rettet-die-welt\\\/#primaryimage\",\"url\":\"https:\\\/\\\/christophquarch.de\\\/wp-content\\\/uploads\\\/2024\\\/06\\\/Cover-Schoenheit-jpg.jpg\",\"contentUrl\":\"https:\\\/\\\/christophquarch.de\\\/wp-content\\\/uploads\\\/2024\\\/06\\\/Cover-Schoenheit-jpg.jpg\",\"width\":1304,\"height\":1647,\"caption\":\"Ein Buch \u00fcber Sch\u00f6nheit und warum uns diese rettet. Mit mehr als vielen sch\u00f6nen Bildern und sch\u00f6ner Philosophie\"},{\"@type\":\"BreadcrumbList\",\"@id\":\"https:\\\/\\\/christophquarch.de\\\/autor\\\/shop\\\/schoenheit-rettet-die-welt\\\/#breadcrumb\",\"itemListElement\":[{\"@type\":\"ListItem\",\"position\":1,\"name\":\"Startseite\",\"item\":\"https:\\\/\\\/christophquarch.de\\\/en\\\/\"},{\"@type\":\"ListItem\",\"position\":2,\"name\":\"Shop\",\"item\":\"https:\\\/\\\/christophquarch.de\\\/en\\\/author\\\/shop\\\/\"},{\"@type\":\"ListItem\",\"position\":3,\"name\":\"\u00bbSch\u00f6nheit rettet die Welt\u00ab\"}]},{\"@type\":\"WebSite\",\"@id\":\"https:\\\/\\\/christophquarch.de\\\/#website\",\"url\":\"https:\\\/\\\/christophquarch.de\\\/\",\"name\":\"Philosoph Christoph Quarch\",\"description\":\"Philosoph Autor Redner Denkbegleiter\",\"publisher\":{\"@id\":\"https:\\\/\\\/christophquarch.de\\\/#organization\"},\"potentialAction\":[{\"@type\":\"SearchAction\",\"target\":{\"@type\":\"EntryPoint\",\"urlTemplate\":\"https:\\\/\\\/christophquarch.de\\\/?s={search_term_string}\"},\"query-input\":{\"@type\":\"PropertyValueSpecification\",\"valueRequired\":true,\"valueName\":\"search_term_string\"}}],\"inLanguage\":\"en-US\"},{\"@type\":\"Organization\",\"@id\":\"https:\\\/\\\/christophquarch.de\\\/#organization\",\"name\":\"Philosoph Christoph Quarch\",\"url\":\"https:\\\/\\\/christophquarch.de\\\/\",\"logo\":{\"@type\":\"ImageObject\",\"inLanguage\":\"en-US\",\"@id\":\"https:\\\/\\\/christophquarch.de\\\/#\\\/schema\\\/logo\\\/image\\\/\",\"url\":\"https:\\\/\\\/christophquarch.de\\\/wp-content\\\/uploads\\\/2023\\\/07\\\/christoph-quarch-logo.svg\",\"contentUrl\":\"https:\\\/\\\/christophquarch.de\\\/wp-content\\\/uploads\\\/2023\\\/07\\\/christoph-quarch-logo.svg\",\"width\":662,\"height\":45,\"caption\":\"Philosoph Christoph Quarch\"},\"image\":{\"@id\":\"https:\\\/\\\/christophquarch.de\\\/#\\\/schema\\\/logo\\\/image\\\/\"},\"sameAs\":[\"https:\\\/\\\/www.facebook.com\\\/christophquarch\",\"https:\\\/\\\/www.instagram.com\\\/christophquarch\\\/\",\"https:\\\/\\\/www.linkedin.com\\\/in\\\/dr-phil-christoph-quarch-76a46a33\\\/\",\"https:\\\/\\\/www.youtube.com\\\/channel\\\/UCyFpe-vAt0JCZ7OKe2KPTaw\"]}]}<\/script>\n<!-- \/ Yoast SEO plugin. -->","yoast_head_json":{"title":"\u00bbSch\u00f6nheit rettet die Welt\u00ab &#8211; Dr. phil. Christoph Quarch","description":"Sch\u00f6nheit ist die Seelennahrung, die man in Krisenzeiten am meisten ben\u00f6tigt. Sch\u00f6nheit tr\u00e4gt, meinen Christoph Quarch und Jan Teunen.","robots":{"index":"index","follow":"follow","max-snippet":"max-snippet:-1","max-image-preview":"max-image-preview:large","max-video-preview":"max-video-preview:-1"},"canonical":"https:\/\/christophquarch.de\/autor\/shop\/schoenheit-rettet-die-welt\/","og_locale":"en_US","og_type":"article","og_title":"\u00bbSch\u00f6nheit rettet die Welt\u00ab &#8211; Dr. phil. Christoph Quarch","og_description":"Sch\u00f6nheit ist die Seelennahrung, die man in Krisenzeiten am meisten ben\u00f6tigt. Sch\u00f6nheit tr\u00e4gt, meinen Christoph Quarch und Jan Teunen.","og_url":"https:\/\/christophquarch.de\/autor\/shop\/schoenheit-rettet-die-welt\/","og_site_name":"Dr. phil. Christoph Quarch","article_publisher":"https:\/\/www.facebook.com\/christophquarch","article_modified_time":"2025-01-16T22:04:41+00:00","og_image":[{"width":1304,"height":1647,"url":"https:\/\/christophquarch.de\/wp-content\/uploads\/2024\/06\/Cover-Schoenheit-jpg.jpg","type":"image\/jpeg"}],"twitter_card":"summary_large_image","twitter_misc":{"Est. reading time":"1 minute"},"schema":{"@context":"https:\/\/schema.org","@graph":[{"@type":"WebPage","@id":"https:\/\/christophquarch.de\/autor\/shop\/schoenheit-rettet-die-welt\/","url":"https:\/\/christophquarch.de\/autor\/shop\/schoenheit-rettet-die-welt\/","name":"\u00bbSch\u00f6nheit rettet die Welt\u00ab &#8211; Dr. phil. Christoph Quarch","isPartOf":{"@id":"https:\/\/christophquarch.de\/#website"},"primaryImageOfPage":{"@id":"https:\/\/christophquarch.de\/autor\/shop\/schoenheit-rettet-die-welt\/#primaryimage"},"image":{"@id":"https:\/\/christophquarch.de\/autor\/shop\/schoenheit-rettet-die-welt\/#primaryimage"},"thumbnailUrl":"https:\/\/christophquarch.de\/wp-content\/uploads\/2024\/06\/Cover-Schoenheit-jpg.jpg","datePublished":"2024-06-07T13:27:07+00:00","dateModified":"2025-01-16T22:04:41+00:00","description":"Sch\u00f6nheit ist die Seelennahrung, die man in Krisenzeiten am meisten ben\u00f6tigt. Sch\u00f6nheit tr\u00e4gt, meinen Christoph Quarch und Jan Teunen.","breadcrumb":{"@id":"https:\/\/christophquarch.de\/autor\/shop\/schoenheit-rettet-die-welt\/#breadcrumb"},"inLanguage":"en-US","potentialAction":[{"@type":"ReadAction","target":["https:\/\/christophquarch.de\/autor\/shop\/schoenheit-rettet-die-welt\/"]}]},{"@type":"ImageObject","inLanguage":"en-US","@id":"https:\/\/christophquarch.de\/autor\/shop\/schoenheit-rettet-die-welt\/#primaryimage","url":"https:\/\/christophquarch.de\/wp-content\/uploads\/2024\/06\/Cover-Schoenheit-jpg.jpg","contentUrl":"https:\/\/christophquarch.de\/wp-content\/uploads\/2024\/06\/Cover-Schoenheit-jpg.jpg","width":1304,"height":1647,"caption":"Ein Buch \u00fcber Sch\u00f6nheit und warum uns diese rettet. Mit mehr als vielen sch\u00f6nen Bildern und sch\u00f6ner Philosophie"},{"@type":"BreadcrumbList","@id":"https:\/\/christophquarch.de\/autor\/shop\/schoenheit-rettet-die-welt\/#breadcrumb","itemListElement":[{"@type":"ListItem","position":1,"name":"Startseite","item":"https:\/\/christophquarch.de\/en\/"},{"@type":"ListItem","position":2,"name":"Shop","item":"https:\/\/christophquarch.de\/en\/author\/shop\/"},{"@type":"ListItem","position":3,"name":"\u00bbSch\u00f6nheit rettet die Welt\u00ab"}]},{"@type":"WebSite","@id":"https:\/\/christophquarch.de\/#website","url":"https:\/\/christophquarch.de\/","name":"Philosoph Christoph Quarch","description":"Philosoph Autor Redner Denkbegleiter","publisher":{"@id":"https:\/\/christophquarch.de\/#organization"},"potentialAction":[{"@type":"SearchAction","target":{"@type":"EntryPoint","urlTemplate":"https:\/\/christophquarch.de\/?s={search_term_string}"},"query-input":{"@type":"PropertyValueSpecification","valueRequired":true,"valueName":"search_term_string"}}],"inLanguage":"en-US"},{"@type":"Organization","@id":"https:\/\/christophquarch.de\/#organization","name":"Philosoph Christoph Quarch","url":"https:\/\/christophquarch.de\/","logo":{"@type":"ImageObject","inLanguage":"en-US","@id":"https:\/\/christophquarch.de\/#\/schema\/logo\/image\/","url":"https:\/\/christophquarch.de\/wp-content\/uploads\/2023\/07\/christoph-quarch-logo.svg","contentUrl":"https:\/\/christophquarch.de\/wp-content\/uploads\/2023\/07\/christoph-quarch-logo.svg","width":662,"height":45,"caption":"Philosoph Christoph Quarch"},"image":{"@id":"https:\/\/christophquarch.de\/#\/schema\/logo\/image\/"},"sameAs":["https:\/\/www.facebook.com\/christophquarch","https:\/\/www.instagram.com\/christophquarch\/","https:\/\/www.linkedin.com\/in\/dr-phil-christoph-quarch-76a46a33\/","https:\/\/www.youtube.com\/channel\/UCyFpe-vAt0JCZ7OKe2KPTaw"]}]}},"_links":{"self":[{"href":"https:\/\/christophquarch.de\/en\/wp-json\/wp\/v2\/product\/12435","targetHints":{"allow":["GET"]}}],"collection":[{"href":"https:\/\/christophquarch.de\/en\/wp-json\/wp\/v2\/product"}],"about":[{"href":"https:\/\/christophquarch.de\/en\/wp-json\/wp\/v2\/types\/product"}],"wp:featuredmedia":[{"embeddable":true,"href":"https:\/\/christophquarch.de\/en\/wp-json\/wp\/v2\/media\/12436"}],"wp:attachment":[{"href":"https:\/\/christophquarch.de\/en\/wp-json\/wp\/v2\/media?parent=12435"}],"wp:term":[{"taxonomy":"product_brand","embeddable":true,"href":"https:\/\/christophquarch.de\/en\/wp-json\/wp\/v2\/product_brand?post=12435"},{"taxonomy":"product_cat","embeddable":true,"href":"https:\/\/christophquarch.de\/en\/wp-json\/wp\/v2\/product_cat?post=12435"},{"taxonomy":"product_tag","embeddable":true,"href":"https:\/\/christophquarch.de\/en\/wp-json\/wp\/v2\/product_tag?post=12435"}],"curies":[{"name":"wp","href":"https:\/\/api.w.org\/{rel}","templated":true}]}}