{"id":12255,"date":"2024-01-03T15:24:15","date_gmt":"2024-01-03T14:24:15","guid":{"rendered":"https:\/\/christophquarch.de\/?post_type=product&#038;p=12255"},"modified":"2025-06-19T23:45:45","modified_gmt":"2025-06-19T21:45:45","slug":"den-geist-europas-wecken-zehn-vorschlaege","status":"publish","type":"product","link":"https:\/\/christophquarch.de\/en\/autor\/shop\/den-geist-europas-wecken-zehn-vorschlaege\/","title":{"rendered":"\u00bbDen Geist Europas wecken. Zehn Vorschl\u00e4ge\u00ab"},"content":{"rendered":"<section class=\"zusatztext\">\n<div class=\"element-text-standard\" data-marker-container>Die von Jac\u00adques Delors f\u00fcr die Euro\u00adp\u00e4i\u00adsche Uni\u00adon aus\u00adge\u00adge\u00adbe\u00adne Paro\u00adle \u201eEuro\u00adpa eine See\u00adle geben\u201d ist heu\u00adte aktu\u00adel\u00adler denn je. Zwar wur\u00adden mitt\u00adler\u00adwei\u00adle die EU-Ost\u00aderwei\u00adte\u00adrung und der Aus\u00adbau des euro\u00adp\u00e4i\u00adschen Wirt\u00adschafts- und Rechts\u00adraums erreicht, aber&nbsp;<em class=\"element-background-basic-colors marker\" data-color=\"gelb-light\">dabei<\/em>&nbsp;ist die Ent\u00adwick\u00adlung der EU zu einer poli\u00adti\u00adschen Wer\u00adte\u00adge\u00admein\u00adschaft auf der Stre\u00adcke geblie\u00adben. Ob W\u00e4h\u00adrungs\u00adkri\u00adse, Fl\u00fccht\u00adlings\u00adkri\u00adse, \u00f6ko\u00adlo\u00adgi\u00adsche Kri\u00adsen, Brexit, COVID-19-Pan\u00adde\u00admie, das Auf\u00adkei\u00admen euro\u00adpa\u00adfeind\u00adli\u00adcher popu\u00adlis\u00adti\u00adscher Bewe\u00adgun\u00adgen in ver\u00adschie\u00adde\u00adnen euro\u00adp\u00e4i\u00adschen L\u00e4n\u00addern und zuletzt der rus\u00adsi\u00adsche \u00dcber\u00adfall auf die Ukrai\u00adne: Der inne\u00adre Zusam\u00admen\u00adhalt der EU ist gef\u00e4hr\u00addet, solan\u00adge ihr ein trag\u00adf\u00e4\u00adhi\u00adges geis\u00adti\u00adges Fun\u00adda\u00adment und eine klar kon\u00adtu\u00adrier\u00adte euro\u00adp\u00e4i\u00adsche Iden\u00adti\u00adt\u00e4t feh\u00adlen. In \u201eDen Geist Euro\u00adpas wecken\u201d ent\u00adwirft Chris\u00adtoph Quarch ein geis\u00adti\u00adges Gra\u00advi\u00adta\u00adti\u00adons\u00adzen\u00adtrum f\u00fcr das moder\u00adne Euro\u00adpa, das in der grie\u00adchi\u00adschen Anti\u00adke gr\u00fcn\u00addet. Er und sei\u00adne Gast\u00adau\u00adtoren brin\u00adgen den genui\u00adnen Geist Euro\u00adpas in sei\u00adner unge\u00adbro\u00adche\u00adnen Sch\u00f6n\u00adheit und Kraft zur Spra\u00adche und unter\u00adbrei\u00adten zehn kon\u00adkre\u00adte Vor\u00adschl\u00e4\u00adge, wie er im Bewusst\u00adsein der B\u00fcrger*innen so ver\u00adan\u00adkert wer\u00adden kann, dass sie sich dau\u00ader\u00adhaft f\u00fcr Euro\u00adpa begeistern.<\/div>\n<\/section>\n<section class=\"zusatztext-gruppe\">\n<h3 class=\"element-headline-medium overlay-ueberschrift\">Rezension<\/h3>\n<p class=\"element-text-standard\">\u00bbIndem die Grie\u00adchen das Poli\u00adti\u00adsche ent\u00adwi\u00adckel\u00adten, bil\u00adde\u00adten sie das Nadel\u00ad\u00f6hr, durch das die Welt\u00adge\u00adschich\u00adte hin\u00addurch muss\u00adte, wenn sie zum moder\u00adnen Euro\u00adpa gelan\u00adgen soll\u00adte.\u00ab \u2013 Chris\u00adti\u00adan Mei\u00ader, Althistoriker<\/p>\n<p>\u00bbDer Geist Euro\u00adpas ist ein Geist des Rechts. Eine sei\u00adner bedeu\u00adtends\u00adten Errun\u00adgen\u00adschaf\u00adten ist die Eta\u00adblie\u00adrung einer ver\u00adl\u00e4ss\u00adli\u00adchen Rechts\u00adord\u00adnung, die ihre Legi\u00adti\u00admi\u00adt\u00e4t und Gel\u00adtung nicht pri\u00adm\u00e4r der Macht oder Gewalt der Herr\u00adschen\u00adden ver\u00addankt, son\u00addern der R\u00fcck\u00adbin\u00addung an all\u00adge\u00admei\u00adne, ein\u00adsich\u00adti\u00adge und begr\u00fcnd\u00adba\u00adre Prin\u00adzi\u00adpi\u00aden.\u00ab \u2013 Zitat aus dem&nbsp;Buch<\/p>\n<\/section>\n<p><strong>signiert von Chris\u00adtoph Quarch<\/strong><\/p>\n<p><em>erscheint am 29.2.2024<br>\nGebun\u00adde\u00adne Ausgabe<\/em><br>\n<em>200 Sei\u00adten<\/em><br>\n<em>24 \u20ac&nbsp;<\/em><br>\n<em>ISBN-13: <span class=\"a-text-bold\"> 978\u20133\u201195890\u2013589\u20114<\/span><\/em><\/p>\n<p>Bit\u00adte beach\u00adten Sie, dass wir nur inner\u00adhalb Deutsch\u00adlands ver\u00adsen\u00adden. Das Buch ist in der Schweiz\/in \u00d6ster\u00adreich im Buch\u00adhan\u00addel erh\u00e4ltlich.<\/p>\n","protected":false},"excerpt":{"rendered":"<p>Euro\u00adpa ist sch\u00f6n, Euro\u00adpa ist geist\u00adreich, lasst uns Euro\u00adpas Tugen\u00adden und Wer\u00adte fei\u00adern, es tut uns und der Welt\u00adge\u00admein\u00adschaft gut.&nbsp;<\/p>\n<p class=\"read-more-button-container\"><a class=\"button\" href=\"https:\/\/christophquarch.de\/en\/autor\/shop\/den-geist-europas-wecken-zehn-vorschlaege\/\">Read more<\/a><\/p>\n","protected":false},"featured_media":12256,"template":"","meta":{"_acf_changed":false,"wp_typography_post_enhancements_disabled":false},"product_brand":[],"product_cat":[17],"product_tag":[940,938,939,942,941,943,735,737,1468,1450,739,1469,736,634,635,636,738],"class_list":{"0":"post-12255","1":"product","2":"type-product","3":"status-publish","4":"has-post-thumbnail","6":"product_cat-buecher-essays-signiert","7":"product_tag-christophquarch","8":"product_tag-philosophiereise","9":"product_tag-philosophieren","10":"product_tag-reisegeschenk","11":"product_tag-reisen","12":"product_tag-weihnachtsgeschenk","13":"product_tag-das-grosse-ja","14":"product_tag-denken","15":"product_tag-der-club-der-alten-weisen","16":"product_tag-frieden","17":"product_tag-lebenssinn","18":"product_tag-philosoph-quarch","19":"product_tag-philosophie","20":"product_tag-philosophie-des-sinns","21":"product_tag-sinn","22":"product_tag-sinnhaftigkeit","23":"product_tag-sinnsuche","24":"product_shipping_class-buecherversand","25":"resize-featured-image","27":"first","28":"instock","29":"taxable","30":"shipping-taxable","31":"purchasable","32":"product-type-simple"},"acf":[],"yoast_head":"<!-- This site is optimized with the Yoast SEO plugin v27.3 - https:\/\/yoast.com\/product\/yoast-seo-wordpress\/ -->\n<title>\u00bbDen Geist Europas wecken. Zehn Vorschl\u00e4ge\u00ab &#8211; Dr. phil. Christoph Quarch<\/title>\n<meta name=\"description\" content=\"Der Philosoph und gl\u00fchende Europ\u00e4er Christoph Quarch zeigt uns die demokratische Sch\u00f6nheit Europas, die nach seiner Meinung unser aller Potential ist.\" \/>\n<meta name=\"robots\" content=\"index, follow, max-snippet:-1, max-image-preview:large, max-video-preview:-1\" \/>\n<link rel=\"canonical\" href=\"https:\/\/christophquarch.de\/autor\/shop\/den-geist-europas-wecken-zehn-vorschlaege\/\" \/>\n<meta property=\"og:locale\" content=\"en_US\" \/>\n<meta property=\"og:type\" content=\"article\" \/>\n<meta property=\"og:title\" content=\"\u00bbDen Geist Europas wecken. Zehn Vorschl\u00e4ge\u00ab &#8211; Dr. phil. Christoph Quarch\" \/>\n<meta property=\"og:description\" content=\"Der Philosoph und gl\u00fchende Europ\u00e4er Christoph Quarch zeigt uns die demokratische Sch\u00f6nheit Europas, die nach seiner Meinung unser aller Potential ist.\" \/>\n<meta property=\"og:url\" content=\"https:\/\/christophquarch.de\/autor\/shop\/den-geist-europas-wecken-zehn-vorschlaege\/\" \/>\n<meta property=\"og:site_name\" content=\"Dr. phil. Christoph Quarch\" \/>\n<meta property=\"article:publisher\" content=\"https:\/\/www.facebook.com\/christophquarch\" \/>\n<meta property=\"article:modified_time\" content=\"2025-06-19T21:45:45+00:00\" \/>\n<meta property=\"og:image\" content=\"https:\/\/christophquarch.de\/wp-content\/uploads\/2024\/01\/Geist-Europas-400-pixel-e1705654078382.jpg\" \/>\n\t<meta property=\"og:image:width\" content=\"150\" \/>\n\t<meta property=\"og:image:height\" content=\"239\" \/>\n\t<meta property=\"og:image:type\" content=\"image\/jpeg\" \/>\n<meta name=\"twitter:card\" content=\"summary_large_image\" \/>\n<meta name=\"twitter:label1\" content=\"Est. reading time\" \/>\n\t<meta name=\"twitter:data1\" content=\"2 minutes\" \/>\n<script type=\"application\/ld+json\" class=\"yoast-schema-graph\">{\"@context\":\"https:\\\/\\\/schema.org\",\"@graph\":[{\"@type\":\"WebPage\",\"@id\":\"https:\\\/\\\/christophquarch.de\\\/autor\\\/shop\\\/den-geist-europas-wecken-zehn-vorschlaege\\\/\",\"url\":\"https:\\\/\\\/christophquarch.de\\\/autor\\\/shop\\\/den-geist-europas-wecken-zehn-vorschlaege\\\/\",\"name\":\"\u00bbDen Geist Europas wecken. Zehn Vorschl\u00e4ge\u00ab &#8211; Dr. phil. Christoph Quarch\",\"isPartOf\":{\"@id\":\"https:\\\/\\\/christophquarch.de\\\/#website\"},\"primaryImageOfPage\":{\"@id\":\"https:\\\/\\\/christophquarch.de\\\/autor\\\/shop\\\/den-geist-europas-wecken-zehn-vorschlaege\\\/#primaryimage\"},\"image\":{\"@id\":\"https:\\\/\\\/christophquarch.de\\\/autor\\\/shop\\\/den-geist-europas-wecken-zehn-vorschlaege\\\/#primaryimage\"},\"thumbnailUrl\":\"https:\\\/\\\/christophquarch.de\\\/wp-content\\\/uploads\\\/2024\\\/01\\\/Geist-Europas-400-pixel-e1705654078382.jpg\",\"datePublished\":\"2024-01-03T14:24:15+00:00\",\"dateModified\":\"2025-06-19T21:45:45+00:00\",\"description\":\"Der Philosoph und gl\u00fchende Europ\u00e4er Christoph Quarch zeigt uns die demokratische Sch\u00f6nheit Europas, die nach seiner Meinung unser aller Potential ist.\",\"breadcrumb\":{\"@id\":\"https:\\\/\\\/christophquarch.de\\\/autor\\\/shop\\\/den-geist-europas-wecken-zehn-vorschlaege\\\/#breadcrumb\"},\"inLanguage\":\"en-US\",\"potentialAction\":[{\"@type\":\"ReadAction\",\"target\":[\"https:\\\/\\\/christophquarch.de\\\/autor\\\/shop\\\/den-geist-europas-wecken-zehn-vorschlaege\\\/\"]}]},{\"@type\":\"ImageObject\",\"inLanguage\":\"en-US\",\"@id\":\"https:\\\/\\\/christophquarch.de\\\/autor\\\/shop\\\/den-geist-europas-wecken-zehn-vorschlaege\\\/#primaryimage\",\"url\":\"https:\\\/\\\/christophquarch.de\\\/wp-content\\\/uploads\\\/2024\\\/01\\\/Geist-Europas-400-pixel-e1705654078382.jpg\",\"contentUrl\":\"https:\\\/\\\/christophquarch.de\\\/wp-content\\\/uploads\\\/2024\\\/01\\\/Geist-Europas-400-pixel-e1705654078382.jpg\",\"width\":150,\"height\":239},{\"@type\":\"BreadcrumbList\",\"@id\":\"https:\\\/\\\/christophquarch.de\\\/autor\\\/shop\\\/den-geist-europas-wecken-zehn-vorschlaege\\\/#breadcrumb\",\"itemListElement\":[{\"@type\":\"ListItem\",\"position\":1,\"name\":\"Startseite\",\"item\":\"https:\\\/\\\/christophquarch.de\\\/en\\\/\"},{\"@type\":\"ListItem\",\"position\":2,\"name\":\"Shop\",\"item\":\"https:\\\/\\\/christophquarch.de\\\/en\\\/author\\\/shop\\\/\"},{\"@type\":\"ListItem\",\"position\":3,\"name\":\"\u00bbDen Geist Europas wecken. Zehn Vorschl\u00e4ge\u00ab\"}]},{\"@type\":\"WebSite\",\"@id\":\"https:\\\/\\\/christophquarch.de\\\/#website\",\"url\":\"https:\\\/\\\/christophquarch.de\\\/\",\"name\":\"Philosoph Christoph Quarch\",\"description\":\"Philosoph Autor Redner Denkbegleiter\",\"publisher\":{\"@id\":\"https:\\\/\\\/christophquarch.de\\\/#organization\"},\"potentialAction\":[{\"@type\":\"SearchAction\",\"target\":{\"@type\":\"EntryPoint\",\"urlTemplate\":\"https:\\\/\\\/christophquarch.de\\\/?s={search_term_string}\"},\"query-input\":{\"@type\":\"PropertyValueSpecification\",\"valueRequired\":true,\"valueName\":\"search_term_string\"}}],\"inLanguage\":\"en-US\"},{\"@type\":\"Organization\",\"@id\":\"https:\\\/\\\/christophquarch.de\\\/#organization\",\"name\":\"Philosoph Christoph Quarch\",\"url\":\"https:\\\/\\\/christophquarch.de\\\/\",\"logo\":{\"@type\":\"ImageObject\",\"inLanguage\":\"en-US\",\"@id\":\"https:\\\/\\\/christophquarch.de\\\/#\\\/schema\\\/logo\\\/image\\\/\",\"url\":\"https:\\\/\\\/christophquarch.de\\\/wp-content\\\/uploads\\\/2023\\\/07\\\/christoph-quarch-logo.svg\",\"contentUrl\":\"https:\\\/\\\/christophquarch.de\\\/wp-content\\\/uploads\\\/2023\\\/07\\\/christoph-quarch-logo.svg\",\"width\":662,\"height\":45,\"caption\":\"Philosoph Christoph Quarch\"},\"image\":{\"@id\":\"https:\\\/\\\/christophquarch.de\\\/#\\\/schema\\\/logo\\\/image\\\/\"},\"sameAs\":[\"https:\\\/\\\/www.facebook.com\\\/christophquarch\",\"https:\\\/\\\/www.instagram.com\\\/christophquarch\\\/\",\"https:\\\/\\\/www.linkedin.com\\\/in\\\/dr-phil-christoph-quarch-76a46a33\\\/\",\"https:\\\/\\\/www.youtube.com\\\/channel\\\/UCyFpe-vAt0JCZ7OKe2KPTaw\"]}]}<\/script>\n<!-- \/ Yoast SEO plugin. -->","yoast_head_json":{"title":"\u00bbDen Geist Europas wecken. Zehn Vorschl\u00e4ge\u00ab &#8211; Dr. phil. Christoph Quarch","description":"Der Philosoph und gl\u00fchende Europ\u00e4er Christoph Quarch zeigt uns die demokratische Sch\u00f6nheit Europas, die nach seiner Meinung unser aller Potential ist.","robots":{"index":"index","follow":"follow","max-snippet":"max-snippet:-1","max-image-preview":"max-image-preview:large","max-video-preview":"max-video-preview:-1"},"canonical":"https:\/\/christophquarch.de\/autor\/shop\/den-geist-europas-wecken-zehn-vorschlaege\/","og_locale":"en_US","og_type":"article","og_title":"\u00bbDen Geist Europas wecken. Zehn Vorschl\u00e4ge\u00ab &#8211; Dr. phil. Christoph Quarch","og_description":"Der Philosoph und gl\u00fchende Europ\u00e4er Christoph Quarch zeigt uns die demokratische Sch\u00f6nheit Europas, die nach seiner Meinung unser aller Potential ist.","og_url":"https:\/\/christophquarch.de\/autor\/shop\/den-geist-europas-wecken-zehn-vorschlaege\/","og_site_name":"Dr. phil. Christoph Quarch","article_publisher":"https:\/\/www.facebook.com\/christophquarch","article_modified_time":"2025-06-19T21:45:45+00:00","og_image":[{"width":150,"height":239,"url":"https:\/\/christophquarch.de\/wp-content\/uploads\/2024\/01\/Geist-Europas-400-pixel-e1705654078382.jpg","type":"image\/jpeg"}],"twitter_card":"summary_large_image","twitter_misc":{"Est. reading time":"2 minutes"},"schema":{"@context":"https:\/\/schema.org","@graph":[{"@type":"WebPage","@id":"https:\/\/christophquarch.de\/autor\/shop\/den-geist-europas-wecken-zehn-vorschlaege\/","url":"https:\/\/christophquarch.de\/autor\/shop\/den-geist-europas-wecken-zehn-vorschlaege\/","name":"\u00bbDen Geist Europas wecken. Zehn Vorschl\u00e4ge\u00ab &#8211; Dr. phil. Christoph Quarch","isPartOf":{"@id":"https:\/\/christophquarch.de\/#website"},"primaryImageOfPage":{"@id":"https:\/\/christophquarch.de\/autor\/shop\/den-geist-europas-wecken-zehn-vorschlaege\/#primaryimage"},"image":{"@id":"https:\/\/christophquarch.de\/autor\/shop\/den-geist-europas-wecken-zehn-vorschlaege\/#primaryimage"},"thumbnailUrl":"https:\/\/christophquarch.de\/wp-content\/uploads\/2024\/01\/Geist-Europas-400-pixel-e1705654078382.jpg","datePublished":"2024-01-03T14:24:15+00:00","dateModified":"2025-06-19T21:45:45+00:00","description":"Der Philosoph und gl\u00fchende Europ\u00e4er Christoph Quarch zeigt uns die demokratische Sch\u00f6nheit Europas, die nach seiner Meinung unser aller Potential ist.","breadcrumb":{"@id":"https:\/\/christophquarch.de\/autor\/shop\/den-geist-europas-wecken-zehn-vorschlaege\/#breadcrumb"},"inLanguage":"en-US","potentialAction":[{"@type":"ReadAction","target":["https:\/\/christophquarch.de\/autor\/shop\/den-geist-europas-wecken-zehn-vorschlaege\/"]}]},{"@type":"ImageObject","inLanguage":"en-US","@id":"https:\/\/christophquarch.de\/autor\/shop\/den-geist-europas-wecken-zehn-vorschlaege\/#primaryimage","url":"https:\/\/christophquarch.de\/wp-content\/uploads\/2024\/01\/Geist-Europas-400-pixel-e1705654078382.jpg","contentUrl":"https:\/\/christophquarch.de\/wp-content\/uploads\/2024\/01\/Geist-Europas-400-pixel-e1705654078382.jpg","width":150,"height":239},{"@type":"BreadcrumbList","@id":"https:\/\/christophquarch.de\/autor\/shop\/den-geist-europas-wecken-zehn-vorschlaege\/#breadcrumb","itemListElement":[{"@type":"ListItem","position":1,"name":"Startseite","item":"https:\/\/christophquarch.de\/en\/"},{"@type":"ListItem","position":2,"name":"Shop","item":"https:\/\/christophquarch.de\/en\/author\/shop\/"},{"@type":"ListItem","position":3,"name":"\u00bbDen Geist Europas wecken. Zehn Vorschl\u00e4ge\u00ab"}]},{"@type":"WebSite","@id":"https:\/\/christophquarch.de\/#website","url":"https:\/\/christophquarch.de\/","name":"Philosoph Christoph Quarch","description":"Philosoph Autor Redner Denkbegleiter","publisher":{"@id":"https:\/\/christophquarch.de\/#organization"},"potentialAction":[{"@type":"SearchAction","target":{"@type":"EntryPoint","urlTemplate":"https:\/\/christophquarch.de\/?s={search_term_string}"},"query-input":{"@type":"PropertyValueSpecification","valueRequired":true,"valueName":"search_term_string"}}],"inLanguage":"en-US"},{"@type":"Organization","@id":"https:\/\/christophquarch.de\/#organization","name":"Philosoph Christoph Quarch","url":"https:\/\/christophquarch.de\/","logo":{"@type":"ImageObject","inLanguage":"en-US","@id":"https:\/\/christophquarch.de\/#\/schema\/logo\/image\/","url":"https:\/\/christophquarch.de\/wp-content\/uploads\/2023\/07\/christoph-quarch-logo.svg","contentUrl":"https:\/\/christophquarch.de\/wp-content\/uploads\/2023\/07\/christoph-quarch-logo.svg","width":662,"height":45,"caption":"Philosoph Christoph Quarch"},"image":{"@id":"https:\/\/christophquarch.de\/#\/schema\/logo\/image\/"},"sameAs":["https:\/\/www.facebook.com\/christophquarch","https:\/\/www.instagram.com\/christophquarch\/","https:\/\/www.linkedin.com\/in\/dr-phil-christoph-quarch-76a46a33\/","https:\/\/www.youtube.com\/channel\/UCyFpe-vAt0JCZ7OKe2KPTaw"]}]}},"_links":{"self":[{"href":"https:\/\/christophquarch.de\/en\/wp-json\/wp\/v2\/product\/12255","targetHints":{"allow":["GET"]}}],"collection":[{"href":"https:\/\/christophquarch.de\/en\/wp-json\/wp\/v2\/product"}],"about":[{"href":"https:\/\/christophquarch.de\/en\/wp-json\/wp\/v2\/types\/product"}],"wp:featuredmedia":[{"embeddable":true,"href":"https:\/\/christophquarch.de\/en\/wp-json\/wp\/v2\/media\/12256"}],"wp:attachment":[{"href":"https:\/\/christophquarch.de\/en\/wp-json\/wp\/v2\/media?parent=12255"}],"wp:term":[{"taxonomy":"product_brand","embeddable":true,"href":"https:\/\/christophquarch.de\/en\/wp-json\/wp\/v2\/product_brand?post=12255"},{"taxonomy":"product_cat","embeddable":true,"href":"https:\/\/christophquarch.de\/en\/wp-json\/wp\/v2\/product_cat?post=12255"},{"taxonomy":"product_tag","embeddable":true,"href":"https:\/\/christophquarch.de\/en\/wp-json\/wp\/v2\/product_tag?post=12255"}],"curies":[{"name":"wp","href":"https:\/\/api.w.org\/{rel}","templated":true}]}}