{"id":12219,"date":"2023-10-31T20:11:51","date_gmt":"2023-10-31T19:11:51","guid":{"rendered":"https:\/\/christophquarch.de\/?post_type=product&#038;p=12219"},"modified":"2024-10-10T12:08:32","modified_gmt":"2024-10-10T10:08:32","slug":"oekonomie-neu-denken","status":"publish","type":"product","link":"https:\/\/christophquarch.de\/en\/autor\/shop\/oekonomie-neu-denken\/","title":{"rendered":"\u00bb\u00d6konomie neu denken: Impulse f\u00fcr eine zukunftsf\u00e4hige Wirtschaft\u00ab"},"content":{"rendered":"<p>Kli\u00adma\u00adwan\u00addel, digi\u00adta\u00adler Wan\u00addel, demo\u00adgra\u00adphi\u00adscher Wan\u00addel, geo\u00adpo\u00adli\u00adti\u00adsche Ver\u00adwer\u00adfun\u00adgen: Die Welt ver\u00ad\u00e4n\u00addert sich mit rasen\u00adder Geschwin\u00addig\u00adkeit \u2013 so schnell, dass unse\u00adre geis\u00adti\u00adgen Instru\u00admen\u00adta\u00adri\u00aden kaum noch aus\u00adrei\u00adchen, um den Her\u00adaus\u00adfor\u00adde\u00adrun\u00adgen der Zukunft&nbsp;<em class=\"element-background-basic-colors marker\" data-color=\"gelb-light\">Herr<\/em>&nbsp;zu werden.<br>\nNichts ist dring\u00adli\u00adcher als ein \u00f6ko\u00adno\u00admi\u00adscher Mind\u00adset-Wan\u00addel. Die Autoren und Autorin\u00adnen die\u00adses Buches unter\u00adbrei\u00adten Vor\u00adschl\u00e4\u00adge, wie sich zukunfts\u00adf\u00e4\u00adhi\u00adge Unter\u00adneh\u00admen neu erfin\u00adden k\u00f6n\u00adnen: durch neue Leit\u00adme\u00adta\u00adphern (Chris\u00adtoph Quarch), ein avan\u00adcier\u00adtes Frei\u00adheits\u00adver\u00adst\u00e4nd\u00adnis (Kri\u00adsha Kops), eine star\u00adke Wert\u00adori\u00aden\u00adtie\u00adrung (Niko\u00adlas Dierks), einen Rekurs auf den Zeit\u00adgeist (Kirs\u00adti\u00adne Fratz) und ein kla\u00adres Bekennt\u00adnis zur Nach\u00adhal\u00adtig\u00adkeit (Fritz Lietsch).<\/p>\n<p><em>Gebun\u00adde\u00adne Ausgabe<\/em><br>\n<em>124 Sei\u00adten<\/em><br>\n<em>14,90 \u20ac&nbsp;<\/em><br>\n<em>ISBN-13: <span class=\"a-text-bold\"> 978\u20133\u2011948206\u201312\u20113<\/span><\/em><\/p>\n<p>Bit\u00adte beach\u00adten Sie, dass wir nur inner\u00adhalb Deutsch\u00adlands ver\u00adsen\u00adden. Das Buch ist in der Schweiz\/in \u00d6ster\u00adreich im Buch\u00adhan\u00addel erh\u00e4ltlich.<\/p>\n","protected":false},"excerpt":{"rendered":"<p><b>Impul\u00adse f\u00fcr ein neu\u00ades Wirt\u00adschaf\u00adten, klug, nach\u00adhal\u00adtig und menschenw\u00fcrdig.<br>\n<\/b> <\/p>\n<p class=\"read-more-button-container\"><a class=\"button\" href=\"https:\/\/christophquarch.de\/en\/autor\/shop\/oekonomie-neu-denken\/\">Read more<\/a><\/p>\n","protected":false},"featured_media":12350,"template":"","meta":{"_acf_changed":false,"wp_typography_post_enhancements_disabled":false},"product_brand":[],"product_cat":[17],"product_tag":[652,1509,736,1508,1511,1510],"class_list":{"0":"post-12219","1":"product","2":"type-product","3":"status-publish","4":"has-post-thumbnail","6":"product_cat-buecher-essays-signiert","7":"product_tag-christoph-quarch","8":"product_tag-oekonomie","9":"product_tag-philosophie","10":"product_tag-wirtschaft","11":"product_tag-wirtschaftsphilosophie","12":"product_tag-wirtschaftswandel","13":"product_shipping_class-buecherversand","14":"resize-featured-image","16":"first","17":"instock","18":"taxable","19":"shipping-taxable","20":"purchasable","21":"product-type-simple"},"acf":[],"yoast_head":"<!-- This site is optimized with the Yoast SEO plugin v27.3 - https:\/\/yoast.com\/product\/yoast-seo-wordpress\/ -->\n<title>\u00bb\u00d6konomie neu denken: Impulse f\u00fcr eine zukunftsf\u00e4hige Wirtschaft\u00ab &#8211; Dr. phil. Christoph Quarch<\/title>\n<meta name=\"description\" content=\"Impulse f\u00fcr ein Wirtschaften, das f\u00f6rderlich und nachhaltig ist von Christoph Quarch, Kirstine Fratz, Nicolas Dierks und Krisha Kops.\" \/>\n<meta name=\"robots\" content=\"index, follow, max-snippet:-1, max-image-preview:large, max-video-preview:-1\" \/>\n<link rel=\"canonical\" href=\"https:\/\/christophquarch.de\/autor\/shop\/oekonomie-neu-denken\/\" \/>\n<meta property=\"og:locale\" content=\"en_US\" \/>\n<meta property=\"og:type\" content=\"article\" \/>\n<meta property=\"og:title\" content=\"\u00bb\u00d6konomie neu denken: Impulse f\u00fcr eine zukunftsf\u00e4hige Wirtschaft\u00ab &#8211; Dr. phil. Christoph Quarch\" \/>\n<meta property=\"og:description\" content=\"Impulse f\u00fcr ein Wirtschaften, das f\u00f6rderlich und nachhaltig ist von Christoph Quarch, Kirstine Fratz, Nicolas Dierks und Krisha Kops.\" \/>\n<meta property=\"og:url\" content=\"https:\/\/christophquarch.de\/autor\/shop\/oekonomie-neu-denken\/\" \/>\n<meta property=\"og:site_name\" content=\"Dr. phil. Christoph Quarch\" \/>\n<meta property=\"article:publisher\" content=\"https:\/\/www.facebook.com\/christophquarch\" \/>\n<meta property=\"article:modified_time\" content=\"2024-10-10T10:08:32+00:00\" \/>\n<meta property=\"og:image\" content=\"https:\/\/christophquarch.de\/wp-content\/uploads\/2024\/02\/christoph-quarch_oekonomie-neu-denken-buch.jpg\" \/>\n\t<meta property=\"og:image:width\" content=\"695\" \/>\n\t<meta property=\"og:image:height\" content=\"1080\" \/>\n\t<meta property=\"og:image:type\" content=\"image\/jpeg\" \/>\n<meta name=\"twitter:card\" content=\"summary_large_image\" \/>\n<meta name=\"twitter:label1\" content=\"Est. reading time\" \/>\n\t<meta name=\"twitter:data1\" content=\"1 minute\" \/>\n<script type=\"application\/ld+json\" class=\"yoast-schema-graph\">{\"@context\":\"https:\\\/\\\/schema.org\",\"@graph\":[{\"@type\":\"WebPage\",\"@id\":\"https:\\\/\\\/christophquarch.de\\\/autor\\\/shop\\\/oekonomie-neu-denken\\\/\",\"url\":\"https:\\\/\\\/christophquarch.de\\\/autor\\\/shop\\\/oekonomie-neu-denken\\\/\",\"name\":\"\u00bb\u00d6konomie neu denken: Impulse f\u00fcr eine zukunftsf\u00e4hige Wirtschaft\u00ab &#8211; Dr. phil. Christoph Quarch\",\"isPartOf\":{\"@id\":\"https:\\\/\\\/christophquarch.de\\\/#website\"},\"primaryImageOfPage\":{\"@id\":\"https:\\\/\\\/christophquarch.de\\\/autor\\\/shop\\\/oekonomie-neu-denken\\\/#primaryimage\"},\"image\":{\"@id\":\"https:\\\/\\\/christophquarch.de\\\/autor\\\/shop\\\/oekonomie-neu-denken\\\/#primaryimage\"},\"thumbnailUrl\":\"https:\\\/\\\/christophquarch.de\\\/wp-content\\\/uploads\\\/2024\\\/02\\\/christoph-quarch_oekonomie-neu-denken-buch.jpg\",\"datePublished\":\"2023-10-31T19:11:51+00:00\",\"dateModified\":\"2024-10-10T10:08:32+00:00\",\"description\":\"Impulse f\u00fcr ein Wirtschaften, das f\u00f6rderlich und nachhaltig ist von Christoph Quarch, Kirstine Fratz, Nicolas Dierks und Krisha Kops.\",\"breadcrumb\":{\"@id\":\"https:\\\/\\\/christophquarch.de\\\/autor\\\/shop\\\/oekonomie-neu-denken\\\/#breadcrumb\"},\"inLanguage\":\"en-US\",\"potentialAction\":[{\"@type\":\"ReadAction\",\"target\":[\"https:\\\/\\\/christophquarch.de\\\/autor\\\/shop\\\/oekonomie-neu-denken\\\/\"]}]},{\"@type\":\"ImageObject\",\"inLanguage\":\"en-US\",\"@id\":\"https:\\\/\\\/christophquarch.de\\\/autor\\\/shop\\\/oekonomie-neu-denken\\\/#primaryimage\",\"url\":\"https:\\\/\\\/christophquarch.de\\\/wp-content\\\/uploads\\\/2024\\\/02\\\/christoph-quarch_oekonomie-neu-denken-buch.jpg\",\"contentUrl\":\"https:\\\/\\\/christophquarch.de\\\/wp-content\\\/uploads\\\/2024\\\/02\\\/christoph-quarch_oekonomie-neu-denken-buch.jpg\",\"width\":695,\"height\":1080},{\"@type\":\"BreadcrumbList\",\"@id\":\"https:\\\/\\\/christophquarch.de\\\/autor\\\/shop\\\/oekonomie-neu-denken\\\/#breadcrumb\",\"itemListElement\":[{\"@type\":\"ListItem\",\"position\":1,\"name\":\"Startseite\",\"item\":\"https:\\\/\\\/christophquarch.de\\\/en\\\/\"},{\"@type\":\"ListItem\",\"position\":2,\"name\":\"Shop\",\"item\":\"https:\\\/\\\/christophquarch.de\\\/en\\\/author\\\/shop\\\/\"},{\"@type\":\"ListItem\",\"position\":3,\"name\":\"\u00bb\u00d6konomie neu denken: Impulse f\u00fcr eine zukunftsf\u00e4hige Wirtschaft\u00ab\"}]},{\"@type\":\"WebSite\",\"@id\":\"https:\\\/\\\/christophquarch.de\\\/#website\",\"url\":\"https:\\\/\\\/christophquarch.de\\\/\",\"name\":\"Philosoph Christoph Quarch\",\"description\":\"Philosoph Autor Redner Denkbegleiter\",\"publisher\":{\"@id\":\"https:\\\/\\\/christophquarch.de\\\/#organization\"},\"potentialAction\":[{\"@type\":\"SearchAction\",\"target\":{\"@type\":\"EntryPoint\",\"urlTemplate\":\"https:\\\/\\\/christophquarch.de\\\/?s={search_term_string}\"},\"query-input\":{\"@type\":\"PropertyValueSpecification\",\"valueRequired\":true,\"valueName\":\"search_term_string\"}}],\"inLanguage\":\"en-US\"},{\"@type\":\"Organization\",\"@id\":\"https:\\\/\\\/christophquarch.de\\\/#organization\",\"name\":\"Philosoph Christoph Quarch\",\"url\":\"https:\\\/\\\/christophquarch.de\\\/\",\"logo\":{\"@type\":\"ImageObject\",\"inLanguage\":\"en-US\",\"@id\":\"https:\\\/\\\/christophquarch.de\\\/#\\\/schema\\\/logo\\\/image\\\/\",\"url\":\"https:\\\/\\\/christophquarch.de\\\/wp-content\\\/uploads\\\/2023\\\/07\\\/christoph-quarch-logo.svg\",\"contentUrl\":\"https:\\\/\\\/christophquarch.de\\\/wp-content\\\/uploads\\\/2023\\\/07\\\/christoph-quarch-logo.svg\",\"width\":662,\"height\":45,\"caption\":\"Philosoph Christoph Quarch\"},\"image\":{\"@id\":\"https:\\\/\\\/christophquarch.de\\\/#\\\/schema\\\/logo\\\/image\\\/\"},\"sameAs\":[\"https:\\\/\\\/www.facebook.com\\\/christophquarch\",\"https:\\\/\\\/www.instagram.com\\\/christophquarch\\\/\",\"https:\\\/\\\/www.linkedin.com\\\/in\\\/dr-phil-christoph-quarch-76a46a33\\\/\",\"https:\\\/\\\/www.youtube.com\\\/channel\\\/UCyFpe-vAt0JCZ7OKe2KPTaw\"]}]}<\/script>\n<!-- \/ Yoast SEO plugin. -->","yoast_head_json":{"title":"\u00bb\u00d6konomie neu denken: Impulse f\u00fcr eine zukunftsf\u00e4hige Wirtschaft\u00ab &#8211; Dr. phil. Christoph Quarch","description":"Impulse f\u00fcr ein Wirtschaften, das f\u00f6rderlich und nachhaltig ist von Christoph Quarch, Kirstine Fratz, Nicolas Dierks und Krisha Kops.","robots":{"index":"index","follow":"follow","max-snippet":"max-snippet:-1","max-image-preview":"max-image-preview:large","max-video-preview":"max-video-preview:-1"},"canonical":"https:\/\/christophquarch.de\/autor\/shop\/oekonomie-neu-denken\/","og_locale":"en_US","og_type":"article","og_title":"\u00bb\u00d6konomie neu denken: Impulse f\u00fcr eine zukunftsf\u00e4hige Wirtschaft\u00ab &#8211; Dr. phil. Christoph Quarch","og_description":"Impulse f\u00fcr ein Wirtschaften, das f\u00f6rderlich und nachhaltig ist von Christoph Quarch, Kirstine Fratz, Nicolas Dierks und Krisha Kops.","og_url":"https:\/\/christophquarch.de\/autor\/shop\/oekonomie-neu-denken\/","og_site_name":"Dr. phil. Christoph Quarch","article_publisher":"https:\/\/www.facebook.com\/christophquarch","article_modified_time":"2024-10-10T10:08:32+00:00","og_image":[{"width":695,"height":1080,"url":"https:\/\/christophquarch.de\/wp-content\/uploads\/2024\/02\/christoph-quarch_oekonomie-neu-denken-buch.jpg","type":"image\/jpeg"}],"twitter_card":"summary_large_image","twitter_misc":{"Est. reading time":"1 minute"},"schema":{"@context":"https:\/\/schema.org","@graph":[{"@type":"WebPage","@id":"https:\/\/christophquarch.de\/autor\/shop\/oekonomie-neu-denken\/","url":"https:\/\/christophquarch.de\/autor\/shop\/oekonomie-neu-denken\/","name":"\u00bb\u00d6konomie neu denken: Impulse f\u00fcr eine zukunftsf\u00e4hige Wirtschaft\u00ab &#8211; Dr. phil. Christoph Quarch","isPartOf":{"@id":"https:\/\/christophquarch.de\/#website"},"primaryImageOfPage":{"@id":"https:\/\/christophquarch.de\/autor\/shop\/oekonomie-neu-denken\/#primaryimage"},"image":{"@id":"https:\/\/christophquarch.de\/autor\/shop\/oekonomie-neu-denken\/#primaryimage"},"thumbnailUrl":"https:\/\/christophquarch.de\/wp-content\/uploads\/2024\/02\/christoph-quarch_oekonomie-neu-denken-buch.jpg","datePublished":"2023-10-31T19:11:51+00:00","dateModified":"2024-10-10T10:08:32+00:00","description":"Impulse f\u00fcr ein Wirtschaften, das f\u00f6rderlich und nachhaltig ist von Christoph Quarch, Kirstine Fratz, Nicolas Dierks und Krisha Kops.","breadcrumb":{"@id":"https:\/\/christophquarch.de\/autor\/shop\/oekonomie-neu-denken\/#breadcrumb"},"inLanguage":"en-US","potentialAction":[{"@type":"ReadAction","target":["https:\/\/christophquarch.de\/autor\/shop\/oekonomie-neu-denken\/"]}]},{"@type":"ImageObject","inLanguage":"en-US","@id":"https:\/\/christophquarch.de\/autor\/shop\/oekonomie-neu-denken\/#primaryimage","url":"https:\/\/christophquarch.de\/wp-content\/uploads\/2024\/02\/christoph-quarch_oekonomie-neu-denken-buch.jpg","contentUrl":"https:\/\/christophquarch.de\/wp-content\/uploads\/2024\/02\/christoph-quarch_oekonomie-neu-denken-buch.jpg","width":695,"height":1080},{"@type":"BreadcrumbList","@id":"https:\/\/christophquarch.de\/autor\/shop\/oekonomie-neu-denken\/#breadcrumb","itemListElement":[{"@type":"ListItem","position":1,"name":"Startseite","item":"https:\/\/christophquarch.de\/en\/"},{"@type":"ListItem","position":2,"name":"Shop","item":"https:\/\/christophquarch.de\/en\/author\/shop\/"},{"@type":"ListItem","position":3,"name":"\u00bb\u00d6konomie neu denken: Impulse f\u00fcr eine zukunftsf\u00e4hige Wirtschaft\u00ab"}]},{"@type":"WebSite","@id":"https:\/\/christophquarch.de\/#website","url":"https:\/\/christophquarch.de\/","name":"Philosoph Christoph Quarch","description":"Philosoph Autor Redner Denkbegleiter","publisher":{"@id":"https:\/\/christophquarch.de\/#organization"},"potentialAction":[{"@type":"SearchAction","target":{"@type":"EntryPoint","urlTemplate":"https:\/\/christophquarch.de\/?s={search_term_string}"},"query-input":{"@type":"PropertyValueSpecification","valueRequired":true,"valueName":"search_term_string"}}],"inLanguage":"en-US"},{"@type":"Organization","@id":"https:\/\/christophquarch.de\/#organization","name":"Philosoph Christoph Quarch","url":"https:\/\/christophquarch.de\/","logo":{"@type":"ImageObject","inLanguage":"en-US","@id":"https:\/\/christophquarch.de\/#\/schema\/logo\/image\/","url":"https:\/\/christophquarch.de\/wp-content\/uploads\/2023\/07\/christoph-quarch-logo.svg","contentUrl":"https:\/\/christophquarch.de\/wp-content\/uploads\/2023\/07\/christoph-quarch-logo.svg","width":662,"height":45,"caption":"Philosoph Christoph Quarch"},"image":{"@id":"https:\/\/christophquarch.de\/#\/schema\/logo\/image\/"},"sameAs":["https:\/\/www.facebook.com\/christophquarch","https:\/\/www.instagram.com\/christophquarch\/","https:\/\/www.linkedin.com\/in\/dr-phil-christoph-quarch-76a46a33\/","https:\/\/www.youtube.com\/channel\/UCyFpe-vAt0JCZ7OKe2KPTaw"]}]}},"_links":{"self":[{"href":"https:\/\/christophquarch.de\/en\/wp-json\/wp\/v2\/product\/12219","targetHints":{"allow":["GET"]}}],"collection":[{"href":"https:\/\/christophquarch.de\/en\/wp-json\/wp\/v2\/product"}],"about":[{"href":"https:\/\/christophquarch.de\/en\/wp-json\/wp\/v2\/types\/product"}],"wp:featuredmedia":[{"embeddable":true,"href":"https:\/\/christophquarch.de\/en\/wp-json\/wp\/v2\/media\/12350"}],"wp:attachment":[{"href":"https:\/\/christophquarch.de\/en\/wp-json\/wp\/v2\/media?parent=12219"}],"wp:term":[{"taxonomy":"product_brand","embeddable":true,"href":"https:\/\/christophquarch.de\/en\/wp-json\/wp\/v2\/product_brand?post=12219"},{"taxonomy":"product_cat","embeddable":true,"href":"https:\/\/christophquarch.de\/en\/wp-json\/wp\/v2\/product_cat?post=12219"},{"taxonomy":"product_tag","embeddable":true,"href":"https:\/\/christophquarch.de\/en\/wp-json\/wp\/v2\/product_tag?post=12219"}],"curies":[{"name":"wp","href":"https:\/\/api.w.org\/{rel}","templated":true}]}}