{"id":12191,"date":"2023-09-25T13:16:43","date_gmt":"2023-09-25T11:16:43","guid":{"rendered":"https:\/\/christophquarch.de\/?post_type=product&#038;p=12191"},"modified":"2026-01-30T23:48:49","modified_gmt":"2026-01-30T22:48:49","slug":"entscheidungen-nicht-denken-ist-auch-keine-loesung","status":"publish","type":"product","link":"https:\/\/christophquarch.de\/en\/autor\/shop\/entscheidungen-nicht-denken-ist-auch-keine-loesung\/","title":{"rendered":"\u00bbEntscheidungen: Nicht denken ist auch keine L\u00f6sung\u00ab"},"content":{"rendered":"<p><strong>Alles nur eine Sache des Bauchgef\u00fchls?<\/strong><br>\n<strong>Ent\u00adschei\u00adden mit Kopf und&nbsp;Herz<\/strong><\/p>\n<p>Was ist eine gute Ent\u00adschei\u00addung? Gibt es so etwas \u00fcber\u00adhaupt \u2013 und wenn ja: Wie trifft man eine gute Ent\u00adschei\u00addung? Die Phi\u00adlo\u00adso\u00adphie bie\u00adtet eine soli\u00adde und f\u00fcr jeder\u00admann im All\u00adtag anwend\u00adba\u00adre Grund\u00adla\u00adge daf\u00fcr, auf eine gute Wei\u00adse ent\u00adschei\u00adden zu k\u00f6n\u00adnen. Denn ganz ohne Den\u00adken geht es&nbsp;nicht.<\/p>\n<p>K\u00fcn\u00addi\u00adgen oder blei\u00adben? Auf\u00adge\u00adben oder durch\u00adhal\u00adten? Vom Banals\u00adten bis zum Wich\u00adtigs\u00adten \u2013 die Fra\u00adge, was man tun soll, holt einen immer wie\u00adder ein, und ist nur sel\u00adten leicht zu beant\u00adwor\u00adten. Ver\u00adschie\u00adde\u00adne Stim\u00admen kon\u00adkur\u00adrie\u00adren mit\u00adein\u00adan\u00adder, die Intui\u00adti\u00adon bleibt aus, Argu\u00admen\u00adte und Gegen\u00adar\u00adgu\u00admen\u00adte hal\u00adten sich im schlimms\u00adten Fall die Waa\u00adge. Genau hier setzt Chris\u00adtoph Quarchs phi\u00adlo\u00adso\u00adphi\u00adscher Ent\u00adschei\u00addungs\u00adhel\u00adfer an: Unter\u00adhalt\u00adsam, infor\u00adma\u00adtiv und prak\u00adtisch iden\u00adti\u00adfi\u00adziert er die Fak\u00adto\u00adren, die bei der Ent\u00adschei\u00addungs\u00adfin\u00addung eine Rol\u00adle spie\u00adlen und zeigt Wege, wie wir die\u00adse Fak\u00adto\u00adren gewich\u00adten und ber\u00fcck\u00adsich\u00adtig\u00adten k\u00f6n\u00adnen. Aus Erkennt\u00adnis\u00adsen der Neu\u00adro\u00adpsy\u00adcho\u00adlo\u00adgie und Phi\u00adlo\u00adso\u00adphie ent\u00adsteht ein spie\u00adle\u00adri\u00adscher Zugang, bei dem der Leser in all\u00adt\u00e4g\u00adli\u00adche Ent\u00adschei\u00addungs\u00adsi\u00adtua\u00adtio\u00adnen ver\u00adsetzt wird und unter\u00adschied\u00adli\u00adche Ent\u00adschei\u00addungs\u00adwe\u00adge durch\u00adspie\u00adlen kann. Am Ende wird er \u00fcber ein umfas\u00adsen\u00addes Arse\u00adnal an Ent\u00adschei\u00addungs\u00adhel\u00adfern ver\u00adf\u00fc\u00adgen und sei\u00adne eige\u00adne Ent\u00adschei\u00addun\u00adgen ver\u00adant\u00adwor\u00adtungs\u00adbe\u00adwusst und mit einem gutem Gef\u00fchl tref\u00adfen k\u00f6nnen.<\/p>\n<p><em><strong>signiert von Chris\u00adtoph Quarch<\/strong><\/em><\/p>\n<p><em>GR\u00c4FE UND&nbsp;UNZER<br>\nKlap\u00adpen\u00adbro\u00adschur, 208 Seiten<br>\nISBN 978\u20133\u201133861710<br>\nVer\u00adsand nur inner\u00adhalb Deutsch\u00adlands. Das Buch ist in der Schweiz\/EU im Buch\u00adhan\u00addel erh\u00e4ltlich.&nbsp;<\/em><\/p>\n","protected":false},"excerpt":{"rendered":"<p>Alles nur eine Sache des Bauch\u00adge\u00adf\u00fchls? Ent\u00adschei\u00adden mit Kopf und&nbsp;Herz Was ist eine gute Ent\u00adschei\u00addung? Gibt es so etwas \u00fcberhaupt&nbsp;\u2026&nbsp;<\/p>\n<p class=\"read-more-container\"><a title=\"\u00bbEntscheidungen: Nicht denken ist auch keine L\u00f6sung\u00ab\" class=\"read-more button\" href=\"https:\/\/christophquarch.de\/en\/autor\/shop\/entscheidungen-nicht-denken-ist-auch-keine-loesung\/#more-12191\" aria-label=\"Read more about \u00bbEntscheidungen: Nicht denken ist auch keine L\u00f6sung\u00ab\">Wei\u00adter\u00adle\u00adsen<\/a><\/p>\n","protected":false},"featured_media":12163,"template":"","meta":{"_acf_changed":false,"wp_typography_post_enhancements_disabled":false},"product_brand":[],"product_cat":[17],"product_tag":[648,630],"class_list":{"0":"post-12191","1":"product","2":"type-product","3":"status-publish","4":"has-post-thumbnail","6":"product_cat-buecher-essays-signiert","7":"product_tag-nicht-denken-ist-auch-keine-loesung","8":"product_tag-quarch","9":"product_shipping_class-buecherversand","10":"resize-featured-image","12":"first","13":"instock","14":"taxable","15":"shipping-taxable","16":"purchasable","17":"product-type-simple"},"acf":[],"yoast_head":"<!-- This site is optimized with the Yoast SEO plugin v27.3 - https:\/\/yoast.com\/product\/yoast-seo-wordpress\/ -->\n<title>\u00bbEntscheidungen: Nicht denken ist auch keine L\u00f6sung\u00ab &#8211; Dr. phil. Christoph Quarch<\/title>\n<meta name=\"description\" content=\"Wir entscheiden st\u00e4ndig und denken wenig dar\u00fcber nach, was eine gute Entscheidung ist. Bei mancher Lebensentscheidung w\u00e4re ein kurzes Innehalten gut.\" \/>\n<meta name=\"robots\" content=\"index, follow, max-snippet:-1, max-image-preview:large, max-video-preview:-1\" \/>\n<link rel=\"canonical\" href=\"https:\/\/christophquarch.de\/autor\/shop\/entscheidungen-nicht-denken-ist-auch-keine-loesung\/\" \/>\n<meta property=\"og:locale\" content=\"en_US\" \/>\n<meta property=\"og:type\" content=\"article\" \/>\n<meta property=\"og:title\" content=\"\u00bbEntscheidungen: Nicht denken ist auch keine L\u00f6sung\u00ab &#8211; Dr. phil. Christoph Quarch\" \/>\n<meta property=\"og:description\" content=\"Wir entscheiden st\u00e4ndig und denken wenig dar\u00fcber nach, was eine gute Entscheidung ist. Bei mancher Lebensentscheidung w\u00e4re ein kurzes Innehalten gut.\" \/>\n<meta property=\"og:url\" content=\"https:\/\/christophquarch.de\/autor\/shop\/entscheidungen-nicht-denken-ist-auch-keine-loesung\/\" \/>\n<meta property=\"og:site_name\" content=\"Dr. phil. Christoph Quarch\" \/>\n<meta property=\"article:publisher\" content=\"https:\/\/www.facebook.com\/christophquarch\" \/>\n<meta property=\"article:modified_time\" content=\"2026-01-30T22:48:49+00:00\" \/>\n<meta property=\"og:image\" content=\"https:\/\/christophquarch.de\/wp-content\/uploads\/2018\/01\/Nicht-Denken.jpg\" \/>\n\t<meta property=\"og:image:width\" content=\"301\" \/>\n\t<meta property=\"og:image:height\" content=\"466\" \/>\n\t<meta property=\"og:image:type\" content=\"image\/jpeg\" \/>\n<meta name=\"twitter:card\" content=\"summary_large_image\" \/>\n<meta name=\"twitter:label1\" content=\"Est. reading time\" \/>\n\t<meta name=\"twitter:data1\" content=\"2 minutes\" \/>\n<script type=\"application\/ld+json\" class=\"yoast-schema-graph\">{\"@context\":\"https:\\\/\\\/schema.org\",\"@graph\":[{\"@type\":\"WebPage\",\"@id\":\"https:\\\/\\\/christophquarch.de\\\/autor\\\/shop\\\/entscheidungen-nicht-denken-ist-auch-keine-loesung\\\/\",\"url\":\"https:\\\/\\\/christophquarch.de\\\/autor\\\/shop\\\/entscheidungen-nicht-denken-ist-auch-keine-loesung\\\/\",\"name\":\"\u00bbEntscheidungen: Nicht denken ist auch keine L\u00f6sung\u00ab &#8211; Dr. phil. Christoph Quarch\",\"isPartOf\":{\"@id\":\"https:\\\/\\\/christophquarch.de\\\/#website\"},\"primaryImageOfPage\":{\"@id\":\"https:\\\/\\\/christophquarch.de\\\/autor\\\/shop\\\/entscheidungen-nicht-denken-ist-auch-keine-loesung\\\/#primaryimage\"},\"image\":{\"@id\":\"https:\\\/\\\/christophquarch.de\\\/autor\\\/shop\\\/entscheidungen-nicht-denken-ist-auch-keine-loesung\\\/#primaryimage\"},\"thumbnailUrl\":\"https:\\\/\\\/christophquarch.de\\\/wp-content\\\/uploads\\\/2018\\\/01\\\/Nicht-Denken.jpg\",\"datePublished\":\"2023-09-25T11:16:43+00:00\",\"dateModified\":\"2026-01-30T22:48:49+00:00\",\"description\":\"Wir entscheiden st\u00e4ndig und denken wenig dar\u00fcber nach, was eine gute Entscheidung ist. Bei mancher Lebensentscheidung w\u00e4re ein kurzes Innehalten gut.\",\"breadcrumb\":{\"@id\":\"https:\\\/\\\/christophquarch.de\\\/autor\\\/shop\\\/entscheidungen-nicht-denken-ist-auch-keine-loesung\\\/#breadcrumb\"},\"inLanguage\":\"en-US\",\"potentialAction\":[{\"@type\":\"ReadAction\",\"target\":[\"https:\\\/\\\/christophquarch.de\\\/autor\\\/shop\\\/entscheidungen-nicht-denken-ist-auch-keine-loesung\\\/\"]}]},{\"@type\":\"ImageObject\",\"inLanguage\":\"en-US\",\"@id\":\"https:\\\/\\\/christophquarch.de\\\/autor\\\/shop\\\/entscheidungen-nicht-denken-ist-auch-keine-loesung\\\/#primaryimage\",\"url\":\"https:\\\/\\\/christophquarch.de\\\/wp-content\\\/uploads\\\/2018\\\/01\\\/Nicht-Denken.jpg\",\"contentUrl\":\"https:\\\/\\\/christophquarch.de\\\/wp-content\\\/uploads\\\/2018\\\/01\\\/Nicht-Denken.jpg\",\"width\":301,\"height\":466},{\"@type\":\"BreadcrumbList\",\"@id\":\"https:\\\/\\\/christophquarch.de\\\/autor\\\/shop\\\/entscheidungen-nicht-denken-ist-auch-keine-loesung\\\/#breadcrumb\",\"itemListElement\":[{\"@type\":\"ListItem\",\"position\":1,\"name\":\"Startseite\",\"item\":\"https:\\\/\\\/christophquarch.de\\\/en\\\/\"},{\"@type\":\"ListItem\",\"position\":2,\"name\":\"Shop\",\"item\":\"https:\\\/\\\/christophquarch.de\\\/en\\\/author\\\/shop\\\/\"},{\"@type\":\"ListItem\",\"position\":3,\"name\":\"\u00bbEntscheidungen: Nicht denken ist auch keine L\u00f6sung\u00ab\"}]},{\"@type\":\"WebSite\",\"@id\":\"https:\\\/\\\/christophquarch.de\\\/#website\",\"url\":\"https:\\\/\\\/christophquarch.de\\\/\",\"name\":\"Philosoph Christoph Quarch\",\"description\":\"Philosoph Autor Redner Denkbegleiter\",\"publisher\":{\"@id\":\"https:\\\/\\\/christophquarch.de\\\/#organization\"},\"potentialAction\":[{\"@type\":\"SearchAction\",\"target\":{\"@type\":\"EntryPoint\",\"urlTemplate\":\"https:\\\/\\\/christophquarch.de\\\/?s={search_term_string}\"},\"query-input\":{\"@type\":\"PropertyValueSpecification\",\"valueRequired\":true,\"valueName\":\"search_term_string\"}}],\"inLanguage\":\"en-US\"},{\"@type\":\"Organization\",\"@id\":\"https:\\\/\\\/christophquarch.de\\\/#organization\",\"name\":\"Philosoph Christoph Quarch\",\"url\":\"https:\\\/\\\/christophquarch.de\\\/\",\"logo\":{\"@type\":\"ImageObject\",\"inLanguage\":\"en-US\",\"@id\":\"https:\\\/\\\/christophquarch.de\\\/#\\\/schema\\\/logo\\\/image\\\/\",\"url\":\"https:\\\/\\\/christophquarch.de\\\/wp-content\\\/uploads\\\/2023\\\/07\\\/christoph-quarch-logo.svg\",\"contentUrl\":\"https:\\\/\\\/christophquarch.de\\\/wp-content\\\/uploads\\\/2023\\\/07\\\/christoph-quarch-logo.svg\",\"width\":662,\"height\":45,\"caption\":\"Philosoph Christoph Quarch\"},\"image\":{\"@id\":\"https:\\\/\\\/christophquarch.de\\\/#\\\/schema\\\/logo\\\/image\\\/\"},\"sameAs\":[\"https:\\\/\\\/www.facebook.com\\\/christophquarch\",\"https:\\\/\\\/www.instagram.com\\\/christophquarch\\\/\",\"https:\\\/\\\/www.linkedin.com\\\/in\\\/dr-phil-christoph-quarch-76a46a33\\\/\",\"https:\\\/\\\/www.youtube.com\\\/channel\\\/UCyFpe-vAt0JCZ7OKe2KPTaw\"]}]}<\/script>\n<!-- \/ Yoast SEO plugin. -->","yoast_head_json":{"title":"\u00bbEntscheidungen: Nicht denken ist auch keine L\u00f6sung\u00ab &#8211; Dr. phil. Christoph Quarch","description":"Wir entscheiden st\u00e4ndig und denken wenig dar\u00fcber nach, was eine gute Entscheidung ist. Bei mancher Lebensentscheidung w\u00e4re ein kurzes Innehalten gut.","robots":{"index":"index","follow":"follow","max-snippet":"max-snippet:-1","max-image-preview":"max-image-preview:large","max-video-preview":"max-video-preview:-1"},"canonical":"https:\/\/christophquarch.de\/autor\/shop\/entscheidungen-nicht-denken-ist-auch-keine-loesung\/","og_locale":"en_US","og_type":"article","og_title":"\u00bbEntscheidungen: Nicht denken ist auch keine L\u00f6sung\u00ab &#8211; Dr. phil. Christoph Quarch","og_description":"Wir entscheiden st\u00e4ndig und denken wenig dar\u00fcber nach, was eine gute Entscheidung ist. Bei mancher Lebensentscheidung w\u00e4re ein kurzes Innehalten gut.","og_url":"https:\/\/christophquarch.de\/autor\/shop\/entscheidungen-nicht-denken-ist-auch-keine-loesung\/","og_site_name":"Dr. phil. Christoph Quarch","article_publisher":"https:\/\/www.facebook.com\/christophquarch","article_modified_time":"2026-01-30T22:48:49+00:00","og_image":[{"width":301,"height":466,"url":"https:\/\/christophquarch.de\/wp-content\/uploads\/2018\/01\/Nicht-Denken.jpg","type":"image\/jpeg"}],"twitter_card":"summary_large_image","twitter_misc":{"Est. reading time":"2 minutes"},"schema":{"@context":"https:\/\/schema.org","@graph":[{"@type":"WebPage","@id":"https:\/\/christophquarch.de\/autor\/shop\/entscheidungen-nicht-denken-ist-auch-keine-loesung\/","url":"https:\/\/christophquarch.de\/autor\/shop\/entscheidungen-nicht-denken-ist-auch-keine-loesung\/","name":"\u00bbEntscheidungen: Nicht denken ist auch keine L\u00f6sung\u00ab &#8211; Dr. phil. Christoph Quarch","isPartOf":{"@id":"https:\/\/christophquarch.de\/#website"},"primaryImageOfPage":{"@id":"https:\/\/christophquarch.de\/autor\/shop\/entscheidungen-nicht-denken-ist-auch-keine-loesung\/#primaryimage"},"image":{"@id":"https:\/\/christophquarch.de\/autor\/shop\/entscheidungen-nicht-denken-ist-auch-keine-loesung\/#primaryimage"},"thumbnailUrl":"https:\/\/christophquarch.de\/wp-content\/uploads\/2018\/01\/Nicht-Denken.jpg","datePublished":"2023-09-25T11:16:43+00:00","dateModified":"2026-01-30T22:48:49+00:00","description":"Wir entscheiden st\u00e4ndig und denken wenig dar\u00fcber nach, was eine gute Entscheidung ist. Bei mancher Lebensentscheidung w\u00e4re ein kurzes Innehalten gut.","breadcrumb":{"@id":"https:\/\/christophquarch.de\/autor\/shop\/entscheidungen-nicht-denken-ist-auch-keine-loesung\/#breadcrumb"},"inLanguage":"en-US","potentialAction":[{"@type":"ReadAction","target":["https:\/\/christophquarch.de\/autor\/shop\/entscheidungen-nicht-denken-ist-auch-keine-loesung\/"]}]},{"@type":"ImageObject","inLanguage":"en-US","@id":"https:\/\/christophquarch.de\/autor\/shop\/entscheidungen-nicht-denken-ist-auch-keine-loesung\/#primaryimage","url":"https:\/\/christophquarch.de\/wp-content\/uploads\/2018\/01\/Nicht-Denken.jpg","contentUrl":"https:\/\/christophquarch.de\/wp-content\/uploads\/2018\/01\/Nicht-Denken.jpg","width":301,"height":466},{"@type":"BreadcrumbList","@id":"https:\/\/christophquarch.de\/autor\/shop\/entscheidungen-nicht-denken-ist-auch-keine-loesung\/#breadcrumb","itemListElement":[{"@type":"ListItem","position":1,"name":"Startseite","item":"https:\/\/christophquarch.de\/en\/"},{"@type":"ListItem","position":2,"name":"Shop","item":"https:\/\/christophquarch.de\/en\/author\/shop\/"},{"@type":"ListItem","position":3,"name":"\u00bbEntscheidungen: Nicht denken ist auch keine L\u00f6sung\u00ab"}]},{"@type":"WebSite","@id":"https:\/\/christophquarch.de\/#website","url":"https:\/\/christophquarch.de\/","name":"Philosoph Christoph Quarch","description":"Philosoph Autor Redner Denkbegleiter","publisher":{"@id":"https:\/\/christophquarch.de\/#organization"},"potentialAction":[{"@type":"SearchAction","target":{"@type":"EntryPoint","urlTemplate":"https:\/\/christophquarch.de\/?s={search_term_string}"},"query-input":{"@type":"PropertyValueSpecification","valueRequired":true,"valueName":"search_term_string"}}],"inLanguage":"en-US"},{"@type":"Organization","@id":"https:\/\/christophquarch.de\/#organization","name":"Philosoph Christoph Quarch","url":"https:\/\/christophquarch.de\/","logo":{"@type":"ImageObject","inLanguage":"en-US","@id":"https:\/\/christophquarch.de\/#\/schema\/logo\/image\/","url":"https:\/\/christophquarch.de\/wp-content\/uploads\/2023\/07\/christoph-quarch-logo.svg","contentUrl":"https:\/\/christophquarch.de\/wp-content\/uploads\/2023\/07\/christoph-quarch-logo.svg","width":662,"height":45,"caption":"Philosoph Christoph Quarch"},"image":{"@id":"https:\/\/christophquarch.de\/#\/schema\/logo\/image\/"},"sameAs":["https:\/\/www.facebook.com\/christophquarch","https:\/\/www.instagram.com\/christophquarch\/","https:\/\/www.linkedin.com\/in\/dr-phil-christoph-quarch-76a46a33\/","https:\/\/www.youtube.com\/channel\/UCyFpe-vAt0JCZ7OKe2KPTaw"]}]}},"_links":{"self":[{"href":"https:\/\/christophquarch.de\/en\/wp-json\/wp\/v2\/product\/12191","targetHints":{"allow":["GET"]}}],"collection":[{"href":"https:\/\/christophquarch.de\/en\/wp-json\/wp\/v2\/product"}],"about":[{"href":"https:\/\/christophquarch.de\/en\/wp-json\/wp\/v2\/types\/product"}],"wp:featuredmedia":[{"embeddable":true,"href":"https:\/\/christophquarch.de\/en\/wp-json\/wp\/v2\/media\/12163"}],"wp:attachment":[{"href":"https:\/\/christophquarch.de\/en\/wp-json\/wp\/v2\/media?parent=12191"}],"wp:term":[{"taxonomy":"product_brand","embeddable":true,"href":"https:\/\/christophquarch.de\/en\/wp-json\/wp\/v2\/product_brand?post=12191"},{"taxonomy":"product_cat","embeddable":true,"href":"https:\/\/christophquarch.de\/en\/wp-json\/wp\/v2\/product_cat?post=12191"},{"taxonomy":"product_tag","embeddable":true,"href":"https:\/\/christophquarch.de\/en\/wp-json\/wp\/v2\/product_tag?post=12191"}],"curies":[{"name":"wp","href":"https:\/\/api.w.org\/{rel}","templated":true}]}}