{"id":12187,"date":"2023-09-25T13:11:16","date_gmt":"2023-09-25T11:11:16","guid":{"rendered":"https:\/\/christophquarch.de\/?post_type=product&#038;p=12187"},"modified":"2026-01-30T23:48:49","modified_gmt":"2026-01-30T22:48:49","slug":"kann-ich-darf-ich-soll-ich-philosophische-antworten-auf-alltaegliche-fragen-3","status":"publish","type":"product","link":"https:\/\/christophquarch.de\/en\/autor\/shop\/kann-ich-darf-ich-soll-ich-philosophische-antworten-auf-alltaegliche-fragen-3\/","title":{"rendered":"\u00bbKann ich? Darf ich? Soll ich? Philosophische Antworten auf allt\u00e4gliche Fragen\u00ab"},"content":{"rendered":"<p>Gibt es Schick\u00adsal?&nbsp;Muss ich mich f\u00fcr Poli\u00adtik inter\u00ades\u00adsie\u00adren?&nbsp;Ist es wich\u00adtig, etwas Eige\u00adnes schaf\u00adfen zu wollen?<\/p>\n<p>Das Leben stellt dir vie\u00adle Fra\u00adgen.&nbsp;Und jede Fra\u00adge l\u00e4dt dich dazu ein, die Welt und dein Leben bes\u00adser zu verstehen.<\/p>\n<p>Der Phi\u00adlo\u00adsoph Chris\u00adtoph Quarch \u00fcber\u00adrascht dich damit, was Han\u00adnah Are\u00adndt und Co. zu dei\u00adnen all\u00adt\u00e4g\u00adli\u00adchen Sor\u00adgen zu sagen&nbsp;haben.<\/p>\n<p>Dir wer\u00adden die Gedan\u00adken von 32 wei\u00adsen Frau\u00aden und M\u00e4n\u00adnern auf die gro\u00ad\u00dfen und klei\u00adnen Fra\u00adgen des moder\u00adnen Lebens pr\u00e4\u00adsen\u00adtiert: ein Buch zum Nach- und Wei\u00adter\u00adden\u00adken, bei dem man ganz neben\u00adbei die wich\u00adtigs\u00adten K\u00f6p\u00adfe der euro\u00adp\u00e4i\u00adschen Phi\u00adlo\u00adso\u00adphie\u00adge\u00adschich\u00adte ken\u00adnen\u00adlernt, die\u00adse fin\u00addest du zudem wun\u00adder\u00adbar illus\u00adtriert von Patri\u00adcia Schellenberger.<\/p>\n<p>Ein phi\u00adlo\u00adso\u00adphi\u00adscher Rat\u00adge\u00adber f\u00fcr dei\u00adne per\u00ads\u00f6n\u00adli\u00adche Lebens\u00adge\u00adstal\u00adtung und garan\u00adtiert ohne Covid-19 Ratschl\u00e4ge.<\/p>\n<p><strong>+++<\/strong><\/p>\n<p><strong>signiert von Chris\u00adtoph Quarch<\/strong><\/p>\n<p><em>Gebun\u00adde\u00adne Ausgabe<\/em><br>\n<em>177 Sei\u00adten \u2013 32 Phi\u00adlo\u00adso\u00adphen-Illus\u00adtra\u00adtio\u00adnen von <a href=\"https:\/\/patriciaschellenberger.de\/\">Patri\u00adcia Schellenberger<\/a><\/em><br>\n<em>14,90 \u20ac | 23,90<\/em> CHF Buch\u00adpreis Schweiz | 15,40 Euro Buch\u00adpreis \u00d6sterreich<br>\n<em>ISBN-13: 978\u20133\u2011948206\u201309\u20113<\/em><\/p>\n<p>Bit\u00adte beach\u00adten Sie, dass wir nur inner\u00adhalb Deutsch\u00adlands ver\u00adsen\u00adden. Das Buch ist in der Schweiz\/\u00d6sterreich im Buch\u00adhan\u00addel erh\u00e4ltlich.<\/p>\n","protected":false},"excerpt":{"rendered":"<p>Das Leben stellt dir vie\u00adle Fra\u00adgen. Und jede Fra\u00adge l\u00e4dt dazu ein, dich und die Welt bes\u00adser zu ver\u00adste\u00adhen.&nbsp; Der Phi\u00adlo\u00adsoph Chris\u00adtoph Quarch \u00fcber\u00adrascht dich damit, was Han\u00adnah Are\u00adndt und Co. zu dei\u00adnen all\u00adt\u00e4g\u00adli\u00adchen Sor\u00adgen zu sagen&nbsp;haben.<\/p>\n<p>&nbsp; <\/p>\n<p class=\"read-more-button-container\"><a class=\"button\" href=\"https:\/\/christophquarch.de\/en\/autor\/shop\/kann-ich-darf-ich-soll-ich-philosophische-antworten-auf-alltaegliche-fragen-3\/\">Read more<\/a><\/p>\n","protected":false},"featured_media":10952,"template":"","meta":{"_acf_changed":false,"wp_typography_post_enhancements_disabled":false},"product_brand":[],"product_cat":[17],"product_tag":[940,938,939,942,941,943,737,739,736,634,635,636,738],"class_list":{"0":"post-12187","1":"product","2":"type-product","3":"status-publish","4":"has-post-thumbnail","6":"product_cat-buecher-essays-signiert","7":"product_tag-christophquarch","8":"product_tag-philosophiereise","9":"product_tag-philosophieren","10":"product_tag-reisegeschenk","11":"product_tag-reisen","12":"product_tag-weihnachtsgeschenk","13":"product_tag-denken","14":"product_tag-lebenssinn","15":"product_tag-philosophie","16":"product_tag-philosophie-des-sinns","17":"product_tag-sinn","18":"product_tag-sinnhaftigkeit","19":"product_tag-sinnsuche","20":"product_shipping_class-buecherversand","21":"resize-featured-image","23":"first","24":"instock","25":"taxable","26":"shipping-taxable","27":"purchasable","28":"product-type-simple"},"acf":[],"yoast_head":"<!-- This site is optimized with the Yoast SEO plugin v27.3 - https:\/\/yoast.com\/product\/yoast-seo-wordpress\/ -->\n<title>\u00bbKann ich? Darf ich? Soll ich? Philosophische Antworten auf allt\u00e4gliche Fragen\u00ab &#8211; Dr. phil. Christoph Quarch<\/title>\n<meta name=\"description\" content=\"Philosophie f\u00fcr alle? Ein \u00dcbersetzungsmeister ist der Philosoph Christoph Quarch, er macht alte Gedanken f\u00fcr uns Neuzeitlichen verstehbar.\" \/>\n<meta name=\"robots\" content=\"index, follow, max-snippet:-1, max-image-preview:large, max-video-preview:-1\" \/>\n<link rel=\"canonical\" href=\"https:\/\/christophquarch.de\/autor\/shop\/kann-ich-darf-ich-soll-ich-philosophische-antworten-auf-alltaegliche-fragen-3\/\" \/>\n<meta property=\"og:locale\" content=\"en_US\" \/>\n<meta property=\"og:type\" content=\"article\" \/>\n<meta property=\"og:title\" content=\"\u00bbKann ich? Darf ich? Soll ich? Philosophische Antworten auf allt\u00e4gliche Fragen\u00ab &#8211; Dr. phil. Christoph Quarch\" \/>\n<meta property=\"og:description\" content=\"Philosophie f\u00fcr alle? Ein \u00dcbersetzungsmeister ist der Philosoph Christoph Quarch, er macht alte Gedanken f\u00fcr uns Neuzeitlichen verstehbar.\" \/>\n<meta property=\"og:url\" content=\"https:\/\/christophquarch.de\/autor\/shop\/kann-ich-darf-ich-soll-ich-philosophische-antworten-auf-alltaegliche-fragen-3\/\" \/>\n<meta property=\"og:site_name\" content=\"Dr. phil. Christoph Quarch\" \/>\n<meta property=\"article:publisher\" content=\"https:\/\/www.facebook.com\/christophquarch\" \/>\n<meta property=\"article:modified_time\" content=\"2026-01-30T22:48:49+00:00\" \/>\n<meta property=\"og:image\" content=\"https:\/\/christophquarch.de\/wp-content\/uploads\/2021\/04\/titelentwuerfe-2.jpg\" \/>\n\t<meta property=\"og:image:width\" content=\"1412\" \/>\n\t<meta property=\"og:image:height\" content=\"2000\" \/>\n\t<meta property=\"og:image:type\" content=\"image\/jpeg\" \/>\n<meta name=\"twitter:card\" content=\"summary_large_image\" \/>\n<meta name=\"twitter:label1\" content=\"Est. reading time\" \/>\n\t<meta name=\"twitter:data1\" content=\"2 minutes\" \/>\n<script type=\"application\/ld+json\" class=\"yoast-schema-graph\">{\"@context\":\"https:\\\/\\\/schema.org\",\"@graph\":[{\"@type\":\"WebPage\",\"@id\":\"https:\\\/\\\/christophquarch.de\\\/autor\\\/shop\\\/kann-ich-darf-ich-soll-ich-philosophische-antworten-auf-alltaegliche-fragen-3\\\/\",\"url\":\"https:\\\/\\\/christophquarch.de\\\/autor\\\/shop\\\/kann-ich-darf-ich-soll-ich-philosophische-antworten-auf-alltaegliche-fragen-3\\\/\",\"name\":\"\u00bbKann ich? Darf ich? Soll ich? Philosophische Antworten auf allt\u00e4gliche Fragen\u00ab &#8211; Dr. phil. Christoph Quarch\",\"isPartOf\":{\"@id\":\"https:\\\/\\\/christophquarch.de\\\/#website\"},\"primaryImageOfPage\":{\"@id\":\"https:\\\/\\\/christophquarch.de\\\/autor\\\/shop\\\/kann-ich-darf-ich-soll-ich-philosophische-antworten-auf-alltaegliche-fragen-3\\\/#primaryimage\"},\"image\":{\"@id\":\"https:\\\/\\\/christophquarch.de\\\/autor\\\/shop\\\/kann-ich-darf-ich-soll-ich-philosophische-antworten-auf-alltaegliche-fragen-3\\\/#primaryimage\"},\"thumbnailUrl\":\"https:\\\/\\\/christophquarch.de\\\/wp-content\\\/uploads\\\/2021\\\/04\\\/titelentwuerfe-2.jpg\",\"datePublished\":\"2023-09-25T11:11:16+00:00\",\"dateModified\":\"2026-01-30T22:48:49+00:00\",\"description\":\"Philosophie f\u00fcr alle? Ein \u00dcbersetzungsmeister ist der Philosoph Christoph Quarch, er macht alte Gedanken f\u00fcr uns Neuzeitlichen verstehbar.\",\"breadcrumb\":{\"@id\":\"https:\\\/\\\/christophquarch.de\\\/autor\\\/shop\\\/kann-ich-darf-ich-soll-ich-philosophische-antworten-auf-alltaegliche-fragen-3\\\/#breadcrumb\"},\"inLanguage\":\"en-US\",\"potentialAction\":[{\"@type\":\"ReadAction\",\"target\":[\"https:\\\/\\\/christophquarch.de\\\/autor\\\/shop\\\/kann-ich-darf-ich-soll-ich-philosophische-antworten-auf-alltaegliche-fragen-3\\\/\"]}]},{\"@type\":\"ImageObject\",\"inLanguage\":\"en-US\",\"@id\":\"https:\\\/\\\/christophquarch.de\\\/autor\\\/shop\\\/kann-ich-darf-ich-soll-ich-philosophische-antworten-auf-alltaegliche-fragen-3\\\/#primaryimage\",\"url\":\"https:\\\/\\\/christophquarch.de\\\/wp-content\\\/uploads\\\/2021\\\/04\\\/titelentwuerfe-2.jpg\",\"contentUrl\":\"https:\\\/\\\/christophquarch.de\\\/wp-content\\\/uploads\\\/2021\\\/04\\\/titelentwuerfe-2.jpg\",\"width\":1412,\"height\":2000,\"caption\":\"Kann ich von Christoph Quarch\"},{\"@type\":\"BreadcrumbList\",\"@id\":\"https:\\\/\\\/christophquarch.de\\\/autor\\\/shop\\\/kann-ich-darf-ich-soll-ich-philosophische-antworten-auf-alltaegliche-fragen-3\\\/#breadcrumb\",\"itemListElement\":[{\"@type\":\"ListItem\",\"position\":1,\"name\":\"Startseite\",\"item\":\"https:\\\/\\\/christophquarch.de\\\/en\\\/\"},{\"@type\":\"ListItem\",\"position\":2,\"name\":\"Shop\",\"item\":\"https:\\\/\\\/christophquarch.de\\\/en\\\/author\\\/shop\\\/\"},{\"@type\":\"ListItem\",\"position\":3,\"name\":\"\u00bbKann ich? Darf ich? Soll ich? Philosophische Antworten auf allt\u00e4gliche Fragen\u00ab\"}]},{\"@type\":\"WebSite\",\"@id\":\"https:\\\/\\\/christophquarch.de\\\/#website\",\"url\":\"https:\\\/\\\/christophquarch.de\\\/\",\"name\":\"Philosoph Christoph Quarch\",\"description\":\"Philosoph Autor Redner Denkbegleiter\",\"publisher\":{\"@id\":\"https:\\\/\\\/christophquarch.de\\\/#organization\"},\"potentialAction\":[{\"@type\":\"SearchAction\",\"target\":{\"@type\":\"EntryPoint\",\"urlTemplate\":\"https:\\\/\\\/christophquarch.de\\\/?s={search_term_string}\"},\"query-input\":{\"@type\":\"PropertyValueSpecification\",\"valueRequired\":true,\"valueName\":\"search_term_string\"}}],\"inLanguage\":\"en-US\"},{\"@type\":\"Organization\",\"@id\":\"https:\\\/\\\/christophquarch.de\\\/#organization\",\"name\":\"Philosoph Christoph Quarch\",\"url\":\"https:\\\/\\\/christophquarch.de\\\/\",\"logo\":{\"@type\":\"ImageObject\",\"inLanguage\":\"en-US\",\"@id\":\"https:\\\/\\\/christophquarch.de\\\/#\\\/schema\\\/logo\\\/image\\\/\",\"url\":\"https:\\\/\\\/christophquarch.de\\\/wp-content\\\/uploads\\\/2023\\\/07\\\/christoph-quarch-logo.svg\",\"contentUrl\":\"https:\\\/\\\/christophquarch.de\\\/wp-content\\\/uploads\\\/2023\\\/07\\\/christoph-quarch-logo.svg\",\"width\":662,\"height\":45,\"caption\":\"Philosoph Christoph Quarch\"},\"image\":{\"@id\":\"https:\\\/\\\/christophquarch.de\\\/#\\\/schema\\\/logo\\\/image\\\/\"},\"sameAs\":[\"https:\\\/\\\/www.facebook.com\\\/christophquarch\",\"https:\\\/\\\/www.instagram.com\\\/christophquarch\\\/\",\"https:\\\/\\\/www.linkedin.com\\\/in\\\/dr-phil-christoph-quarch-76a46a33\\\/\",\"https:\\\/\\\/www.youtube.com\\\/channel\\\/UCyFpe-vAt0JCZ7OKe2KPTaw\"]}]}<\/script>\n<!-- \/ Yoast SEO plugin. -->","yoast_head_json":{"title":"\u00bbKann ich? Darf ich? Soll ich? Philosophische Antworten auf allt\u00e4gliche Fragen\u00ab &#8211; Dr. phil. Christoph Quarch","description":"Philosophie f\u00fcr alle? Ein \u00dcbersetzungsmeister ist der Philosoph Christoph Quarch, er macht alte Gedanken f\u00fcr uns Neuzeitlichen verstehbar.","robots":{"index":"index","follow":"follow","max-snippet":"max-snippet:-1","max-image-preview":"max-image-preview:large","max-video-preview":"max-video-preview:-1"},"canonical":"https:\/\/christophquarch.de\/autor\/shop\/kann-ich-darf-ich-soll-ich-philosophische-antworten-auf-alltaegliche-fragen-3\/","og_locale":"en_US","og_type":"article","og_title":"\u00bbKann ich? Darf ich? Soll ich? Philosophische Antworten auf allt\u00e4gliche Fragen\u00ab &#8211; Dr. phil. Christoph Quarch","og_description":"Philosophie f\u00fcr alle? Ein \u00dcbersetzungsmeister ist der Philosoph Christoph Quarch, er macht alte Gedanken f\u00fcr uns Neuzeitlichen verstehbar.","og_url":"https:\/\/christophquarch.de\/autor\/shop\/kann-ich-darf-ich-soll-ich-philosophische-antworten-auf-alltaegliche-fragen-3\/","og_site_name":"Dr. phil. Christoph Quarch","article_publisher":"https:\/\/www.facebook.com\/christophquarch","article_modified_time":"2026-01-30T22:48:49+00:00","og_image":[{"width":1412,"height":2000,"url":"https:\/\/christophquarch.de\/wp-content\/uploads\/2021\/04\/titelentwuerfe-2.jpg","type":"image\/jpeg"}],"twitter_card":"summary_large_image","twitter_misc":{"Est. reading time":"2 minutes"},"schema":{"@context":"https:\/\/schema.org","@graph":[{"@type":"WebPage","@id":"https:\/\/christophquarch.de\/autor\/shop\/kann-ich-darf-ich-soll-ich-philosophische-antworten-auf-alltaegliche-fragen-3\/","url":"https:\/\/christophquarch.de\/autor\/shop\/kann-ich-darf-ich-soll-ich-philosophische-antworten-auf-alltaegliche-fragen-3\/","name":"\u00bbKann ich? Darf ich? Soll ich? Philosophische Antworten auf allt\u00e4gliche Fragen\u00ab &#8211; Dr. phil. Christoph Quarch","isPartOf":{"@id":"https:\/\/christophquarch.de\/#website"},"primaryImageOfPage":{"@id":"https:\/\/christophquarch.de\/autor\/shop\/kann-ich-darf-ich-soll-ich-philosophische-antworten-auf-alltaegliche-fragen-3\/#primaryimage"},"image":{"@id":"https:\/\/christophquarch.de\/autor\/shop\/kann-ich-darf-ich-soll-ich-philosophische-antworten-auf-alltaegliche-fragen-3\/#primaryimage"},"thumbnailUrl":"https:\/\/christophquarch.de\/wp-content\/uploads\/2021\/04\/titelentwuerfe-2.jpg","datePublished":"2023-09-25T11:11:16+00:00","dateModified":"2026-01-30T22:48:49+00:00","description":"Philosophie f\u00fcr alle? Ein \u00dcbersetzungsmeister ist der Philosoph Christoph Quarch, er macht alte Gedanken f\u00fcr uns Neuzeitlichen verstehbar.","breadcrumb":{"@id":"https:\/\/christophquarch.de\/autor\/shop\/kann-ich-darf-ich-soll-ich-philosophische-antworten-auf-alltaegliche-fragen-3\/#breadcrumb"},"inLanguage":"en-US","potentialAction":[{"@type":"ReadAction","target":["https:\/\/christophquarch.de\/autor\/shop\/kann-ich-darf-ich-soll-ich-philosophische-antworten-auf-alltaegliche-fragen-3\/"]}]},{"@type":"ImageObject","inLanguage":"en-US","@id":"https:\/\/christophquarch.de\/autor\/shop\/kann-ich-darf-ich-soll-ich-philosophische-antworten-auf-alltaegliche-fragen-3\/#primaryimage","url":"https:\/\/christophquarch.de\/wp-content\/uploads\/2021\/04\/titelentwuerfe-2.jpg","contentUrl":"https:\/\/christophquarch.de\/wp-content\/uploads\/2021\/04\/titelentwuerfe-2.jpg","width":1412,"height":2000,"caption":"Kann ich von Christoph Quarch"},{"@type":"BreadcrumbList","@id":"https:\/\/christophquarch.de\/autor\/shop\/kann-ich-darf-ich-soll-ich-philosophische-antworten-auf-alltaegliche-fragen-3\/#breadcrumb","itemListElement":[{"@type":"ListItem","position":1,"name":"Startseite","item":"https:\/\/christophquarch.de\/en\/"},{"@type":"ListItem","position":2,"name":"Shop","item":"https:\/\/christophquarch.de\/en\/author\/shop\/"},{"@type":"ListItem","position":3,"name":"\u00bbKann ich? Darf ich? Soll ich? Philosophische Antworten auf allt\u00e4gliche Fragen\u00ab"}]},{"@type":"WebSite","@id":"https:\/\/christophquarch.de\/#website","url":"https:\/\/christophquarch.de\/","name":"Philosoph Christoph Quarch","description":"Philosoph Autor Redner Denkbegleiter","publisher":{"@id":"https:\/\/christophquarch.de\/#organization"},"potentialAction":[{"@type":"SearchAction","target":{"@type":"EntryPoint","urlTemplate":"https:\/\/christophquarch.de\/?s={search_term_string}"},"query-input":{"@type":"PropertyValueSpecification","valueRequired":true,"valueName":"search_term_string"}}],"inLanguage":"en-US"},{"@type":"Organization","@id":"https:\/\/christophquarch.de\/#organization","name":"Philosoph Christoph Quarch","url":"https:\/\/christophquarch.de\/","logo":{"@type":"ImageObject","inLanguage":"en-US","@id":"https:\/\/christophquarch.de\/#\/schema\/logo\/image\/","url":"https:\/\/christophquarch.de\/wp-content\/uploads\/2023\/07\/christoph-quarch-logo.svg","contentUrl":"https:\/\/christophquarch.de\/wp-content\/uploads\/2023\/07\/christoph-quarch-logo.svg","width":662,"height":45,"caption":"Philosoph Christoph Quarch"},"image":{"@id":"https:\/\/christophquarch.de\/#\/schema\/logo\/image\/"},"sameAs":["https:\/\/www.facebook.com\/christophquarch","https:\/\/www.instagram.com\/christophquarch\/","https:\/\/www.linkedin.com\/in\/dr-phil-christoph-quarch-76a46a33\/","https:\/\/www.youtube.com\/channel\/UCyFpe-vAt0JCZ7OKe2KPTaw"]}]}},"_links":{"self":[{"href":"https:\/\/christophquarch.de\/en\/wp-json\/wp\/v2\/product\/12187","targetHints":{"allow":["GET"]}}],"collection":[{"href":"https:\/\/christophquarch.de\/en\/wp-json\/wp\/v2\/product"}],"about":[{"href":"https:\/\/christophquarch.de\/en\/wp-json\/wp\/v2\/types\/product"}],"wp:featuredmedia":[{"embeddable":true,"href":"https:\/\/christophquarch.de\/en\/wp-json\/wp\/v2\/media\/10952"}],"wp:attachment":[{"href":"https:\/\/christophquarch.de\/en\/wp-json\/wp\/v2\/media?parent=12187"}],"wp:term":[{"taxonomy":"product_brand","embeddable":true,"href":"https:\/\/christophquarch.de\/en\/wp-json\/wp\/v2\/product_brand?post=12187"},{"taxonomy":"product_cat","embeddable":true,"href":"https:\/\/christophquarch.de\/en\/wp-json\/wp\/v2\/product_cat?post=12187"},{"taxonomy":"product_tag","embeddable":true,"href":"https:\/\/christophquarch.de\/en\/wp-json\/wp\/v2\/product_tag?post=12187"}],"curies":[{"name":"wp","href":"https:\/\/api.w.org\/{rel}","templated":true}]}}