{"id":12185,"date":"2023-09-25T13:07:27","date_gmt":"2023-09-25T11:07:27","guid":{"rendered":"https:\/\/christophquarch.de\/?post_type=product&#038;p=12185"},"modified":"2026-02-24T00:21:43","modified_gmt":"2026-02-23T23:21:43","slug":"zu-sein-zu-leben-das-ist-genug-warum-wir-hoelderlin-brauchen-2","status":"publish","type":"product","link":"https:\/\/christophquarch.de\/en\/autor\/shop\/zu-sein-zu-leben-das-ist-genug-warum-wir-hoelderlin-brauchen-2\/","title":{"rendered":"\u00bbZu sein, zu leben, das ist genug. Warum wir H\u00f6lderlin brauchen\u00ab"},"content":{"rendered":"<p>Fried\u00adrich H\u00f6l\u00adder\u00adlin ist mehr als nur ein Dich\u00adter. Er ist einer, der begeis\u00adtern kann, weil er den guten Geist zur Spra\u00adche bringt, der Men\u00adschen wach\u00adsen und erbl\u00fc\u00adhen l\u00e4sst. Des\u00adhalb sind sein Dich\u00adten und sein Den\u00adken unge\u00adbro\u00adchen aktu\u00adell. In einer von \u00d6ko\u00adno\u00admie und Tech\u00adnik domi\u00adnier\u00adten Welt, die oft von allen guten Geis\u00adtern ver\u00adlas\u00adsen scheint, weist H\u00f6l\u00adder\u00adlin den Weg zu einem authen\u00adti\u00adschen, leben\u00addi\u00adgen, see\u00adlen\u00advol\u00adlen, frei\u00aden und begeis\u00adter\u00adten Mensch\u00adsein. Chris\u00adtoph Quarch zeich\u00adnet das Por\u00adtr\u00e4t eines Dich\u00adters, der sich als Vor\u00adbo\u00adte einer neu\u00aden und huma\u00adne\u00adren Welt begriff \u2013 einer \u00bbvoll\u00adent\u00adbl\u00fc\u00adhen\u00adden Welt\u00ab, in der die alten grie\u00adchi\u00adschen G\u00f6t\u00adter zu neu\u00adem Leben erwachen.<\/p>\n<p><strong>signiert von Chris\u00adtoph Quarch<\/strong><\/p>\n<p><em>Gebun\u00adde\u00adne Ausgabe<\/em><br>\n<em>256 Sei\u00adten<\/em><br>\n<em>16,90 \u20ac |&nbsp;<\/em>32,90 CHF Buch\u00adpreis Schweiz |&nbsp;17,40 Euro Buch\u00adpreis \u00d6sterreich!<\/p>\n<p>Bit\u00adte beach\u00adten Sie, dass wir nur inner\u00adhalb Deutsch\u00adlands ver\u00adsen\u00adden. Das Buch ist in der Schweiz\/in \u00d6ster\u00adreich im Buch\u00adhan\u00addel erh\u00e4ltlich.<br>\n<em>ISBN-13: 978\u20133948206031<\/em><\/p>\n","protected":false},"excerpt":{"rendered":"<p>H\u00f6l\u00adder\u00adlins Dich\u00adten und sein Den\u00adken sind unge\u00adbro\u00adchen aktu\u00adell. In einer von \u00d6ko\u00adno\u00admie und Tech\u00adnik domi\u00adnier\u00adten Welt, die oft von allen guten Geis\u00adtern ver\u00adlas\u00adsen scheint, weist H\u00f6l\u00adder\u00adlin den Weg zu einem authen\u00adti\u00adschen, leben\u00addi\u00adgen, see\u00adlen\u00advol\u00adlen, frei\u00aden und begeis\u00adter\u00adten Menschsein.&nbsp;<\/p>\n<p class=\"read-more-button-container\"><a class=\"button\" href=\"https:\/\/christophquarch.de\/en\/autor\/shop\/zu-sein-zu-leben-das-ist-genug-warum-wir-hoelderlin-brauchen-2\/\">Read more<\/a><\/p>\n","protected":false},"featured_media":8726,"template":"","meta":{"_acf_changed":false,"wp_typography_post_enhancements_disabled":false},"product_brand":[],"product_cat":[17],"product_tag":[940,938,939,942,941,943,737,739,736,634,635,636,738],"class_list":{"0":"post-12185","1":"product","2":"type-product","3":"status-publish","4":"has-post-thumbnail","6":"product_cat-buecher-essays-signiert","7":"product_tag-christophquarch","8":"product_tag-philosophiereise","9":"product_tag-philosophieren","10":"product_tag-reisegeschenk","11":"product_tag-reisen","12":"product_tag-weihnachtsgeschenk","13":"product_tag-denken","14":"product_tag-lebenssinn","15":"product_tag-philosophie","16":"product_tag-philosophie-des-sinns","17":"product_tag-sinn","18":"product_tag-sinnhaftigkeit","19":"product_tag-sinnsuche","20":"product_shipping_class-buecherversand","21":"resize-featured-image","23":"first","24":"instock","25":"taxable","26":"shipping-taxable","27":"purchasable","28":"product-type-simple"},"acf":[],"yoast_head":"<!-- This site is optimized with the Yoast SEO plugin v27.3 - https:\/\/yoast.com\/product\/yoast-seo-wordpress\/ -->\n<title>\u00bbZu sein, zu leben, das ist genug. Warum wir H\u00f6lderlin brauchen\u00ab &#8211; Dr. phil. Christoph Quarch<\/title>\n<meta name=\"description\" content=\"Das beste Buch zum H\u00f6lderlin Jahr. Christoph Quarch gelingt es, H\u00f6lderlins Dichtung zeitgem\u00e4\u00df zur Sprache zu bringen: ein literarischer Schatz.\" \/>\n<meta name=\"robots\" content=\"index, follow, max-snippet:-1, max-image-preview:large, max-video-preview:-1\" \/>\n<link rel=\"canonical\" href=\"https:\/\/christophquarch.de\/autor\/shop\/zu-sein-zu-leben-das-ist-genug-warum-wir-hoelderlin-brauchen-2\/\" \/>\n<meta property=\"og:locale\" content=\"en_US\" \/>\n<meta property=\"og:type\" content=\"article\" \/>\n<meta property=\"og:title\" content=\"\u00bbZu sein, zu leben, das ist genug. Warum wir H\u00f6lderlin brauchen\u00ab &#8211; Dr. phil. Christoph Quarch\" \/>\n<meta property=\"og:description\" content=\"Das beste Buch zum H\u00f6lderlin Jahr. Christoph Quarch gelingt es, H\u00f6lderlins Dichtung zeitgem\u00e4\u00df zur Sprache zu bringen: ein literarischer Schatz.\" \/>\n<meta property=\"og:url\" content=\"https:\/\/christophquarch.de\/autor\/shop\/zu-sein-zu-leben-das-ist-genug-warum-wir-hoelderlin-brauchen-2\/\" \/>\n<meta property=\"og:site_name\" content=\"Dr. phil. Christoph Quarch\" \/>\n<meta property=\"article:publisher\" content=\"https:\/\/www.facebook.com\/christophquarch\" \/>\n<meta property=\"article:modified_time\" content=\"2026-02-23T23:21:43+00:00\" \/>\n<meta property=\"og:image\" content=\"https:\/\/christophquarch.de\/wp-content\/uploads\/2020\/01\/hoelderlin_titel.jpg\" \/>\n\t<meta property=\"og:image:width\" content=\"1366\" \/>\n\t<meta property=\"og:image:height\" content=\"2000\" \/>\n\t<meta property=\"og:image:type\" content=\"image\/jpeg\" \/>\n<meta name=\"twitter:card\" content=\"summary_large_image\" \/>\n<meta name=\"twitter:label1\" content=\"Est. reading time\" \/>\n\t<meta name=\"twitter:data1\" content=\"1 minute\" \/>\n<script type=\"application\/ld+json\" class=\"yoast-schema-graph\">{\"@context\":\"https:\\\/\\\/schema.org\",\"@graph\":[{\"@type\":\"WebPage\",\"@id\":\"https:\\\/\\\/christophquarch.de\\\/autor\\\/shop\\\/zu-sein-zu-leben-das-ist-genug-warum-wir-hoelderlin-brauchen-2\\\/\",\"url\":\"https:\\\/\\\/christophquarch.de\\\/autor\\\/shop\\\/zu-sein-zu-leben-das-ist-genug-warum-wir-hoelderlin-brauchen-2\\\/\",\"name\":\"\u00bbZu sein, zu leben, das ist genug. Warum wir H\u00f6lderlin brauchen\u00ab &#8211; Dr. phil. Christoph Quarch\",\"isPartOf\":{\"@id\":\"https:\\\/\\\/christophquarch.de\\\/#website\"},\"primaryImageOfPage\":{\"@id\":\"https:\\\/\\\/christophquarch.de\\\/autor\\\/shop\\\/zu-sein-zu-leben-das-ist-genug-warum-wir-hoelderlin-brauchen-2\\\/#primaryimage\"},\"image\":{\"@id\":\"https:\\\/\\\/christophquarch.de\\\/autor\\\/shop\\\/zu-sein-zu-leben-das-ist-genug-warum-wir-hoelderlin-brauchen-2\\\/#primaryimage\"},\"thumbnailUrl\":\"https:\\\/\\\/christophquarch.de\\\/wp-content\\\/uploads\\\/2020\\\/01\\\/hoelderlin_titel.jpg\",\"datePublished\":\"2023-09-25T11:07:27+00:00\",\"dateModified\":\"2026-02-23T23:21:43+00:00\",\"description\":\"Das beste Buch zum H\u00f6lderlin Jahr. Christoph Quarch gelingt es, H\u00f6lderlins Dichtung zeitgem\u00e4\u00df zur Sprache zu bringen: ein literarischer Schatz.\",\"breadcrumb\":{\"@id\":\"https:\\\/\\\/christophquarch.de\\\/autor\\\/shop\\\/zu-sein-zu-leben-das-ist-genug-warum-wir-hoelderlin-brauchen-2\\\/#breadcrumb\"},\"inLanguage\":\"en-US\",\"potentialAction\":[{\"@type\":\"ReadAction\",\"target\":[\"https:\\\/\\\/christophquarch.de\\\/autor\\\/shop\\\/zu-sein-zu-leben-das-ist-genug-warum-wir-hoelderlin-brauchen-2\\\/\"]}]},{\"@type\":\"ImageObject\",\"inLanguage\":\"en-US\",\"@id\":\"https:\\\/\\\/christophquarch.de\\\/autor\\\/shop\\\/zu-sein-zu-leben-das-ist-genug-warum-wir-hoelderlin-brauchen-2\\\/#primaryimage\",\"url\":\"https:\\\/\\\/christophquarch.de\\\/wp-content\\\/uploads\\\/2020\\\/01\\\/hoelderlin_titel.jpg\",\"contentUrl\":\"https:\\\/\\\/christophquarch.de\\\/wp-content\\\/uploads\\\/2020\\\/01\\\/hoelderlin_titel.jpg\",\"width\":1366,\"height\":2000,\"caption\":\"Martha Quarch H\u00f6lderlin\"},{\"@type\":\"BreadcrumbList\",\"@id\":\"https:\\\/\\\/christophquarch.de\\\/autor\\\/shop\\\/zu-sein-zu-leben-das-ist-genug-warum-wir-hoelderlin-brauchen-2\\\/#breadcrumb\",\"itemListElement\":[{\"@type\":\"ListItem\",\"position\":1,\"name\":\"Startseite\",\"item\":\"https:\\\/\\\/christophquarch.de\\\/en\\\/\"},{\"@type\":\"ListItem\",\"position\":2,\"name\":\"Shop\",\"item\":\"https:\\\/\\\/christophquarch.de\\\/en\\\/author\\\/shop\\\/\"},{\"@type\":\"ListItem\",\"position\":3,\"name\":\"\u00bbZu sein, zu leben, das ist genug. Warum wir H\u00f6lderlin brauchen\u00ab\"}]},{\"@type\":\"WebSite\",\"@id\":\"https:\\\/\\\/christophquarch.de\\\/#website\",\"url\":\"https:\\\/\\\/christophquarch.de\\\/\",\"name\":\"Philosoph Christoph Quarch\",\"description\":\"Philosoph Autor Redner Denkbegleiter\",\"publisher\":{\"@id\":\"https:\\\/\\\/christophquarch.de\\\/#organization\"},\"potentialAction\":[{\"@type\":\"SearchAction\",\"target\":{\"@type\":\"EntryPoint\",\"urlTemplate\":\"https:\\\/\\\/christophquarch.de\\\/?s={search_term_string}\"},\"query-input\":{\"@type\":\"PropertyValueSpecification\",\"valueRequired\":true,\"valueName\":\"search_term_string\"}}],\"inLanguage\":\"en-US\"},{\"@type\":\"Organization\",\"@id\":\"https:\\\/\\\/christophquarch.de\\\/#organization\",\"name\":\"Philosoph Christoph Quarch\",\"url\":\"https:\\\/\\\/christophquarch.de\\\/\",\"logo\":{\"@type\":\"ImageObject\",\"inLanguage\":\"en-US\",\"@id\":\"https:\\\/\\\/christophquarch.de\\\/#\\\/schema\\\/logo\\\/image\\\/\",\"url\":\"https:\\\/\\\/christophquarch.de\\\/wp-content\\\/uploads\\\/2023\\\/07\\\/christoph-quarch-logo.svg\",\"contentUrl\":\"https:\\\/\\\/christophquarch.de\\\/wp-content\\\/uploads\\\/2023\\\/07\\\/christoph-quarch-logo.svg\",\"width\":662,\"height\":45,\"caption\":\"Philosoph Christoph Quarch\"},\"image\":{\"@id\":\"https:\\\/\\\/christophquarch.de\\\/#\\\/schema\\\/logo\\\/image\\\/\"},\"sameAs\":[\"https:\\\/\\\/www.facebook.com\\\/christophquarch\",\"https:\\\/\\\/www.instagram.com\\\/christophquarch\\\/\",\"https:\\\/\\\/www.linkedin.com\\\/in\\\/dr-phil-christoph-quarch-76a46a33\\\/\",\"https:\\\/\\\/www.youtube.com\\\/channel\\\/UCyFpe-vAt0JCZ7OKe2KPTaw\"]}]}<\/script>\n<!-- \/ Yoast SEO plugin. -->","yoast_head_json":{"title":"\u00bbZu sein, zu leben, das ist genug. Warum wir H\u00f6lderlin brauchen\u00ab &#8211; Dr. phil. Christoph Quarch","description":"Das beste Buch zum H\u00f6lderlin Jahr. Christoph Quarch gelingt es, H\u00f6lderlins Dichtung zeitgem\u00e4\u00df zur Sprache zu bringen: ein literarischer Schatz.","robots":{"index":"index","follow":"follow","max-snippet":"max-snippet:-1","max-image-preview":"max-image-preview:large","max-video-preview":"max-video-preview:-1"},"canonical":"https:\/\/christophquarch.de\/autor\/shop\/zu-sein-zu-leben-das-ist-genug-warum-wir-hoelderlin-brauchen-2\/","og_locale":"en_US","og_type":"article","og_title":"\u00bbZu sein, zu leben, das ist genug. Warum wir H\u00f6lderlin brauchen\u00ab &#8211; Dr. phil. Christoph Quarch","og_description":"Das beste Buch zum H\u00f6lderlin Jahr. Christoph Quarch gelingt es, H\u00f6lderlins Dichtung zeitgem\u00e4\u00df zur Sprache zu bringen: ein literarischer Schatz.","og_url":"https:\/\/christophquarch.de\/autor\/shop\/zu-sein-zu-leben-das-ist-genug-warum-wir-hoelderlin-brauchen-2\/","og_site_name":"Dr. phil. Christoph Quarch","article_publisher":"https:\/\/www.facebook.com\/christophquarch","article_modified_time":"2026-02-23T23:21:43+00:00","og_image":[{"width":1366,"height":2000,"url":"https:\/\/christophquarch.de\/wp-content\/uploads\/2020\/01\/hoelderlin_titel.jpg","type":"image\/jpeg"}],"twitter_card":"summary_large_image","twitter_misc":{"Est. reading time":"1 minute"},"schema":{"@context":"https:\/\/schema.org","@graph":[{"@type":"WebPage","@id":"https:\/\/christophquarch.de\/autor\/shop\/zu-sein-zu-leben-das-ist-genug-warum-wir-hoelderlin-brauchen-2\/","url":"https:\/\/christophquarch.de\/autor\/shop\/zu-sein-zu-leben-das-ist-genug-warum-wir-hoelderlin-brauchen-2\/","name":"\u00bbZu sein, zu leben, das ist genug. Warum wir H\u00f6lderlin brauchen\u00ab &#8211; Dr. phil. Christoph Quarch","isPartOf":{"@id":"https:\/\/christophquarch.de\/#website"},"primaryImageOfPage":{"@id":"https:\/\/christophquarch.de\/autor\/shop\/zu-sein-zu-leben-das-ist-genug-warum-wir-hoelderlin-brauchen-2\/#primaryimage"},"image":{"@id":"https:\/\/christophquarch.de\/autor\/shop\/zu-sein-zu-leben-das-ist-genug-warum-wir-hoelderlin-brauchen-2\/#primaryimage"},"thumbnailUrl":"https:\/\/christophquarch.de\/wp-content\/uploads\/2020\/01\/hoelderlin_titel.jpg","datePublished":"2023-09-25T11:07:27+00:00","dateModified":"2026-02-23T23:21:43+00:00","description":"Das beste Buch zum H\u00f6lderlin Jahr. Christoph Quarch gelingt es, H\u00f6lderlins Dichtung zeitgem\u00e4\u00df zur Sprache zu bringen: ein literarischer Schatz.","breadcrumb":{"@id":"https:\/\/christophquarch.de\/autor\/shop\/zu-sein-zu-leben-das-ist-genug-warum-wir-hoelderlin-brauchen-2\/#breadcrumb"},"inLanguage":"en-US","potentialAction":[{"@type":"ReadAction","target":["https:\/\/christophquarch.de\/autor\/shop\/zu-sein-zu-leben-das-ist-genug-warum-wir-hoelderlin-brauchen-2\/"]}]},{"@type":"ImageObject","inLanguage":"en-US","@id":"https:\/\/christophquarch.de\/autor\/shop\/zu-sein-zu-leben-das-ist-genug-warum-wir-hoelderlin-brauchen-2\/#primaryimage","url":"https:\/\/christophquarch.de\/wp-content\/uploads\/2020\/01\/hoelderlin_titel.jpg","contentUrl":"https:\/\/christophquarch.de\/wp-content\/uploads\/2020\/01\/hoelderlin_titel.jpg","width":1366,"height":2000,"caption":"Martha Quarch H\u00f6lderlin"},{"@type":"BreadcrumbList","@id":"https:\/\/christophquarch.de\/autor\/shop\/zu-sein-zu-leben-das-ist-genug-warum-wir-hoelderlin-brauchen-2\/#breadcrumb","itemListElement":[{"@type":"ListItem","position":1,"name":"Startseite","item":"https:\/\/christophquarch.de\/en\/"},{"@type":"ListItem","position":2,"name":"Shop","item":"https:\/\/christophquarch.de\/en\/author\/shop\/"},{"@type":"ListItem","position":3,"name":"\u00bbZu sein, zu leben, das ist genug. Warum wir H\u00f6lderlin brauchen\u00ab"}]},{"@type":"WebSite","@id":"https:\/\/christophquarch.de\/#website","url":"https:\/\/christophquarch.de\/","name":"Philosoph Christoph Quarch","description":"Philosoph Autor Redner Denkbegleiter","publisher":{"@id":"https:\/\/christophquarch.de\/#organization"},"potentialAction":[{"@type":"SearchAction","target":{"@type":"EntryPoint","urlTemplate":"https:\/\/christophquarch.de\/?s={search_term_string}"},"query-input":{"@type":"PropertyValueSpecification","valueRequired":true,"valueName":"search_term_string"}}],"inLanguage":"en-US"},{"@type":"Organization","@id":"https:\/\/christophquarch.de\/#organization","name":"Philosoph Christoph Quarch","url":"https:\/\/christophquarch.de\/","logo":{"@type":"ImageObject","inLanguage":"en-US","@id":"https:\/\/christophquarch.de\/#\/schema\/logo\/image\/","url":"https:\/\/christophquarch.de\/wp-content\/uploads\/2023\/07\/christoph-quarch-logo.svg","contentUrl":"https:\/\/christophquarch.de\/wp-content\/uploads\/2023\/07\/christoph-quarch-logo.svg","width":662,"height":45,"caption":"Philosoph Christoph Quarch"},"image":{"@id":"https:\/\/christophquarch.de\/#\/schema\/logo\/image\/"},"sameAs":["https:\/\/www.facebook.com\/christophquarch","https:\/\/www.instagram.com\/christophquarch\/","https:\/\/www.linkedin.com\/in\/dr-phil-christoph-quarch-76a46a33\/","https:\/\/www.youtube.com\/channel\/UCyFpe-vAt0JCZ7OKe2KPTaw"]}]}},"_links":{"self":[{"href":"https:\/\/christophquarch.de\/en\/wp-json\/wp\/v2\/product\/12185","targetHints":{"allow":["GET"]}}],"collection":[{"href":"https:\/\/christophquarch.de\/en\/wp-json\/wp\/v2\/product"}],"about":[{"href":"https:\/\/christophquarch.de\/en\/wp-json\/wp\/v2\/types\/product"}],"wp:featuredmedia":[{"embeddable":true,"href":"https:\/\/christophquarch.de\/en\/wp-json\/wp\/v2\/media\/8726"}],"wp:attachment":[{"href":"https:\/\/christophquarch.de\/en\/wp-json\/wp\/v2\/media?parent=12185"}],"wp:term":[{"taxonomy":"product_brand","embeddable":true,"href":"https:\/\/christophquarch.de\/en\/wp-json\/wp\/v2\/product_brand?post=12185"},{"taxonomy":"product_cat","embeddable":true,"href":"https:\/\/christophquarch.de\/en\/wp-json\/wp\/v2\/product_cat?post=12185"},{"taxonomy":"product_tag","embeddable":true,"href":"https:\/\/christophquarch.de\/en\/wp-json\/wp\/v2\/product_tag?post=12185"}],"curies":[{"name":"wp","href":"https:\/\/api.w.org\/{rel}","templated":true}]}}