{"id":12184,"date":"2023-09-25T13:05:17","date_gmt":"2023-09-25T11:05:17","guid":{"rendered":"https:\/\/christophquarch.de\/?post_type=product&#038;p=12184"},"modified":"2025-08-08T15:51:57","modified_gmt":"2025-08-08T13:51:57","slug":"eros-harmonie-eine-philosophie-der-glueckseligkeit-3","status":"publish","type":"product","link":"https:\/\/christophquarch.de\/en\/autor\/shop\/eros-harmonie-eine-philosophie-der-glueckseligkeit-3\/","title":{"rendered":"\u00bbEros &amp;&nbsp;Harmonie. Eine Philosophie der Gl\u00fcckseligkeit\u00ab"},"content":{"rendered":"<p>Gl\u00fcck \u2013 wie viel Zau\u00adber und Ver\u00adhei\u00ad\u00dfung klin\u00adgen mit in die\u00adsem Wort! Und wie viel Miss\u00adver\u00adst\u00e4nd\u00adnis und Ent\u00adt\u00e4u\u00adschung! Bei\u00addes hat damit zu tun, dass Gl\u00fcck zu unter\u00adschied\u00adli\u00adchen Zei\u00adten unter\u00adschied\u00adlich gedeu\u00adtet wur\u00adde, aber nicht alle Deu\u00adtun\u00adgen des Gl\u00fccks dem Gl\u00fcck der Men\u00adschen dien\u00adlich&nbsp;waren.<\/p>\n<p>Chris\u00adtoph Quarch bringt Licht in die\u00adses Durch\u00adein\u00adan\u00adder und schl\u00e4gt eine prak\u00adti\u00adka\u00adble For\u00admel f\u00fcr das Gl\u00fcck vor: Gl\u00fcck\u00adlich sind wir, wo wir mit der Welt und uns im Ein\u00adklang&nbsp;sind.<\/p>\n<p><strong>signiert von Chris\u00adtoph Quarch<\/strong><\/p>\n<p><em>Gebun\u00adde\u00adne Ausgabe<\/em><br>\n<em>272 Sei\u00adten<\/em><br>\n<em>19,90 \u20ac | <\/em>30,90 CHF Buch\u00adpreis Schweiz | 17,40 Euro Buch\u00adpreis \u00d6sterreich!<br>\n<em>ISBN-13: 978\u2013394820605578<\/em><\/p>\n<p>Bit\u00adte beach\u00adten Sie, dass wir nur inner\u00adhalb Deutsch\u00adlands ver\u00adsen\u00adden. Das Buch ist in der Schweiz\/in \u00d6ster\u00adreich im Buch\u00adhan\u00addel erh\u00e4ltlich.<\/p>\n","protected":false},"excerpt":{"rendered":"<p>Gl\u00fcck\u00adlich sind wir immer dann, wenn wir mit uns und der Welt im Ein\u00adklang sind. Das ist kei\u00adne Sache des Zufalls. Auch nicht der gedan\u00adken\u00adlo\u00adsen Eupho\u00adrie. Es setzt vor\u00adaus, dass wir uns mit Lie\u00adbe, Lust und Lei\u00adden\u00adschaft (was die alten Hel\u00adle\u00adnen Eros nann\u00adten) aufs Leben ein\u00adlas\u00adsen: eine Grund\u00adhal\u00adtung, die sich im All\u00adtag zeigt und bew\u00e4hrt.&nbsp;<\/p>\n<p class=\"read-more-button-container\"><a class=\"button\" href=\"https:\/\/christophquarch.de\/en\/autor\/shop\/eros-harmonie-eine-philosophie-der-glueckseligkeit-3\/\">Read more<\/a><\/p>\n","protected":false},"featured_media":10344,"template":"","meta":{"_acf_changed":false,"wp_typography_post_enhancements_disabled":false},"product_brand":[],"product_cat":[17],"product_tag":[940,938,939,942,941,943,737,739,736,634,635,636,738],"class_list":{"0":"post-12184","1":"product","2":"type-product","3":"status-publish","4":"has-post-thumbnail","6":"product_cat-buecher-essays-signiert","7":"product_tag-christophquarch","8":"product_tag-philosophiereise","9":"product_tag-philosophieren","10":"product_tag-reisegeschenk","11":"product_tag-reisen","12":"product_tag-weihnachtsgeschenk","13":"product_tag-denken","14":"product_tag-lebenssinn","15":"product_tag-philosophie","16":"product_tag-philosophie-des-sinns","17":"product_tag-sinn","18":"product_tag-sinnhaftigkeit","19":"product_tag-sinnsuche","20":"product_shipping_class-buecherversand","21":"resize-featured-image","23":"first","24":"instock","25":"taxable","26":"shipping-taxable","27":"purchasable","28":"product-type-simple"},"acf":[],"yoast_head":"<!-- This site is optimized with the Yoast SEO plugin v27.3 - https:\/\/yoast.com\/product\/yoast-seo-wordpress\/ -->\n<title>\u00bbEros &amp; Harmonie. Eine Philosophie der Gl\u00fcckseligkeit\u00ab &#8211; Dr. phil. Christoph Quarch<\/title>\n<meta name=\"description\" content=\"Gl\u00fcck - welcher Zauber liegt in diesem Wort und ... wieviel Wirrniss.. Der Philosoph Christoph Quarch bringt Licht in die Geheimnisse des Gl\u00fccks.\" \/>\n<meta name=\"robots\" content=\"index, follow, max-snippet:-1, max-image-preview:large, max-video-preview:-1\" \/>\n<link rel=\"canonical\" href=\"https:\/\/christophquarch.de\/autor\/shop\/eros-harmonie-eine-philosophie-der-glueckseligkeit-3\/\" \/>\n<meta property=\"og:locale\" content=\"en_US\" \/>\n<meta property=\"og:type\" content=\"article\" \/>\n<meta property=\"og:title\" content=\"\u00bbEros &amp; Harmonie. Eine Philosophie der Gl\u00fcckseligkeit\u00ab &#8211; Dr. phil. Christoph Quarch\" \/>\n<meta property=\"og:description\" content=\"Gl\u00fcck - welcher Zauber liegt in diesem Wort und ... wieviel Wirrniss.. Der Philosoph Christoph Quarch bringt Licht in die Geheimnisse des Gl\u00fccks.\" \/>\n<meta property=\"og:url\" content=\"https:\/\/christophquarch.de\/autor\/shop\/eros-harmonie-eine-philosophie-der-glueckseligkeit-3\/\" \/>\n<meta property=\"og:site_name\" content=\"Dr. phil. Christoph Quarch\" \/>\n<meta property=\"article:publisher\" content=\"https:\/\/www.facebook.com\/christophquarch\" \/>\n<meta property=\"article:modified_time\" content=\"2025-08-08T13:51:57+00:00\" \/>\n<meta property=\"og:image\" content=\"https:\/\/christophquarch.de\/wp-content\/uploads\/2020\/10\/erosharmonie_bezug.jpg\" \/>\n\t<meta property=\"og:image:width\" content=\"500\" \/>\n\t<meta property=\"og:image:height\" content=\"758\" \/>\n\t<meta property=\"og:image:type\" content=\"image\/jpeg\" \/>\n<meta name=\"twitter:card\" content=\"summary_large_image\" \/>\n<meta name=\"twitter:label1\" content=\"Est. reading time\" \/>\n\t<meta name=\"twitter:data1\" content=\"1 minute\" \/>\n<script type=\"application\/ld+json\" class=\"yoast-schema-graph\">{\"@context\":\"https:\\\/\\\/schema.org\",\"@graph\":[{\"@type\":\"WebPage\",\"@id\":\"https:\\\/\\\/christophquarch.de\\\/autor\\\/shop\\\/eros-harmonie-eine-philosophie-der-glueckseligkeit-3\\\/\",\"url\":\"https:\\\/\\\/christophquarch.de\\\/autor\\\/shop\\\/eros-harmonie-eine-philosophie-der-glueckseligkeit-3\\\/\",\"name\":\"\u00bbEros & Harmonie. Eine Philosophie der Gl\u00fcckseligkeit\u00ab &#8211; Dr. phil. Christoph Quarch\",\"isPartOf\":{\"@id\":\"https:\\\/\\\/christophquarch.de\\\/#website\"},\"primaryImageOfPage\":{\"@id\":\"https:\\\/\\\/christophquarch.de\\\/autor\\\/shop\\\/eros-harmonie-eine-philosophie-der-glueckseligkeit-3\\\/#primaryimage\"},\"image\":{\"@id\":\"https:\\\/\\\/christophquarch.de\\\/autor\\\/shop\\\/eros-harmonie-eine-philosophie-der-glueckseligkeit-3\\\/#primaryimage\"},\"thumbnailUrl\":\"https:\\\/\\\/christophquarch.de\\\/wp-content\\\/uploads\\\/2020\\\/10\\\/erosharmonie_bezug.jpg\",\"datePublished\":\"2023-09-25T11:05:17+00:00\",\"dateModified\":\"2025-08-08T13:51:57+00:00\",\"description\":\"Gl\u00fcck - welcher Zauber liegt in diesem Wort und ... wieviel Wirrniss.. Der Philosoph Christoph Quarch bringt Licht in die Geheimnisse des Gl\u00fccks.\",\"breadcrumb\":{\"@id\":\"https:\\\/\\\/christophquarch.de\\\/autor\\\/shop\\\/eros-harmonie-eine-philosophie-der-glueckseligkeit-3\\\/#breadcrumb\"},\"inLanguage\":\"en-US\",\"potentialAction\":[{\"@type\":\"ReadAction\",\"target\":[\"https:\\\/\\\/christophquarch.de\\\/autor\\\/shop\\\/eros-harmonie-eine-philosophie-der-glueckseligkeit-3\\\/\"]}]},{\"@type\":\"ImageObject\",\"inLanguage\":\"en-US\",\"@id\":\"https:\\\/\\\/christophquarch.de\\\/autor\\\/shop\\\/eros-harmonie-eine-philosophie-der-glueckseligkeit-3\\\/#primaryimage\",\"url\":\"https:\\\/\\\/christophquarch.de\\\/wp-content\\\/uploads\\\/2020\\\/10\\\/erosharmonie_bezug.jpg\",\"contentUrl\":\"https:\\\/\\\/christophquarch.de\\\/wp-content\\\/uploads\\\/2020\\\/10\\\/erosharmonie_bezug.jpg\",\"width\":500,\"height\":758},{\"@type\":\"BreadcrumbList\",\"@id\":\"https:\\\/\\\/christophquarch.de\\\/autor\\\/shop\\\/eros-harmonie-eine-philosophie-der-glueckseligkeit-3\\\/#breadcrumb\",\"itemListElement\":[{\"@type\":\"ListItem\",\"position\":1,\"name\":\"Startseite\",\"item\":\"https:\\\/\\\/christophquarch.de\\\/en\\\/\"},{\"@type\":\"ListItem\",\"position\":2,\"name\":\"Shop\",\"item\":\"https:\\\/\\\/christophquarch.de\\\/en\\\/author\\\/shop\\\/\"},{\"@type\":\"ListItem\",\"position\":3,\"name\":\"\u00bbEros &#038; Harmonie. Eine Philosophie der Gl\u00fcckseligkeit\u00ab\"}]},{\"@type\":\"WebSite\",\"@id\":\"https:\\\/\\\/christophquarch.de\\\/#website\",\"url\":\"https:\\\/\\\/christophquarch.de\\\/\",\"name\":\"Philosoph Christoph Quarch\",\"description\":\"Philosoph Autor Redner Denkbegleiter\",\"publisher\":{\"@id\":\"https:\\\/\\\/christophquarch.de\\\/#organization\"},\"potentialAction\":[{\"@type\":\"SearchAction\",\"target\":{\"@type\":\"EntryPoint\",\"urlTemplate\":\"https:\\\/\\\/christophquarch.de\\\/?s={search_term_string}\"},\"query-input\":{\"@type\":\"PropertyValueSpecification\",\"valueRequired\":true,\"valueName\":\"search_term_string\"}}],\"inLanguage\":\"en-US\"},{\"@type\":\"Organization\",\"@id\":\"https:\\\/\\\/christophquarch.de\\\/#organization\",\"name\":\"Philosoph Christoph Quarch\",\"url\":\"https:\\\/\\\/christophquarch.de\\\/\",\"logo\":{\"@type\":\"ImageObject\",\"inLanguage\":\"en-US\",\"@id\":\"https:\\\/\\\/christophquarch.de\\\/#\\\/schema\\\/logo\\\/image\\\/\",\"url\":\"https:\\\/\\\/christophquarch.de\\\/wp-content\\\/uploads\\\/2023\\\/07\\\/christoph-quarch-logo.svg\",\"contentUrl\":\"https:\\\/\\\/christophquarch.de\\\/wp-content\\\/uploads\\\/2023\\\/07\\\/christoph-quarch-logo.svg\",\"width\":662,\"height\":45,\"caption\":\"Philosoph Christoph Quarch\"},\"image\":{\"@id\":\"https:\\\/\\\/christophquarch.de\\\/#\\\/schema\\\/logo\\\/image\\\/\"},\"sameAs\":[\"https:\\\/\\\/www.facebook.com\\\/christophquarch\",\"https:\\\/\\\/www.instagram.com\\\/christophquarch\\\/\",\"https:\\\/\\\/www.linkedin.com\\\/in\\\/dr-phil-christoph-quarch-76a46a33\\\/\",\"https:\\\/\\\/www.youtube.com\\\/channel\\\/UCyFpe-vAt0JCZ7OKe2KPTaw\"]}]}<\/script>\n<!-- \/ Yoast SEO plugin. -->","yoast_head_json":{"title":"\u00bbEros & Harmonie. Eine Philosophie der Gl\u00fcckseligkeit\u00ab &#8211; Dr. phil. Christoph Quarch","description":"Gl\u00fcck - welcher Zauber liegt in diesem Wort und ... wieviel Wirrniss.. Der Philosoph Christoph Quarch bringt Licht in die Geheimnisse des Gl\u00fccks.","robots":{"index":"index","follow":"follow","max-snippet":"max-snippet:-1","max-image-preview":"max-image-preview:large","max-video-preview":"max-video-preview:-1"},"canonical":"https:\/\/christophquarch.de\/autor\/shop\/eros-harmonie-eine-philosophie-der-glueckseligkeit-3\/","og_locale":"en_US","og_type":"article","og_title":"\u00bbEros & Harmonie. Eine Philosophie der Gl\u00fcckseligkeit\u00ab &#8211; Dr. phil. Christoph Quarch","og_description":"Gl\u00fcck - welcher Zauber liegt in diesem Wort und ... wieviel Wirrniss.. Der Philosoph Christoph Quarch bringt Licht in die Geheimnisse des Gl\u00fccks.","og_url":"https:\/\/christophquarch.de\/autor\/shop\/eros-harmonie-eine-philosophie-der-glueckseligkeit-3\/","og_site_name":"Dr. phil. Christoph Quarch","article_publisher":"https:\/\/www.facebook.com\/christophquarch","article_modified_time":"2025-08-08T13:51:57+00:00","og_image":[{"width":500,"height":758,"url":"https:\/\/christophquarch.de\/wp-content\/uploads\/2020\/10\/erosharmonie_bezug.jpg","type":"image\/jpeg"}],"twitter_card":"summary_large_image","twitter_misc":{"Est. reading time":"1 minute"},"schema":{"@context":"https:\/\/schema.org","@graph":[{"@type":"WebPage","@id":"https:\/\/christophquarch.de\/autor\/shop\/eros-harmonie-eine-philosophie-der-glueckseligkeit-3\/","url":"https:\/\/christophquarch.de\/autor\/shop\/eros-harmonie-eine-philosophie-der-glueckseligkeit-3\/","name":"\u00bbEros & Harmonie. Eine Philosophie der Gl\u00fcckseligkeit\u00ab &#8211; Dr. phil. Christoph Quarch","isPartOf":{"@id":"https:\/\/christophquarch.de\/#website"},"primaryImageOfPage":{"@id":"https:\/\/christophquarch.de\/autor\/shop\/eros-harmonie-eine-philosophie-der-glueckseligkeit-3\/#primaryimage"},"image":{"@id":"https:\/\/christophquarch.de\/autor\/shop\/eros-harmonie-eine-philosophie-der-glueckseligkeit-3\/#primaryimage"},"thumbnailUrl":"https:\/\/christophquarch.de\/wp-content\/uploads\/2020\/10\/erosharmonie_bezug.jpg","datePublished":"2023-09-25T11:05:17+00:00","dateModified":"2025-08-08T13:51:57+00:00","description":"Gl\u00fcck - welcher Zauber liegt in diesem Wort und ... wieviel Wirrniss.. Der Philosoph Christoph Quarch bringt Licht in die Geheimnisse des Gl\u00fccks.","breadcrumb":{"@id":"https:\/\/christophquarch.de\/autor\/shop\/eros-harmonie-eine-philosophie-der-glueckseligkeit-3\/#breadcrumb"},"inLanguage":"en-US","potentialAction":[{"@type":"ReadAction","target":["https:\/\/christophquarch.de\/autor\/shop\/eros-harmonie-eine-philosophie-der-glueckseligkeit-3\/"]}]},{"@type":"ImageObject","inLanguage":"en-US","@id":"https:\/\/christophquarch.de\/autor\/shop\/eros-harmonie-eine-philosophie-der-glueckseligkeit-3\/#primaryimage","url":"https:\/\/christophquarch.de\/wp-content\/uploads\/2020\/10\/erosharmonie_bezug.jpg","contentUrl":"https:\/\/christophquarch.de\/wp-content\/uploads\/2020\/10\/erosharmonie_bezug.jpg","width":500,"height":758},{"@type":"BreadcrumbList","@id":"https:\/\/christophquarch.de\/autor\/shop\/eros-harmonie-eine-philosophie-der-glueckseligkeit-3\/#breadcrumb","itemListElement":[{"@type":"ListItem","position":1,"name":"Startseite","item":"https:\/\/christophquarch.de\/en\/"},{"@type":"ListItem","position":2,"name":"Shop","item":"https:\/\/christophquarch.de\/en\/author\/shop\/"},{"@type":"ListItem","position":3,"name":"\u00bbEros &#038; Harmonie. Eine Philosophie der Gl\u00fcckseligkeit\u00ab"}]},{"@type":"WebSite","@id":"https:\/\/christophquarch.de\/#website","url":"https:\/\/christophquarch.de\/","name":"Philosoph Christoph Quarch","description":"Philosoph Autor Redner Denkbegleiter","publisher":{"@id":"https:\/\/christophquarch.de\/#organization"},"potentialAction":[{"@type":"SearchAction","target":{"@type":"EntryPoint","urlTemplate":"https:\/\/christophquarch.de\/?s={search_term_string}"},"query-input":{"@type":"PropertyValueSpecification","valueRequired":true,"valueName":"search_term_string"}}],"inLanguage":"en-US"},{"@type":"Organization","@id":"https:\/\/christophquarch.de\/#organization","name":"Philosoph Christoph Quarch","url":"https:\/\/christophquarch.de\/","logo":{"@type":"ImageObject","inLanguage":"en-US","@id":"https:\/\/christophquarch.de\/#\/schema\/logo\/image\/","url":"https:\/\/christophquarch.de\/wp-content\/uploads\/2023\/07\/christoph-quarch-logo.svg","contentUrl":"https:\/\/christophquarch.de\/wp-content\/uploads\/2023\/07\/christoph-quarch-logo.svg","width":662,"height":45,"caption":"Philosoph Christoph Quarch"},"image":{"@id":"https:\/\/christophquarch.de\/#\/schema\/logo\/image\/"},"sameAs":["https:\/\/www.facebook.com\/christophquarch","https:\/\/www.instagram.com\/christophquarch\/","https:\/\/www.linkedin.com\/in\/dr-phil-christoph-quarch-76a46a33\/","https:\/\/www.youtube.com\/channel\/UCyFpe-vAt0JCZ7OKe2KPTaw"]}]}},"_links":{"self":[{"href":"https:\/\/christophquarch.de\/en\/wp-json\/wp\/v2\/product\/12184","targetHints":{"allow":["GET"]}}],"collection":[{"href":"https:\/\/christophquarch.de\/en\/wp-json\/wp\/v2\/product"}],"about":[{"href":"https:\/\/christophquarch.de\/en\/wp-json\/wp\/v2\/types\/product"}],"wp:featuredmedia":[{"embeddable":true,"href":"https:\/\/christophquarch.de\/en\/wp-json\/wp\/v2\/media\/10344"}],"wp:attachment":[{"href":"https:\/\/christophquarch.de\/en\/wp-json\/wp\/v2\/media?parent=12184"}],"wp:term":[{"taxonomy":"product_brand","embeddable":true,"href":"https:\/\/christophquarch.de\/en\/wp-json\/wp\/v2\/product_brand?post=12184"},{"taxonomy":"product_cat","embeddable":true,"href":"https:\/\/christophquarch.de\/en\/wp-json\/wp\/v2\/product_cat?post=12184"},{"taxonomy":"product_tag","embeddable":true,"href":"https:\/\/christophquarch.de\/en\/wp-json\/wp\/v2\/product_tag?post=12184"}],"curies":[{"name":"wp","href":"https:\/\/api.w.org\/{rel}","templated":true}]}}