{"id":12180,"date":"2023-09-25T12:58:59","date_gmt":"2023-09-25T10:58:59","guid":{"rendered":"https:\/\/christophquarch.de\/?post_type=product&#038;p=12180"},"modified":"2026-03-23T13:52:06","modified_gmt":"2026-03-23T12:52:06","slug":"schmelzt-das-eis-in-euren-herzen","status":"publish","type":"product","link":"https:\/\/christophquarch.de\/en\/autor\/shop\/schmelzt-das-eis-in-euren-herzen\/","title":{"rendered":"\u00bbSchmelzt das Eis in euren Herzen\u00ab"},"content":{"rendered":"<p><span class=\"a-text-bold\">Ein frei\u00ades Herz macht&nbsp;stark!<br>\nWas wir von der Weis\u00adheit der Kalaal\u00adlit ler\u00adnen k\u00f6nnen<\/span><\/p>\n<p>\u201eSchmelzt das Eis in euren Her\u00adzen!\u201c Die Bot\u00adschaft des gr\u00f6n\u00adl\u00e4n\u00addi\u00adschen Scha\u00adma\u00adnen Anga\u00adan\u00adgaq ist von bestechen\u00adder Klar\u00adheit und Kraft. Sie ermu\u00adtigt zu einem cou\u00adra\u00adgier\u00adten, lie\u00adbe\u00advol\u00adle\u00adren Leben in Har\u00admo\u00adnie mit sich selbst und ande\u00adren, im Gleich\u00adge\u00adwicht mit der Natur. Ein mit tie\u00adfer Weis\u00adheit geschrie\u00adbe\u00adnes Buch zu Lebens\u00adthe\u00admen wie: Fami\u00adlie, Part\u00adner\u00adschaft, Sexua\u00adli\u00adt\u00e4t, Geben und Neh\u00admen, Wer\u00adden und Ver\u00adge\u00adhen, Hei\u00adlen, Fei\u00adern und vie\u00adlem mehr. Mit ein\u00addrucks\u00advol\u00adlen Fotos der Land\u00adschaft und des gr\u00f6n\u00adl\u00e4n\u00addi\u00adschen Lebens. Her\u00adaus\u00adge\u00adben von Chris\u00adtoph Quarch.<\/p>\n<p><em><strong>signiert von Chris\u00adtoph Quarch<\/strong><\/em><\/p>\n<p><em>Pen\u00adgu\u00adin Verlag<br>\nISBN 978\u20133328108832<br>\n240 Sei\u00adten, 12.5 x&nbsp;2.2 x&nbsp;18.8 cm<br>\nTaschenbuch<\/em><\/p>\n<p><em>Ver\u00adsand nur inner\u00adhalb Deutschlands<br>\n<\/em><em>Schweiz und EU \u2013 bit\u00adte im dor\u00adti\u00adgen Buch\u00adhan\u00addel erwerben.<\/em><\/p>\n","protected":false},"excerpt":{"rendered":"<p>Ein frei\u00ades Herz macht&nbsp;stark! Was wir von der Weis\u00adheit der Kalaal\u00adlit ler\u00adnen k\u00f6n\u00adnen \u201eSchmelzt das Eis in euren Her\u00adzen!\u201c&nbsp;Die&nbsp;\u2026&nbsp;<\/p>\n<p class=\"read-more-container\"><a title=\"\u00bbSchmelzt das Eis in euren Herzen\u00ab\" class=\"read-more button\" href=\"https:\/\/christophquarch.de\/en\/autor\/shop\/schmelzt-das-eis-in-euren-herzen\/#more-12180\" aria-label=\"Read more about \u00bbSchmelzt das Eis in euren Herzen\u00ab\">Wei\u00adter\u00adle\u00adsen<\/a><\/p>\n","protected":false},"featured_media":11952,"template":"","meta":{"_acf_changed":false,"wp_typography_post_enhancements_disabled":false},"product_brand":[],"product_cat":[17],"product_tag":[643,644,645,646,647],"class_list":{"0":"post-12180","1":"product","2":"type-product","3":"status-publish","4":"has-post-thumbnail","6":"product_cat-buecher-essays-signiert","7":"product_tag-alltagsschamane","8":"product_tag-angaangaq","9":"product_tag-groenland","10":"product_tag-polareis","11":"product_tag-schamane","12":"product_shipping_class-buecherversand","13":"resize-featured-image","15":"first","16":"instock","17":"taxable","18":"shipping-taxable","19":"purchasable","20":"product-type-simple"},"acf":[],"yoast_head":"<!-- This site is optimized with the Yoast SEO plugin v27.3 - https:\/\/yoast.com\/product\/yoast-seo-wordpress\/ -->\n<title>\u00bbSchmelzt das Eis in euren Herzen\u00ab &#8211; Dr. phil. Christoph Quarch<\/title>\n<meta name=\"description\" content=\"Angaaganq lehrt mit seinen gr\u00f6nl\u00e4ndischen Weisheiten einen geistigen KLimawandel - nur so k\u00f6nnen wir dem realen Klimawandel begegnen.\" \/>\n<meta name=\"robots\" content=\"index, follow, max-snippet:-1, max-image-preview:large, max-video-preview:-1\" \/>\n<link rel=\"canonical\" href=\"https:\/\/christophquarch.de\/autor\/shop\/schmelzt-das-eis-in-euren-herzen\/\" \/>\n<meta property=\"og:locale\" content=\"en_US\" \/>\n<meta property=\"og:type\" content=\"article\" \/>\n<meta property=\"og:title\" content=\"\u00bbSchmelzt das Eis in euren Herzen\u00ab &#8211; Dr. phil. Christoph Quarch\" \/>\n<meta property=\"og:description\" content=\"Angaaganq lehrt mit seinen gr\u00f6nl\u00e4ndischen Weisheiten einen geistigen KLimawandel - nur so k\u00f6nnen wir dem realen Klimawandel begegnen.\" \/>\n<meta property=\"og:url\" content=\"https:\/\/christophquarch.de\/autor\/shop\/schmelzt-das-eis-in-euren-herzen\/\" \/>\n<meta property=\"og:site_name\" content=\"Dr. phil. Christoph Quarch\" \/>\n<meta property=\"article:publisher\" content=\"https:\/\/www.facebook.com\/christophquarch\" \/>\n<meta property=\"article:modified_time\" content=\"2026-03-23T12:52:06+00:00\" \/>\n<meta property=\"og:image\" content=\"https:\/\/christophquarch.de\/wp-content\/uploads\/2017\/11\/K1600_U1_Angaangaq-Eisschmelzen_CMYK_300.NEU_1-002.jpg\" \/>\n\t<meta property=\"og:image:width\" content=\"1200\" \/>\n\t<meta property=\"og:image:height\" content=\"1902\" \/>\n\t<meta property=\"og:image:type\" content=\"image\/jpeg\" \/>\n<meta name=\"twitter:card\" content=\"summary_large_image\" \/>\n<meta name=\"twitter:label1\" content=\"Est. reading time\" \/>\n\t<meta name=\"twitter:data1\" content=\"1 minute\" \/>\n<script type=\"application\/ld+json\" class=\"yoast-schema-graph\">{\"@context\":\"https:\\\/\\\/schema.org\",\"@graph\":[{\"@type\":\"WebPage\",\"@id\":\"https:\\\/\\\/christophquarch.de\\\/autor\\\/shop\\\/schmelzt-das-eis-in-euren-herzen\\\/\",\"url\":\"https:\\\/\\\/christophquarch.de\\\/autor\\\/shop\\\/schmelzt-das-eis-in-euren-herzen\\\/\",\"name\":\"\u00bbSchmelzt das Eis in euren Herzen\u00ab &#8211; Dr. phil. Christoph Quarch\",\"isPartOf\":{\"@id\":\"https:\\\/\\\/christophquarch.de\\\/#website\"},\"primaryImageOfPage\":{\"@id\":\"https:\\\/\\\/christophquarch.de\\\/autor\\\/shop\\\/schmelzt-das-eis-in-euren-herzen\\\/#primaryimage\"},\"image\":{\"@id\":\"https:\\\/\\\/christophquarch.de\\\/autor\\\/shop\\\/schmelzt-das-eis-in-euren-herzen\\\/#primaryimage\"},\"thumbnailUrl\":\"https:\\\/\\\/christophquarch.de\\\/wp-content\\\/uploads\\\/2017\\\/11\\\/K1600_U1_Angaangaq-Eisschmelzen_CMYK_300.NEU_1-002.jpg\",\"datePublished\":\"2023-09-25T10:58:59+00:00\",\"dateModified\":\"2026-03-23T12:52:06+00:00\",\"description\":\"Angaaganq lehrt mit seinen gr\u00f6nl\u00e4ndischen Weisheiten einen geistigen KLimawandel - nur so k\u00f6nnen wir dem realen Klimawandel begegnen.\",\"breadcrumb\":{\"@id\":\"https:\\\/\\\/christophquarch.de\\\/autor\\\/shop\\\/schmelzt-das-eis-in-euren-herzen\\\/#breadcrumb\"},\"inLanguage\":\"en-US\",\"potentialAction\":[{\"@type\":\"ReadAction\",\"target\":[\"https:\\\/\\\/christophquarch.de\\\/autor\\\/shop\\\/schmelzt-das-eis-in-euren-herzen\\\/\"]}]},{\"@type\":\"ImageObject\",\"inLanguage\":\"en-US\",\"@id\":\"https:\\\/\\\/christophquarch.de\\\/autor\\\/shop\\\/schmelzt-das-eis-in-euren-herzen\\\/#primaryimage\",\"url\":\"https:\\\/\\\/christophquarch.de\\\/wp-content\\\/uploads\\\/2017\\\/11\\\/K1600_U1_Angaangaq-Eisschmelzen_CMYK_300.NEU_1-002.jpg\",\"contentUrl\":\"https:\\\/\\\/christophquarch.de\\\/wp-content\\\/uploads\\\/2017\\\/11\\\/K1600_U1_Angaangaq-Eisschmelzen_CMYK_300.NEU_1-002.jpg\",\"width\":1200,\"height\":1902},{\"@type\":\"BreadcrumbList\",\"@id\":\"https:\\\/\\\/christophquarch.de\\\/autor\\\/shop\\\/schmelzt-das-eis-in-euren-herzen\\\/#breadcrumb\",\"itemListElement\":[{\"@type\":\"ListItem\",\"position\":1,\"name\":\"Startseite\",\"item\":\"https:\\\/\\\/christophquarch.de\\\/en\\\/\"},{\"@type\":\"ListItem\",\"position\":2,\"name\":\"Shop\",\"item\":\"https:\\\/\\\/christophquarch.de\\\/en\\\/author\\\/shop\\\/\"},{\"@type\":\"ListItem\",\"position\":3,\"name\":\"\u00bbSchmelzt das Eis in euren Herzen\u00ab\"}]},{\"@type\":\"WebSite\",\"@id\":\"https:\\\/\\\/christophquarch.de\\\/#website\",\"url\":\"https:\\\/\\\/christophquarch.de\\\/\",\"name\":\"Philosoph Christoph Quarch\",\"description\":\"Philosoph Autor Redner Denkbegleiter\",\"publisher\":{\"@id\":\"https:\\\/\\\/christophquarch.de\\\/#organization\"},\"potentialAction\":[{\"@type\":\"SearchAction\",\"target\":{\"@type\":\"EntryPoint\",\"urlTemplate\":\"https:\\\/\\\/christophquarch.de\\\/?s={search_term_string}\"},\"query-input\":{\"@type\":\"PropertyValueSpecification\",\"valueRequired\":true,\"valueName\":\"search_term_string\"}}],\"inLanguage\":\"en-US\"},{\"@type\":\"Organization\",\"@id\":\"https:\\\/\\\/christophquarch.de\\\/#organization\",\"name\":\"Philosoph Christoph Quarch\",\"url\":\"https:\\\/\\\/christophquarch.de\\\/\",\"logo\":{\"@type\":\"ImageObject\",\"inLanguage\":\"en-US\",\"@id\":\"https:\\\/\\\/christophquarch.de\\\/#\\\/schema\\\/logo\\\/image\\\/\",\"url\":\"https:\\\/\\\/christophquarch.de\\\/wp-content\\\/uploads\\\/2023\\\/07\\\/christoph-quarch-logo.svg\",\"contentUrl\":\"https:\\\/\\\/christophquarch.de\\\/wp-content\\\/uploads\\\/2023\\\/07\\\/christoph-quarch-logo.svg\",\"width\":662,\"height\":45,\"caption\":\"Philosoph Christoph Quarch\"},\"image\":{\"@id\":\"https:\\\/\\\/christophquarch.de\\\/#\\\/schema\\\/logo\\\/image\\\/\"},\"sameAs\":[\"https:\\\/\\\/www.facebook.com\\\/christophquarch\",\"https:\\\/\\\/www.instagram.com\\\/christophquarch\\\/\",\"https:\\\/\\\/www.linkedin.com\\\/in\\\/dr-phil-christoph-quarch-76a46a33\\\/\",\"https:\\\/\\\/www.youtube.com\\\/channel\\\/UCyFpe-vAt0JCZ7OKe2KPTaw\"]}]}<\/script>\n<!-- \/ Yoast SEO plugin. -->","yoast_head_json":{"title":"\u00bbSchmelzt das Eis in euren Herzen\u00ab &#8211; Dr. phil. Christoph Quarch","description":"Angaaganq lehrt mit seinen gr\u00f6nl\u00e4ndischen Weisheiten einen geistigen KLimawandel - nur so k\u00f6nnen wir dem realen Klimawandel begegnen.","robots":{"index":"index","follow":"follow","max-snippet":"max-snippet:-1","max-image-preview":"max-image-preview:large","max-video-preview":"max-video-preview:-1"},"canonical":"https:\/\/christophquarch.de\/autor\/shop\/schmelzt-das-eis-in-euren-herzen\/","og_locale":"en_US","og_type":"article","og_title":"\u00bbSchmelzt das Eis in euren Herzen\u00ab &#8211; Dr. phil. Christoph Quarch","og_description":"Angaaganq lehrt mit seinen gr\u00f6nl\u00e4ndischen Weisheiten einen geistigen KLimawandel - nur so k\u00f6nnen wir dem realen Klimawandel begegnen.","og_url":"https:\/\/christophquarch.de\/autor\/shop\/schmelzt-das-eis-in-euren-herzen\/","og_site_name":"Dr. phil. Christoph Quarch","article_publisher":"https:\/\/www.facebook.com\/christophquarch","article_modified_time":"2026-03-23T12:52:06+00:00","og_image":[{"width":1200,"height":1902,"url":"https:\/\/christophquarch.de\/wp-content\/uploads\/2017\/11\/K1600_U1_Angaangaq-Eisschmelzen_CMYK_300.NEU_1-002.jpg","type":"image\/jpeg"}],"twitter_card":"summary_large_image","twitter_misc":{"Est. reading time":"1 minute"},"schema":{"@context":"https:\/\/schema.org","@graph":[{"@type":"WebPage","@id":"https:\/\/christophquarch.de\/autor\/shop\/schmelzt-das-eis-in-euren-herzen\/","url":"https:\/\/christophquarch.de\/autor\/shop\/schmelzt-das-eis-in-euren-herzen\/","name":"\u00bbSchmelzt das Eis in euren Herzen\u00ab &#8211; Dr. phil. Christoph Quarch","isPartOf":{"@id":"https:\/\/christophquarch.de\/#website"},"primaryImageOfPage":{"@id":"https:\/\/christophquarch.de\/autor\/shop\/schmelzt-das-eis-in-euren-herzen\/#primaryimage"},"image":{"@id":"https:\/\/christophquarch.de\/autor\/shop\/schmelzt-das-eis-in-euren-herzen\/#primaryimage"},"thumbnailUrl":"https:\/\/christophquarch.de\/wp-content\/uploads\/2017\/11\/K1600_U1_Angaangaq-Eisschmelzen_CMYK_300.NEU_1-002.jpg","datePublished":"2023-09-25T10:58:59+00:00","dateModified":"2026-03-23T12:52:06+00:00","description":"Angaaganq lehrt mit seinen gr\u00f6nl\u00e4ndischen Weisheiten einen geistigen KLimawandel - nur so k\u00f6nnen wir dem realen Klimawandel begegnen.","breadcrumb":{"@id":"https:\/\/christophquarch.de\/autor\/shop\/schmelzt-das-eis-in-euren-herzen\/#breadcrumb"},"inLanguage":"en-US","potentialAction":[{"@type":"ReadAction","target":["https:\/\/christophquarch.de\/autor\/shop\/schmelzt-das-eis-in-euren-herzen\/"]}]},{"@type":"ImageObject","inLanguage":"en-US","@id":"https:\/\/christophquarch.de\/autor\/shop\/schmelzt-das-eis-in-euren-herzen\/#primaryimage","url":"https:\/\/christophquarch.de\/wp-content\/uploads\/2017\/11\/K1600_U1_Angaangaq-Eisschmelzen_CMYK_300.NEU_1-002.jpg","contentUrl":"https:\/\/christophquarch.de\/wp-content\/uploads\/2017\/11\/K1600_U1_Angaangaq-Eisschmelzen_CMYK_300.NEU_1-002.jpg","width":1200,"height":1902},{"@type":"BreadcrumbList","@id":"https:\/\/christophquarch.de\/autor\/shop\/schmelzt-das-eis-in-euren-herzen\/#breadcrumb","itemListElement":[{"@type":"ListItem","position":1,"name":"Startseite","item":"https:\/\/christophquarch.de\/en\/"},{"@type":"ListItem","position":2,"name":"Shop","item":"https:\/\/christophquarch.de\/en\/author\/shop\/"},{"@type":"ListItem","position":3,"name":"\u00bbSchmelzt das Eis in euren Herzen\u00ab"}]},{"@type":"WebSite","@id":"https:\/\/christophquarch.de\/#website","url":"https:\/\/christophquarch.de\/","name":"Philosoph Christoph Quarch","description":"Philosoph Autor Redner Denkbegleiter","publisher":{"@id":"https:\/\/christophquarch.de\/#organization"},"potentialAction":[{"@type":"SearchAction","target":{"@type":"EntryPoint","urlTemplate":"https:\/\/christophquarch.de\/?s={search_term_string}"},"query-input":{"@type":"PropertyValueSpecification","valueRequired":true,"valueName":"search_term_string"}}],"inLanguage":"en-US"},{"@type":"Organization","@id":"https:\/\/christophquarch.de\/#organization","name":"Philosoph Christoph Quarch","url":"https:\/\/christophquarch.de\/","logo":{"@type":"ImageObject","inLanguage":"en-US","@id":"https:\/\/christophquarch.de\/#\/schema\/logo\/image\/","url":"https:\/\/christophquarch.de\/wp-content\/uploads\/2023\/07\/christoph-quarch-logo.svg","contentUrl":"https:\/\/christophquarch.de\/wp-content\/uploads\/2023\/07\/christoph-quarch-logo.svg","width":662,"height":45,"caption":"Philosoph Christoph Quarch"},"image":{"@id":"https:\/\/christophquarch.de\/#\/schema\/logo\/image\/"},"sameAs":["https:\/\/www.facebook.com\/christophquarch","https:\/\/www.instagram.com\/christophquarch\/","https:\/\/www.linkedin.com\/in\/dr-phil-christoph-quarch-76a46a33\/","https:\/\/www.youtube.com\/channel\/UCyFpe-vAt0JCZ7OKe2KPTaw"]}]}},"_links":{"self":[{"href":"https:\/\/christophquarch.de\/en\/wp-json\/wp\/v2\/product\/12180","targetHints":{"allow":["GET"]}}],"collection":[{"href":"https:\/\/christophquarch.de\/en\/wp-json\/wp\/v2\/product"}],"about":[{"href":"https:\/\/christophquarch.de\/en\/wp-json\/wp\/v2\/types\/product"}],"wp:featuredmedia":[{"embeddable":true,"href":"https:\/\/christophquarch.de\/en\/wp-json\/wp\/v2\/media\/11952"}],"wp:attachment":[{"href":"https:\/\/christophquarch.de\/en\/wp-json\/wp\/v2\/media?parent=12180"}],"wp:term":[{"taxonomy":"product_brand","embeddable":true,"href":"https:\/\/christophquarch.de\/en\/wp-json\/wp\/v2\/product_brand?post=12180"},{"taxonomy":"product_cat","embeddable":true,"href":"https:\/\/christophquarch.de\/en\/wp-json\/wp\/v2\/product_cat?post=12180"},{"taxonomy":"product_tag","embeddable":true,"href":"https:\/\/christophquarch.de\/en\/wp-json\/wp\/v2\/product_tag?post=12180"}],"curies":[{"name":"wp","href":"https:\/\/api.w.org\/{rel}","templated":true}]}}