{"id":11905,"date":"2023-01-09T13:44:28","date_gmt":"2023-01-09T12:44:28","guid":{"rendered":"https:\/\/christophquarch.de\/?post_type=product&#038;p=11905"},"modified":"2024-12-19T16:46:08","modified_gmt":"2024-12-19T15:46:08","slug":"mitgefuehl-die-wahre-groesse-des-menschen-2","status":"publish","type":"product","link":"https:\/\/christophquarch.de\/en\/autor\/shop\/mitgefuehl-die-wahre-groesse-des-menschen-2\/","title":{"rendered":"\u00bbMitgef\u00fchl \u2013 die wahre Gr\u00f6\u00dfe des Menschen\u00ab"},"content":{"rendered":"<p>Ob in der F\u00fch\u00adrungs\u00adkunst, im Sozi\u00adal\u00adwe\u00adsen oder im Pri\u00adva\u00adten: Empa\u00adthie ist \u00fcber\u00adall gefragt. Was genau damit gemeint ist, bleibt jedoch oft unbe\u00addacht. Ist Empa\u00adthie eine emo\u00adtio\u00adna\u00adle oder eine kogni\u00adti\u00adve Qua\u00adli\u00adt\u00e4t? Kann man sie trai\u00adnie\u00adren oder erler\u00adnen? Was geschieht mit uns und ande\u00adren, wenn wir uns mit Empa\u00adthie begeg\u00adnen? Chris\u00adtoph Quarch schl\u00e4gt in sei\u00adnem Essay \u00fcber\u00adra\u00adschen\u00adde Ant\u00adwor\u00adten vor: Empa\u00adthie ist f\u00fcr ihn Aus\u00addruck geis\u00adti\u00adger Ver\u00adbun\u00adden\u00adheit. Die gan\u00adze heil\u00adsa\u00adme Kraft des Mit\u00adge\u00adf\u00fchls ent\u00adfal\u00adtet sich dann, wenn wir unse\u00adre Selbst\u00adbe\u00adz\u00fcg\u00adlich\u00adkeit preis\u00adge\u00adben und ein\u00adan\u00adder auf einer tie\u00adfe\u00adren Ebe\u00adne begeg\u00adnen und verstehen.<\/p>\n<p><strong>eBook Down\u00adload<\/strong><\/p>\n<p>21 Sei\u00adten<br>\n<em>EAN 9783985104161<\/em><\/p>\n<p>In allen eBook Por\u00adta\u00adlen erh\u00e4lt\u00adlich. Kauf\u00adlink f\u00fchrt zum Thalia-Shop.<\/p>\n","protected":false},"excerpt":{"rendered":"<p>Mit\u00adge\u00adf\u00fchl oder Empa\u00adthie ist \u00fcber\u00adall gefragt, aber von was spre\u00adchen wir hier eigent\u00adlich? Empa\u00adthie ist Aus\u00addruck geis\u00adti\u00adger Ver\u00adbun\u00adden\u00adheit. Die heil\u00adsa\u00adme Kraft des Mit\u00adge\u00adf\u00fchls wirkt dann, wenn wir unse\u00adre Selbst\u00adbe\u00adz\u00fcg\u00adlich\u00adkeit dran\u00adge\u00adben, so Chris\u00adtoph Quarch.&nbsp;<\/p>\n<p class=\"read-more-button-container\"><a class=\"button\" href=\"https:\/\/christophquarch.de\/en\/autor\/shop\/mitgefuehl-die-wahre-groesse-des-menschen-2\/\">Read more<\/a><\/p>\n","protected":false},"featured_media":11895,"template":"","meta":{"_acf_changed":false,"wp_typography_post_enhancements_disabled":false},"product_brand":[],"product_cat":[1164],"product_tag":[940,938,939,942,941,943,737,739,736,634,635,636,738],"class_list":{"0":"post-11905","1":"product","2":"type-product","3":"status-publish","4":"has-post-thumbnail","6":"product_cat-ebooks-appbooks","7":"product_tag-christophquarch","8":"product_tag-philosophiereise","9":"product_tag-philosophieren","10":"product_tag-reisegeschenk","11":"product_tag-reisen","12":"product_tag-weihnachtsgeschenk","13":"product_tag-denken","14":"product_tag-lebenssinn","15":"product_tag-philosophie","16":"product_tag-philosophie-des-sinns","17":"product_tag-sinn","18":"product_tag-sinnhaftigkeit","19":"product_tag-sinnsuche","20":"product_shipping_class-kostenlose-lieferung-download","21":"resize-featured-image","23":"first","24":"instock","25":"sold-individually","26":"product-type-external"},"acf":[],"yoast_head":"<!-- This site is optimized with the Yoast SEO plugin v27.3 - https:\/\/yoast.com\/product\/yoast-seo-wordpress\/ -->\n<title>\u00bbMitgef\u00fchl - die wahre Gr\u00f6\u00dfe des Menschen\u00ab &#8211; Dr. phil. Christoph Quarch<\/title>\n<meta name=\"description\" content=\"Eine Sicht auf das Ph\u00e4nomen des Mitgef\u00fchls aus einer antiken Perspektive. \u00dcberraschend anders und bestechend in seiner Stringenz.\" \/>\n<meta name=\"robots\" content=\"index, follow, max-snippet:-1, max-image-preview:large, max-video-preview:-1\" \/>\n<link rel=\"canonical\" href=\"https:\/\/christophquarch.de\/autor\/shop\/mitgefuehl-die-wahre-groesse-des-menschen-2\/\" \/>\n<meta property=\"og:locale\" content=\"en_US\" \/>\n<meta property=\"og:type\" content=\"article\" \/>\n<meta property=\"og:title\" content=\"\u00bbMitgef\u00fchl - die wahre Gr\u00f6\u00dfe des Menschen\u00ab &#8211; Dr. phil. Christoph Quarch\" \/>\n<meta property=\"og:description\" content=\"Eine Sicht auf das Ph\u00e4nomen des Mitgef\u00fchls aus einer antiken Perspektive. \u00dcberraschend anders und bestechend in seiner Stringenz.\" \/>\n<meta property=\"og:url\" content=\"https:\/\/christophquarch.de\/autor\/shop\/mitgefuehl-die-wahre-groesse-des-menschen-2\/\" \/>\n<meta property=\"og:site_name\" content=\"Dr. phil. Christoph Quarch\" \/>\n<meta property=\"article:publisher\" content=\"https:\/\/www.facebook.com\/christophquarch\" \/>\n<meta property=\"article:modified_time\" content=\"2024-12-19T15:46:08+00:00\" \/>\n<meta property=\"og:image\" content=\"https:\/\/christophquarch.de\/wp-content\/uploads\/2023\/01\/Mitgefuehl_eBook_Titel.jpg\" \/>\n\t<meta property=\"og:image:width\" content=\"1409\" \/>\n\t<meta property=\"og:image:height\" content=\"2000\" \/>\n\t<meta property=\"og:image:type\" content=\"image\/jpeg\" \/>\n<meta name=\"twitter:card\" content=\"summary_large_image\" \/>\n<meta name=\"twitter:label1\" content=\"Est. reading time\" \/>\n\t<meta name=\"twitter:data1\" content=\"1 minute\" \/>\n<script type=\"application\/ld+json\" class=\"yoast-schema-graph\">{\"@context\":\"https:\\\/\\\/schema.org\",\"@graph\":[{\"@type\":\"WebPage\",\"@id\":\"https:\\\/\\\/christophquarch.de\\\/autor\\\/shop\\\/mitgefuehl-die-wahre-groesse-des-menschen-2\\\/\",\"url\":\"https:\\\/\\\/christophquarch.de\\\/autor\\\/shop\\\/mitgefuehl-die-wahre-groesse-des-menschen-2\\\/\",\"name\":\"\u00bbMitgef\u00fchl - die wahre Gr\u00f6\u00dfe des Menschen\u00ab &#8211; Dr. phil. Christoph Quarch\",\"isPartOf\":{\"@id\":\"https:\\\/\\\/christophquarch.de\\\/#website\"},\"primaryImageOfPage\":{\"@id\":\"https:\\\/\\\/christophquarch.de\\\/autor\\\/shop\\\/mitgefuehl-die-wahre-groesse-des-menschen-2\\\/#primaryimage\"},\"image\":{\"@id\":\"https:\\\/\\\/christophquarch.de\\\/autor\\\/shop\\\/mitgefuehl-die-wahre-groesse-des-menschen-2\\\/#primaryimage\"},\"thumbnailUrl\":\"https:\\\/\\\/christophquarch.de\\\/wp-content\\\/uploads\\\/2023\\\/01\\\/Mitgefuehl_eBook_Titel.jpg\",\"datePublished\":\"2023-01-09T12:44:28+00:00\",\"dateModified\":\"2024-12-19T15:46:08+00:00\",\"description\":\"Eine Sicht auf das Ph\u00e4nomen des Mitgef\u00fchls aus einer antiken Perspektive. \u00dcberraschend anders und bestechend in seiner Stringenz.\",\"breadcrumb\":{\"@id\":\"https:\\\/\\\/christophquarch.de\\\/autor\\\/shop\\\/mitgefuehl-die-wahre-groesse-des-menschen-2\\\/#breadcrumb\"},\"inLanguage\":\"en-US\",\"potentialAction\":[{\"@type\":\"ReadAction\",\"target\":[\"https:\\\/\\\/christophquarch.de\\\/autor\\\/shop\\\/mitgefuehl-die-wahre-groesse-des-menschen-2\\\/\"]}]},{\"@type\":\"ImageObject\",\"inLanguage\":\"en-US\",\"@id\":\"https:\\\/\\\/christophquarch.de\\\/autor\\\/shop\\\/mitgefuehl-die-wahre-groesse-des-menschen-2\\\/#primaryimage\",\"url\":\"https:\\\/\\\/christophquarch.de\\\/wp-content\\\/uploads\\\/2023\\\/01\\\/Mitgefuehl_eBook_Titel.jpg\",\"contentUrl\":\"https:\\\/\\\/christophquarch.de\\\/wp-content\\\/uploads\\\/2023\\\/01\\\/Mitgefuehl_eBook_Titel.jpg\",\"width\":1409,\"height\":2000},{\"@type\":\"BreadcrumbList\",\"@id\":\"https:\\\/\\\/christophquarch.de\\\/autor\\\/shop\\\/mitgefuehl-die-wahre-groesse-des-menschen-2\\\/#breadcrumb\",\"itemListElement\":[{\"@type\":\"ListItem\",\"position\":1,\"name\":\"Startseite\",\"item\":\"https:\\\/\\\/christophquarch.de\\\/en\\\/\"},{\"@type\":\"ListItem\",\"position\":2,\"name\":\"Shop\",\"item\":\"https:\\\/\\\/christophquarch.de\\\/en\\\/author\\\/shop\\\/\"},{\"@type\":\"ListItem\",\"position\":3,\"name\":\"\u00bbMitgef\u00fchl &#8211; die wahre Gr\u00f6\u00dfe des Menschen\u00ab\"}]},{\"@type\":\"WebSite\",\"@id\":\"https:\\\/\\\/christophquarch.de\\\/#website\",\"url\":\"https:\\\/\\\/christophquarch.de\\\/\",\"name\":\"Philosoph Christoph Quarch\",\"description\":\"Philosoph Autor Redner Denkbegleiter\",\"publisher\":{\"@id\":\"https:\\\/\\\/christophquarch.de\\\/#organization\"},\"potentialAction\":[{\"@type\":\"SearchAction\",\"target\":{\"@type\":\"EntryPoint\",\"urlTemplate\":\"https:\\\/\\\/christophquarch.de\\\/?s={search_term_string}\"},\"query-input\":{\"@type\":\"PropertyValueSpecification\",\"valueRequired\":true,\"valueName\":\"search_term_string\"}}],\"inLanguage\":\"en-US\"},{\"@type\":\"Organization\",\"@id\":\"https:\\\/\\\/christophquarch.de\\\/#organization\",\"name\":\"Philosoph Christoph Quarch\",\"url\":\"https:\\\/\\\/christophquarch.de\\\/\",\"logo\":{\"@type\":\"ImageObject\",\"inLanguage\":\"en-US\",\"@id\":\"https:\\\/\\\/christophquarch.de\\\/#\\\/schema\\\/logo\\\/image\\\/\",\"url\":\"https:\\\/\\\/christophquarch.de\\\/wp-content\\\/uploads\\\/2023\\\/07\\\/christoph-quarch-logo.svg\",\"contentUrl\":\"https:\\\/\\\/christophquarch.de\\\/wp-content\\\/uploads\\\/2023\\\/07\\\/christoph-quarch-logo.svg\",\"width\":662,\"height\":45,\"caption\":\"Philosoph Christoph Quarch\"},\"image\":{\"@id\":\"https:\\\/\\\/christophquarch.de\\\/#\\\/schema\\\/logo\\\/image\\\/\"},\"sameAs\":[\"https:\\\/\\\/www.facebook.com\\\/christophquarch\",\"https:\\\/\\\/www.instagram.com\\\/christophquarch\\\/\",\"https:\\\/\\\/www.linkedin.com\\\/in\\\/dr-phil-christoph-quarch-76a46a33\\\/\",\"https:\\\/\\\/www.youtube.com\\\/channel\\\/UCyFpe-vAt0JCZ7OKe2KPTaw\"]}]}<\/script>\n<!-- \/ Yoast SEO plugin. -->","yoast_head_json":{"title":"\u00bbMitgef\u00fchl - die wahre Gr\u00f6\u00dfe des Menschen\u00ab &#8211; Dr. phil. Christoph Quarch","description":"Eine Sicht auf das Ph\u00e4nomen des Mitgef\u00fchls aus einer antiken Perspektive. \u00dcberraschend anders und bestechend in seiner Stringenz.","robots":{"index":"index","follow":"follow","max-snippet":"max-snippet:-1","max-image-preview":"max-image-preview:large","max-video-preview":"max-video-preview:-1"},"canonical":"https:\/\/christophquarch.de\/autor\/shop\/mitgefuehl-die-wahre-groesse-des-menschen-2\/","og_locale":"en_US","og_type":"article","og_title":"\u00bbMitgef\u00fchl - die wahre Gr\u00f6\u00dfe des Menschen\u00ab &#8211; Dr. phil. Christoph Quarch","og_description":"Eine Sicht auf das Ph\u00e4nomen des Mitgef\u00fchls aus einer antiken Perspektive. \u00dcberraschend anders und bestechend in seiner Stringenz.","og_url":"https:\/\/christophquarch.de\/autor\/shop\/mitgefuehl-die-wahre-groesse-des-menschen-2\/","og_site_name":"Dr. phil. Christoph Quarch","article_publisher":"https:\/\/www.facebook.com\/christophquarch","article_modified_time":"2024-12-19T15:46:08+00:00","og_image":[{"width":1409,"height":2000,"url":"https:\/\/christophquarch.de\/wp-content\/uploads\/2023\/01\/Mitgefuehl_eBook_Titel.jpg","type":"image\/jpeg"}],"twitter_card":"summary_large_image","twitter_misc":{"Est. reading time":"1 minute"},"schema":{"@context":"https:\/\/schema.org","@graph":[{"@type":"WebPage","@id":"https:\/\/christophquarch.de\/autor\/shop\/mitgefuehl-die-wahre-groesse-des-menschen-2\/","url":"https:\/\/christophquarch.de\/autor\/shop\/mitgefuehl-die-wahre-groesse-des-menschen-2\/","name":"\u00bbMitgef\u00fchl - die wahre Gr\u00f6\u00dfe des Menschen\u00ab &#8211; Dr. phil. Christoph Quarch","isPartOf":{"@id":"https:\/\/christophquarch.de\/#website"},"primaryImageOfPage":{"@id":"https:\/\/christophquarch.de\/autor\/shop\/mitgefuehl-die-wahre-groesse-des-menschen-2\/#primaryimage"},"image":{"@id":"https:\/\/christophquarch.de\/autor\/shop\/mitgefuehl-die-wahre-groesse-des-menschen-2\/#primaryimage"},"thumbnailUrl":"https:\/\/christophquarch.de\/wp-content\/uploads\/2023\/01\/Mitgefuehl_eBook_Titel.jpg","datePublished":"2023-01-09T12:44:28+00:00","dateModified":"2024-12-19T15:46:08+00:00","description":"Eine Sicht auf das Ph\u00e4nomen des Mitgef\u00fchls aus einer antiken Perspektive. \u00dcberraschend anders und bestechend in seiner Stringenz.","breadcrumb":{"@id":"https:\/\/christophquarch.de\/autor\/shop\/mitgefuehl-die-wahre-groesse-des-menschen-2\/#breadcrumb"},"inLanguage":"en-US","potentialAction":[{"@type":"ReadAction","target":["https:\/\/christophquarch.de\/autor\/shop\/mitgefuehl-die-wahre-groesse-des-menschen-2\/"]}]},{"@type":"ImageObject","inLanguage":"en-US","@id":"https:\/\/christophquarch.de\/autor\/shop\/mitgefuehl-die-wahre-groesse-des-menschen-2\/#primaryimage","url":"https:\/\/christophquarch.de\/wp-content\/uploads\/2023\/01\/Mitgefuehl_eBook_Titel.jpg","contentUrl":"https:\/\/christophquarch.de\/wp-content\/uploads\/2023\/01\/Mitgefuehl_eBook_Titel.jpg","width":1409,"height":2000},{"@type":"BreadcrumbList","@id":"https:\/\/christophquarch.de\/autor\/shop\/mitgefuehl-die-wahre-groesse-des-menschen-2\/#breadcrumb","itemListElement":[{"@type":"ListItem","position":1,"name":"Startseite","item":"https:\/\/christophquarch.de\/en\/"},{"@type":"ListItem","position":2,"name":"Shop","item":"https:\/\/christophquarch.de\/en\/author\/shop\/"},{"@type":"ListItem","position":3,"name":"\u00bbMitgef\u00fchl &#8211; die wahre Gr\u00f6\u00dfe des Menschen\u00ab"}]},{"@type":"WebSite","@id":"https:\/\/christophquarch.de\/#website","url":"https:\/\/christophquarch.de\/","name":"Philosoph Christoph Quarch","description":"Philosoph Autor Redner Denkbegleiter","publisher":{"@id":"https:\/\/christophquarch.de\/#organization"},"potentialAction":[{"@type":"SearchAction","target":{"@type":"EntryPoint","urlTemplate":"https:\/\/christophquarch.de\/?s={search_term_string}"},"query-input":{"@type":"PropertyValueSpecification","valueRequired":true,"valueName":"search_term_string"}}],"inLanguage":"en-US"},{"@type":"Organization","@id":"https:\/\/christophquarch.de\/#organization","name":"Philosoph Christoph Quarch","url":"https:\/\/christophquarch.de\/","logo":{"@type":"ImageObject","inLanguage":"en-US","@id":"https:\/\/christophquarch.de\/#\/schema\/logo\/image\/","url":"https:\/\/christophquarch.de\/wp-content\/uploads\/2023\/07\/christoph-quarch-logo.svg","contentUrl":"https:\/\/christophquarch.de\/wp-content\/uploads\/2023\/07\/christoph-quarch-logo.svg","width":662,"height":45,"caption":"Philosoph Christoph Quarch"},"image":{"@id":"https:\/\/christophquarch.de\/#\/schema\/logo\/image\/"},"sameAs":["https:\/\/www.facebook.com\/christophquarch","https:\/\/www.instagram.com\/christophquarch\/","https:\/\/www.linkedin.com\/in\/dr-phil-christoph-quarch-76a46a33\/","https:\/\/www.youtube.com\/channel\/UCyFpe-vAt0JCZ7OKe2KPTaw"]}]}},"_links":{"self":[{"href":"https:\/\/christophquarch.de\/en\/wp-json\/wp\/v2\/product\/11905","targetHints":{"allow":["GET"]}}],"collection":[{"href":"https:\/\/christophquarch.de\/en\/wp-json\/wp\/v2\/product"}],"about":[{"href":"https:\/\/christophquarch.de\/en\/wp-json\/wp\/v2\/types\/product"}],"wp:featuredmedia":[{"embeddable":true,"href":"https:\/\/christophquarch.de\/en\/wp-json\/wp\/v2\/media\/11895"}],"wp:attachment":[{"href":"https:\/\/christophquarch.de\/en\/wp-json\/wp\/v2\/media?parent=11905"}],"wp:term":[{"taxonomy":"product_brand","embeddable":true,"href":"https:\/\/christophquarch.de\/en\/wp-json\/wp\/v2\/product_brand?post=11905"},{"taxonomy":"product_cat","embeddable":true,"href":"https:\/\/christophquarch.de\/en\/wp-json\/wp\/v2\/product_cat?post=11905"},{"taxonomy":"product_tag","embeddable":true,"href":"https:\/\/christophquarch.de\/en\/wp-json\/wp\/v2\/product_tag?post=11905"}],"curies":[{"name":"wp","href":"https:\/\/api.w.org\/{rel}","templated":true}]}}