{"id":11060,"date":"2021-07-06T09:34:58","date_gmt":"2021-07-06T07:34:58","guid":{"rendered":"https:\/\/christophquarch.de\/?post_type=product&#038;p=11060"},"modified":"2023-06-29T14:20:03","modified_gmt":"2023-06-29T12:20:03","slug":"unsere-welt-ist-heilig","status":"publish","type":"product","link":"https:\/\/christophquarch.de\/en\/autor\/shop\/unsere-welt-ist-heilig\/","title":{"rendered":"\u00bbUnsere Welt ist heilig\u00ab"},"content":{"rendered":"<p>In einer Welt ohne Ma\u00df, die in die Kri\u00adse tau\u00admelt, f\u00e4llt den Reli\u00adgio\u00adnen eine beson\u00adde\u00adre Rol\u00adle zu, um die Glo\u00adba\u00adli\u00adsie\u00adrung zu m\u00e4\u00dfi\u00adgen und der Poli\u00adtik Nor\u00admen wie auch Richt\u00adli\u00adni\u00aden an die Hand zu geben \u2013 es braucht daher eine glo\u00adba\u00adle Spi\u00adri\u00adtua\u00adli\u00adt\u00e4t. Spi\u00adri\u00adtu\u00adel\u00adle Meis\u00adter legen ihre Visi\u00adon von der Zukunft unse\u00adrer Welt dar. Richard Rohr, Gal\u00adsan Tschi\u00adnag, Pir Zia Ina\u00adyat Khan, Wil\u00adli\u00adgis J\u00e4ger, Awra\u00adham Soe\u00adten\u00addorp, Annet\u00adte Kai\u00adser, Lau\u00adrence Free\u00adman, Anga\u00adan\u00adgaq, Thich Nhat Hanh, Thich Thien Son u.v.a. im Gespr\u00e4ch mit Dr. Chris\u00adtoph Quarch.<\/p>\n<h4>\u00dcber 3&nbsp;Stunden einzigartige Video-Interviews mit spirituellen Gr\u00f6\u00dfen<\/h4>\n<p>Glo\u00adba\u00adle Spi\u00adri\u00adtua\u00adli\u00adt\u00e4t \u2013 was ist das? Und was ist sie nicht? Der Begriff ist sper\u00adrig, und daher ist es ange\u00adzeigt, ein m\u00f6g\u00adli\u00adches Miss\u00adver\u00adst\u00e4nd\u00adnis aus\u00adzu\u00adschlie\u00ad\u00dfen. Wenn die\u00adses Buch f\u00fcr eine glo\u00adba\u00adle Spi\u00adri\u00adtua\u00adli\u00adt\u00e4t wirbt, dann meint es damit die\u00adse Spi\u00adri\u00adtua\u00adli\u00adt\u00e4t der Kon\u00adver\u00adsa\u00adti\u00adon mit und der Lie\u00adbe zu die\u00adser Welt. Die\u00adse Spi\u00adri\u00adtua\u00adli\u00adt\u00e4t ist nicht jen\u00adseits der Reli\u00adgio\u00adnen und Weis\u00adheits\u00adleh\u00adren. Die\u00adses Buch ver\u00adsteht sich mit\u00adhin als Ein\u00adla\u00addung zu einer neu\u00aden Reli\u00adgio \u2013 einer Kon\u00adver\u00adsa\u00adti\u00adon und mit dem Sein die\u00adser Welt und einer Spi\u00adri\u00adtua\u00adli\u00adt\u00e4t, die sich von ihm begeis\u00adtern l\u00e4sst; als Ein\u00adla\u00addung: dort, wo Sie gera\u00adde ste\u00adhen, in die Tie\u00adfe zu gehen, den Schutt abzu\u00adtra\u00adgen und die rei\u00adne Essenz ihrer Leben\u00addig\u00adkeit zu entdecken.<\/p>\n<h3>\u00dcber APPBOOKS<\/h3>\n<p>APP\u00adBOOKs von INNOLIBRO sind \u201eleben\u00addi\u00adge B\u00fccher\u201d, die mul\u00adti\u00adme\u00addi\u00adal nutz\u00adbar und stets aktu\u00adell sind. Sie ste\u00adhen f\u00fcr ein inter\u00adak\u00adti\u00adves, kom\u00admu\u00adni\u00adka\u00adti\u00adves wie auch neu\u00adar\u00adti\u00adges Lese\u00ader\u00adleb\u00adnis und ver\u00adste\u00adhen sich als drit\u00adtes Lite\u00adra\u00adtur\u00adme\u00addi\u00adum neben Fach- und Sach\u00adb\u00fc\u00adchern. Die gro\u00ad\u00dfe Beson\u00adder\u00adheit von APP\u00adBOOKs liegt in der M\u00f6g\u00adlich\u00adkeit, bereits aus\u00adge\u00adlie\u00adfer\u00adte Wer\u00adke jeder\u00adzeit aktua\u00adli\u00adsie\u00adren bzw. mit neu\u00aden Inhal\u00adten bef\u00fcl\u00adlen zu k\u00f6n\u00adnen. Wei\u00adter\u00adhin besteht \u2013 neben vie\u00adlen ande\u00adren Fea\u00adtures \u2013 die M\u00f6g\u00adlich\u00adkeit f\u00fcr Autoren, direkt und unmit\u00adtel\u00adbar mit den eige\u00adnen Lesen\u00adden in Kon\u00adtakt tre\u00adten zu k\u00f6n\u00adnen. Das macht APP\u00adBOOKs zu einem sehr nach\u00adhal\u00adti\u00adgen und per\u00adfor\u00adman\u00adten Medi\u00adum, was letzt\u00adlich eben\u00adfalls zu weni\u00adger Print\u00adpu\u00adbli\u00adka\u00adtio\u00adnen&nbsp;f\u00fchrt.<br>\n<script src=\"https:\/\/www.innolibro.com\/includes\/ueberappbooks.js\"><\/script><\/p>\n<div id=\"ueberappbooks_wrp\"><\/div>\n","protected":false},"excerpt":{"rendered":"<p>\u201eWie gro\u00ad\u00dfe spi\u00adri\u00adtu\u00adel\u00adle F\u00fch\u00adrer die Zukunft unse\u00adrer Welt sehen, durf\u00adte ich in span\u00adnen\u00adden Video\u00adin\u00adter\u00adviews fest\u00adhal\u00adten. Mit dem APP\u00adBOOK-For\u00admat k\u00f6n\u00adnen Sie die\u00adse Mit\u00adschnit\u00adte direkt im Buch erle\u00adben und die Chat\u00adfunk\u00adti\u00adon regt zum gemein\u00adsa\u00admen Phi\u00adlo\u00adso\u00adphie\u00adren hier\u00ad\u00fcber&nbsp;an.\u201c&nbsp;<\/p>\n<p class=\"read-more-button-container\"><a class=\"button\" href=\"https:\/\/christophquarch.de\/en\/autor\/shop\/unsere-welt-ist-heilig\/\">Read more<\/a><\/p>\n","protected":false},"featured_media":11061,"template":"","meta":{"_acf_changed":false,"wp_typography_post_enhancements_disabled":false},"product_brand":[],"product_cat":[1164],"product_tag":[],"class_list":{"0":"post-11060","1":"product","2":"type-product","3":"status-publish","4":"has-post-thumbnail","6":"product_cat-ebooks-appbooks","7":"resize-featured-image","9":"first","10":"instock","11":"taxable","12":"shipping-taxable","13":"product-type-external"},"acf":[],"yoast_head":"<!-- This site is optimized with the Yoast SEO plugin v27.3 - https:\/\/yoast.com\/product\/yoast-seo-wordpress\/ -->\n<title>\u00bbUnsere Welt ist heilig\u00ab &#8211; Dr. phil. Christoph Quarch<\/title>\n<meta name=\"robots\" content=\"index, follow, max-snippet:-1, max-image-preview:large, max-video-preview:-1\" \/>\n<link rel=\"canonical\" href=\"https:\/\/christophquarch.de\/autor\/shop\/unsere-welt-ist-heilig\/\" \/>\n<meta property=\"og:locale\" content=\"en_US\" \/>\n<meta property=\"og:type\" content=\"article\" \/>\n<meta property=\"og:title\" content=\"\u00bbUnsere Welt ist heilig\u00ab &#8211; Dr. phil. Christoph Quarch\" \/>\n<meta property=\"og:description\" content=\"\u201eWie gro\u00dfe spirituelle F\u00fchrer die Zukunft unserer Welt sehen, durfte ich in spannenden Videointerviews festhalten. Mit dem APPBOOK-Format k\u00f6nnen Sie diese Mitschnitte direkt im Buch erleben und die Chatfunktion regt zum gemeinsamen Philosophieren hier\u00fcber an.\u201c Read more\" \/>\n<meta property=\"og:url\" content=\"https:\/\/christophquarch.de\/autor\/shop\/unsere-welt-ist-heilig\/\" \/>\n<meta property=\"og:site_name\" content=\"Dr. phil. Christoph Quarch\" \/>\n<meta property=\"article:publisher\" content=\"https:\/\/www.facebook.com\/christophquarch\" \/>\n<meta property=\"article:modified_time\" content=\"2023-06-29T12:20:03+00:00\" \/>\n<meta property=\"og:image\" content=\"https:\/\/christophquarch.de\/wp-content\/uploads\/2021\/07\/cover_redesign_original_titel.jpg\" \/>\n\t<meta property=\"og:image:width\" content=\"1440\" \/>\n\t<meta property=\"og:image:height\" content=\"2000\" \/>\n\t<meta property=\"og:image:type\" content=\"image\/jpeg\" \/>\n<meta name=\"twitter:card\" content=\"summary_large_image\" \/>\n<meta name=\"twitter:label1\" content=\"Est. reading time\" \/>\n\t<meta name=\"twitter:data1\" content=\"2 minutes\" \/>\n<script type=\"application\/ld+json\" class=\"yoast-schema-graph\">{\"@context\":\"https:\\\/\\\/schema.org\",\"@graph\":[{\"@type\":\"WebPage\",\"@id\":\"https:\\\/\\\/christophquarch.de\\\/autor\\\/shop\\\/unsere-welt-ist-heilig\\\/\",\"url\":\"https:\\\/\\\/christophquarch.de\\\/autor\\\/shop\\\/unsere-welt-ist-heilig\\\/\",\"name\":\"\u00bbUnsere Welt ist heilig\u00ab &#8211; Dr. phil. Christoph Quarch\",\"isPartOf\":{\"@id\":\"https:\\\/\\\/christophquarch.de\\\/#website\"},\"primaryImageOfPage\":{\"@id\":\"https:\\\/\\\/christophquarch.de\\\/autor\\\/shop\\\/unsere-welt-ist-heilig\\\/#primaryimage\"},\"image\":{\"@id\":\"https:\\\/\\\/christophquarch.de\\\/autor\\\/shop\\\/unsere-welt-ist-heilig\\\/#primaryimage\"},\"thumbnailUrl\":\"https:\\\/\\\/christophquarch.de\\\/wp-content\\\/uploads\\\/2021\\\/07\\\/cover_redesign_original_titel.jpg\",\"datePublished\":\"2021-07-06T07:34:58+00:00\",\"dateModified\":\"2023-06-29T12:20:03+00:00\",\"breadcrumb\":{\"@id\":\"https:\\\/\\\/christophquarch.de\\\/autor\\\/shop\\\/unsere-welt-ist-heilig\\\/#breadcrumb\"},\"inLanguage\":\"en-US\",\"potentialAction\":[{\"@type\":\"ReadAction\",\"target\":[\"https:\\\/\\\/christophquarch.de\\\/autor\\\/shop\\\/unsere-welt-ist-heilig\\\/\"]}]},{\"@type\":\"ImageObject\",\"inLanguage\":\"en-US\",\"@id\":\"https:\\\/\\\/christophquarch.de\\\/autor\\\/shop\\\/unsere-welt-ist-heilig\\\/#primaryimage\",\"url\":\"https:\\\/\\\/christophquarch.de\\\/wp-content\\\/uploads\\\/2021\\\/07\\\/cover_redesign_original_titel.jpg\",\"contentUrl\":\"https:\\\/\\\/christophquarch.de\\\/wp-content\\\/uploads\\\/2021\\\/07\\\/cover_redesign_original_titel.jpg\",\"width\":1440,\"height\":2000},{\"@type\":\"BreadcrumbList\",\"@id\":\"https:\\\/\\\/christophquarch.de\\\/autor\\\/shop\\\/unsere-welt-ist-heilig\\\/#breadcrumb\",\"itemListElement\":[{\"@type\":\"ListItem\",\"position\":1,\"name\":\"Startseite\",\"item\":\"https:\\\/\\\/christophquarch.de\\\/en\\\/\"},{\"@type\":\"ListItem\",\"position\":2,\"name\":\"Shop\",\"item\":\"https:\\\/\\\/christophquarch.de\\\/en\\\/author\\\/shop\\\/\"},{\"@type\":\"ListItem\",\"position\":3,\"name\":\"\u00bbUnsere Welt ist heilig\u00ab\"}]},{\"@type\":\"WebSite\",\"@id\":\"https:\\\/\\\/christophquarch.de\\\/#website\",\"url\":\"https:\\\/\\\/christophquarch.de\\\/\",\"name\":\"Philosoph Christoph Quarch\",\"description\":\"Philosoph Autor Redner Denkbegleiter\",\"publisher\":{\"@id\":\"https:\\\/\\\/christophquarch.de\\\/#organization\"},\"potentialAction\":[{\"@type\":\"SearchAction\",\"target\":{\"@type\":\"EntryPoint\",\"urlTemplate\":\"https:\\\/\\\/christophquarch.de\\\/?s={search_term_string}\"},\"query-input\":{\"@type\":\"PropertyValueSpecification\",\"valueRequired\":true,\"valueName\":\"search_term_string\"}}],\"inLanguage\":\"en-US\"},{\"@type\":\"Organization\",\"@id\":\"https:\\\/\\\/christophquarch.de\\\/#organization\",\"name\":\"Philosoph Christoph Quarch\",\"url\":\"https:\\\/\\\/christophquarch.de\\\/\",\"logo\":{\"@type\":\"ImageObject\",\"inLanguage\":\"en-US\",\"@id\":\"https:\\\/\\\/christophquarch.de\\\/#\\\/schema\\\/logo\\\/image\\\/\",\"url\":\"https:\\\/\\\/christophquarch.de\\\/wp-content\\\/uploads\\\/2023\\\/07\\\/christoph-quarch-logo.svg\",\"contentUrl\":\"https:\\\/\\\/christophquarch.de\\\/wp-content\\\/uploads\\\/2023\\\/07\\\/christoph-quarch-logo.svg\",\"width\":662,\"height\":45,\"caption\":\"Philosoph Christoph Quarch\"},\"image\":{\"@id\":\"https:\\\/\\\/christophquarch.de\\\/#\\\/schema\\\/logo\\\/image\\\/\"},\"sameAs\":[\"https:\\\/\\\/www.facebook.com\\\/christophquarch\",\"https:\\\/\\\/www.instagram.com\\\/christophquarch\\\/\",\"https:\\\/\\\/www.linkedin.com\\\/in\\\/dr-phil-christoph-quarch-76a46a33\\\/\",\"https:\\\/\\\/www.youtube.com\\\/channel\\\/UCyFpe-vAt0JCZ7OKe2KPTaw\"]}]}<\/script>\n<!-- \/ Yoast SEO plugin. -->","yoast_head_json":{"title":"\u00bbUnsere Welt ist heilig\u00ab &#8211; Dr. phil. Christoph Quarch","robots":{"index":"index","follow":"follow","max-snippet":"max-snippet:-1","max-image-preview":"max-image-preview:large","max-video-preview":"max-video-preview:-1"},"canonical":"https:\/\/christophquarch.de\/autor\/shop\/unsere-welt-ist-heilig\/","og_locale":"en_US","og_type":"article","og_title":"\u00bbUnsere Welt ist heilig\u00ab &#8211; Dr. phil. Christoph Quarch","og_description":"\u201eWie gro\u00dfe spirituelle F\u00fchrer die Zukunft unserer Welt sehen, durfte ich in spannenden Videointerviews festhalten. Mit dem APPBOOK-Format k\u00f6nnen Sie diese Mitschnitte direkt im Buch erleben und die Chatfunktion regt zum gemeinsamen Philosophieren hier\u00fcber an.\u201c Read more","og_url":"https:\/\/christophquarch.de\/autor\/shop\/unsere-welt-ist-heilig\/","og_site_name":"Dr. phil. Christoph Quarch","article_publisher":"https:\/\/www.facebook.com\/christophquarch","article_modified_time":"2023-06-29T12:20:03+00:00","og_image":[{"width":1440,"height":2000,"url":"https:\/\/christophquarch.de\/wp-content\/uploads\/2021\/07\/cover_redesign_original_titel.jpg","type":"image\/jpeg"}],"twitter_card":"summary_large_image","twitter_misc":{"Est. reading time":"2 minutes"},"schema":{"@context":"https:\/\/schema.org","@graph":[{"@type":"WebPage","@id":"https:\/\/christophquarch.de\/autor\/shop\/unsere-welt-ist-heilig\/","url":"https:\/\/christophquarch.de\/autor\/shop\/unsere-welt-ist-heilig\/","name":"\u00bbUnsere Welt ist heilig\u00ab &#8211; Dr. phil. Christoph Quarch","isPartOf":{"@id":"https:\/\/christophquarch.de\/#website"},"primaryImageOfPage":{"@id":"https:\/\/christophquarch.de\/autor\/shop\/unsere-welt-ist-heilig\/#primaryimage"},"image":{"@id":"https:\/\/christophquarch.de\/autor\/shop\/unsere-welt-ist-heilig\/#primaryimage"},"thumbnailUrl":"https:\/\/christophquarch.de\/wp-content\/uploads\/2021\/07\/cover_redesign_original_titel.jpg","datePublished":"2021-07-06T07:34:58+00:00","dateModified":"2023-06-29T12:20:03+00:00","breadcrumb":{"@id":"https:\/\/christophquarch.de\/autor\/shop\/unsere-welt-ist-heilig\/#breadcrumb"},"inLanguage":"en-US","potentialAction":[{"@type":"ReadAction","target":["https:\/\/christophquarch.de\/autor\/shop\/unsere-welt-ist-heilig\/"]}]},{"@type":"ImageObject","inLanguage":"en-US","@id":"https:\/\/christophquarch.de\/autor\/shop\/unsere-welt-ist-heilig\/#primaryimage","url":"https:\/\/christophquarch.de\/wp-content\/uploads\/2021\/07\/cover_redesign_original_titel.jpg","contentUrl":"https:\/\/christophquarch.de\/wp-content\/uploads\/2021\/07\/cover_redesign_original_titel.jpg","width":1440,"height":2000},{"@type":"BreadcrumbList","@id":"https:\/\/christophquarch.de\/autor\/shop\/unsere-welt-ist-heilig\/#breadcrumb","itemListElement":[{"@type":"ListItem","position":1,"name":"Startseite","item":"https:\/\/christophquarch.de\/en\/"},{"@type":"ListItem","position":2,"name":"Shop","item":"https:\/\/christophquarch.de\/en\/author\/shop\/"},{"@type":"ListItem","position":3,"name":"\u00bbUnsere Welt ist heilig\u00ab"}]},{"@type":"WebSite","@id":"https:\/\/christophquarch.de\/#website","url":"https:\/\/christophquarch.de\/","name":"Philosoph Christoph Quarch","description":"Philosoph Autor Redner Denkbegleiter","publisher":{"@id":"https:\/\/christophquarch.de\/#organization"},"potentialAction":[{"@type":"SearchAction","target":{"@type":"EntryPoint","urlTemplate":"https:\/\/christophquarch.de\/?s={search_term_string}"},"query-input":{"@type":"PropertyValueSpecification","valueRequired":true,"valueName":"search_term_string"}}],"inLanguage":"en-US"},{"@type":"Organization","@id":"https:\/\/christophquarch.de\/#organization","name":"Philosoph Christoph Quarch","url":"https:\/\/christophquarch.de\/","logo":{"@type":"ImageObject","inLanguage":"en-US","@id":"https:\/\/christophquarch.de\/#\/schema\/logo\/image\/","url":"https:\/\/christophquarch.de\/wp-content\/uploads\/2023\/07\/christoph-quarch-logo.svg","contentUrl":"https:\/\/christophquarch.de\/wp-content\/uploads\/2023\/07\/christoph-quarch-logo.svg","width":662,"height":45,"caption":"Philosoph Christoph Quarch"},"image":{"@id":"https:\/\/christophquarch.de\/#\/schema\/logo\/image\/"},"sameAs":["https:\/\/www.facebook.com\/christophquarch","https:\/\/www.instagram.com\/christophquarch\/","https:\/\/www.linkedin.com\/in\/dr-phil-christoph-quarch-76a46a33\/","https:\/\/www.youtube.com\/channel\/UCyFpe-vAt0JCZ7OKe2KPTaw"]}]}},"_links":{"self":[{"href":"https:\/\/christophquarch.de\/en\/wp-json\/wp\/v2\/product\/11060","targetHints":{"allow":["GET"]}}],"collection":[{"href":"https:\/\/christophquarch.de\/en\/wp-json\/wp\/v2\/product"}],"about":[{"href":"https:\/\/christophquarch.de\/en\/wp-json\/wp\/v2\/types\/product"}],"wp:featuredmedia":[{"embeddable":true,"href":"https:\/\/christophquarch.de\/en\/wp-json\/wp\/v2\/media\/11061"}],"wp:attachment":[{"href":"https:\/\/christophquarch.de\/en\/wp-json\/wp\/v2\/media?parent=11060"}],"wp:term":[{"taxonomy":"product_brand","embeddable":true,"href":"https:\/\/christophquarch.de\/en\/wp-json\/wp\/v2\/product_brand?post=11060"},{"taxonomy":"product_cat","embeddable":true,"href":"https:\/\/christophquarch.de\/en\/wp-json\/wp\/v2\/product_cat?post=11060"},{"taxonomy":"product_tag","embeddable":true,"href":"https:\/\/christophquarch.de\/en\/wp-json\/wp\/v2\/product_tag?post=11060"}],"curies":[{"name":"wp","href":"https:\/\/api.w.org\/{rel}","templated":true}]}}