{"id":10866,"date":"2021-04-02T15:59:32","date_gmt":"2021-04-02T13:59:32","guid":{"rendered":"https:\/\/christophquarch.de\/?post_type=product&#038;p=10866"},"modified":"2022-03-07T13:46:56","modified_gmt":"2022-03-07T12:46:56","slug":"the-great-yes-how-to-unleash-the-meaning-of-life-ebook","status":"publish","type":"product","link":"https:\/\/christophquarch.de\/en\/autor\/shop\/the-great-yes-how-to-unleash-the-meaning-of-life-ebook\/","title":{"rendered":"\u00bbThe Great Yes. How to Unleash the Meaning of&nbsp;Life\u00ab"},"content":{"rendered":"<p>How to fall in love with Pla\u00adto, get rela\u00adxed with Socra\u00adtes and find the mea\u00adning of life despi\u00adte Kant. Man\u00adkin\u00add\u2019s most pre\u00adcious resour\u00adce is neither gold or data \u2013 it is Mea\u00adning. Mea\u00adning seems to run short in our epoch. So how can we access it? Mea\u00adning is what cap\u00adti\u00adva\u00adtes and exci\u00adtes us, what we expe\u00adri\u00adence with all our sen\u00adses. But behold, we can\u00adnot make sen\u00adse mere\u00adly on our own. Mea\u00adning is a&nbsp;gift hap\u00adpe\u00adning to us when\u00adever we are open\u00adhe\u00adar\u00adted, open\u00admin\u00added and recep\u00adti\u00adve. Then we can respond to life by say\u00ading Yes wit\u00adhout any ifs and buts. What do we need to start making sense?<\/p>\n<p><strong>eBook Down\u00adload<\/strong><\/p>\n<p>192 Sei\u00adten<br>\n<em>ASIN B08Z5YZ66R<\/em><\/p>\n<p><a href=\"https:\/\/www.amazon.de\/Great-Yes-Unleash-Meaning-English-ebook\/dp\/B08Z5YZ66R\/ref=sr_1_2?__mk_de_DE=\u00c5M\u00c5\u017d\u00d5\u00d1&amp;dchild=1&amp;keywords=the+great+yes&amp;qid=1617377315&amp;sr=8-2\">Buy now at amazon<\/a><\/p>\n<p>&nbsp;<\/p>\n","protected":false},"excerpt":{"rendered":"<p>Ever\u00ady\u00adbo\u00addy needs a&nbsp;WHY!<\/p>\n<p>Mea\u00adning is a&nbsp;gift hap\u00adpe\u00adning to us when\u00adever we are open\u00adhe\u00adar\u00adted, open\u00admin\u00added and recep\u00adti\u00adve. Then we can respond to life by say\u00ading Yes wit\u00adhout any ifs and buts. What do we need to start making sense?&nbsp;<\/p>\n<p class=\"read-more-button-container\"><a class=\"button\" href=\"https:\/\/christophquarch.de\/en\/autor\/shop\/the-great-yes-how-to-unleash-the-meaning-of-life-ebook\/\">Read more<\/a><\/p>\n","protected":false},"featured_media":10867,"template":"","meta":{"_acf_changed":false,"wp_typography_post_enhancements_disabled":false},"product_brand":[],"product_cat":[1164],"product_tag":[940,938,939,942,941,943,737,739,736,634,635,636,738],"class_list":{"0":"post-10866","1":"product","2":"type-product","3":"status-publish","4":"has-post-thumbnail","6":"product_cat-ebooks-appbooks","7":"product_tag-christophquarch","8":"product_tag-philosophiereise","9":"product_tag-philosophieren","10":"product_tag-reisegeschenk","11":"product_tag-reisen","12":"product_tag-weihnachtsgeschenk","13":"product_tag-denken","14":"product_tag-lebenssinn","15":"product_tag-philosophie","16":"product_tag-philosophie-des-sinns","17":"product_tag-sinn","18":"product_tag-sinnhaftigkeit","19":"product_tag-sinnsuche","20":"product_shipping_class-kostenlose-lieferung-download","21":"resize-featured-image","23":"first","24":"instock","25":"product-type-external"},"acf":[],"yoast_head":"<!-- This site is optimized with the Yoast SEO plugin v27.4 - https:\/\/yoast.com\/product\/yoast-seo-wordpress\/ -->\n<title>\u00bbThe Great Yes. How to Unleash the Meaning of Life\u00ab &#8211; Dr. phil. Christoph Quarch<\/title>\n<meta name=\"description\" content=\"Everybody needs a WHY!\u00a0The German philosopher Christoph Quarch explains how to discover the meaning of life.\" \/>\n<meta name=\"robots\" content=\"index, follow, max-snippet:-1, max-image-preview:large, max-video-preview:-1\" \/>\n<link rel=\"canonical\" href=\"https:\/\/christophquarch.de\/autor\/shop\/the-great-yes-how-to-unleash-the-meaning-of-life-ebook\/\" \/>\n<meta property=\"og:locale\" content=\"en_US\" \/>\n<meta property=\"og:type\" content=\"article\" \/>\n<meta property=\"og:title\" content=\"\u00bbThe Great Yes. How to Unleash the Meaning of Life\u00ab &#8211; Dr. phil. Christoph Quarch\" \/>\n<meta property=\"og:description\" content=\"Everybody needs a WHY!\u00a0The German philosopher Christoph Quarch explains how to discover the meaning of life.\" \/>\n<meta property=\"og:url\" content=\"https:\/\/christophquarch.de\/autor\/shop\/the-great-yes-how-to-unleash-the-meaning-of-life-ebook\/\" \/>\n<meta property=\"og:site_name\" content=\"Dr. phil. Christoph Quarch\" \/>\n<meta property=\"article:publisher\" content=\"https:\/\/www.facebook.com\/christophquarch\" \/>\n<meta property=\"article:modified_time\" content=\"2022-03-07T12:46:56+00:00\" \/>\n<meta property=\"og:image\" content=\"https:\/\/christophquarch.de\/wp-content\/uploads\/2021\/04\/thegreatyes_bezug.jpg\" \/>\n\t<meta property=\"og:image:width\" content=\"1298\" \/>\n\t<meta property=\"og:image:height\" content=\"2000\" \/>\n\t<meta property=\"og:image:type\" content=\"image\/jpeg\" \/>\n<meta name=\"twitter:card\" content=\"summary_large_image\" \/>\n<meta name=\"twitter:label1\" content=\"Est. reading time\" \/>\n\t<meta name=\"twitter:data1\" content=\"1 minute\" \/>\n<script type=\"application\/ld+json\" class=\"yoast-schema-graph\">{\"@context\":\"https:\\\/\\\/schema.org\",\"@graph\":[{\"@type\":\"WebPage\",\"@id\":\"https:\\\/\\\/christophquarch.de\\\/autor\\\/shop\\\/the-great-yes-how-to-unleash-the-meaning-of-life-ebook\\\/\",\"url\":\"https:\\\/\\\/christophquarch.de\\\/autor\\\/shop\\\/the-great-yes-how-to-unleash-the-meaning-of-life-ebook\\\/\",\"name\":\"\u00bbThe Great Yes. How to Unleash the Meaning of Life\u00ab &#8211; Dr. phil. Christoph Quarch\",\"isPartOf\":{\"@id\":\"https:\\\/\\\/christophquarch.de\\\/#website\"},\"primaryImageOfPage\":{\"@id\":\"https:\\\/\\\/christophquarch.de\\\/autor\\\/shop\\\/the-great-yes-how-to-unleash-the-meaning-of-life-ebook\\\/#primaryimage\"},\"image\":{\"@id\":\"https:\\\/\\\/christophquarch.de\\\/autor\\\/shop\\\/the-great-yes-how-to-unleash-the-meaning-of-life-ebook\\\/#primaryimage\"},\"thumbnailUrl\":\"https:\\\/\\\/christophquarch.de\\\/wp-content\\\/uploads\\\/2021\\\/04\\\/thegreatyes_bezug.jpg\",\"datePublished\":\"2021-04-02T13:59:32+00:00\",\"dateModified\":\"2022-03-07T12:46:56+00:00\",\"description\":\"Everybody needs a WHY!\u00a0The German philosopher Christoph Quarch explains how to discover the meaning of life.\",\"breadcrumb\":{\"@id\":\"https:\\\/\\\/christophquarch.de\\\/autor\\\/shop\\\/the-great-yes-how-to-unleash-the-meaning-of-life-ebook\\\/#breadcrumb\"},\"inLanguage\":\"en-US\",\"potentialAction\":[{\"@type\":\"ReadAction\",\"target\":[\"https:\\\/\\\/christophquarch.de\\\/autor\\\/shop\\\/the-great-yes-how-to-unleash-the-meaning-of-life-ebook\\\/\"]}]},{\"@type\":\"ImageObject\",\"inLanguage\":\"en-US\",\"@id\":\"https:\\\/\\\/christophquarch.de\\\/autor\\\/shop\\\/the-great-yes-how-to-unleash-the-meaning-of-life-ebook\\\/#primaryimage\",\"url\":\"https:\\\/\\\/christophquarch.de\\\/wp-content\\\/uploads\\\/2021\\\/04\\\/thegreatyes_bezug.jpg\",\"contentUrl\":\"https:\\\/\\\/christophquarch.de\\\/wp-content\\\/uploads\\\/2021\\\/04\\\/thegreatyes_bezug.jpg\",\"width\":1298,\"height\":2000,\"caption\":\"The Great Yes - Christoph Quarch\"},{\"@type\":\"BreadcrumbList\",\"@id\":\"https:\\\/\\\/christophquarch.de\\\/autor\\\/shop\\\/the-great-yes-how-to-unleash-the-meaning-of-life-ebook\\\/#breadcrumb\",\"itemListElement\":[{\"@type\":\"ListItem\",\"position\":1,\"name\":\"Startseite\",\"item\":\"https:\\\/\\\/christophquarch.de\\\/en\\\/\"},{\"@type\":\"ListItem\",\"position\":2,\"name\":\"Shop\",\"item\":\"https:\\\/\\\/christophquarch.de\\\/en\\\/author\\\/shop\\\/\"},{\"@type\":\"ListItem\",\"position\":3,\"name\":\"\u00bbThe Great Yes. How to Unleash the Meaning of Life\u00ab\"}]},{\"@type\":\"WebSite\",\"@id\":\"https:\\\/\\\/christophquarch.de\\\/#website\",\"url\":\"https:\\\/\\\/christophquarch.de\\\/\",\"name\":\"Philosoph Christoph Quarch\",\"description\":\"Philosoph Autor Redner Denkbegleiter\",\"publisher\":{\"@id\":\"https:\\\/\\\/christophquarch.de\\\/#organization\"},\"potentialAction\":[{\"@type\":\"SearchAction\",\"target\":{\"@type\":\"EntryPoint\",\"urlTemplate\":\"https:\\\/\\\/christophquarch.de\\\/?s={search_term_string}\"},\"query-input\":{\"@type\":\"PropertyValueSpecification\",\"valueRequired\":true,\"valueName\":\"search_term_string\"}}],\"inLanguage\":\"en-US\"},{\"@type\":\"Organization\",\"@id\":\"https:\\\/\\\/christophquarch.de\\\/#organization\",\"name\":\"Philosoph Christoph Quarch\",\"url\":\"https:\\\/\\\/christophquarch.de\\\/\",\"logo\":{\"@type\":\"ImageObject\",\"inLanguage\":\"en-US\",\"@id\":\"https:\\\/\\\/christophquarch.de\\\/#\\\/schema\\\/logo\\\/image\\\/\",\"url\":\"https:\\\/\\\/christophquarch.de\\\/wp-content\\\/uploads\\\/2023\\\/07\\\/christoph-quarch-logo.svg\",\"contentUrl\":\"https:\\\/\\\/christophquarch.de\\\/wp-content\\\/uploads\\\/2023\\\/07\\\/christoph-quarch-logo.svg\",\"width\":662,\"height\":45,\"caption\":\"Philosoph Christoph Quarch\"},\"image\":{\"@id\":\"https:\\\/\\\/christophquarch.de\\\/#\\\/schema\\\/logo\\\/image\\\/\"},\"sameAs\":[\"https:\\\/\\\/www.facebook.com\\\/christophquarch\",\"https:\\\/\\\/www.instagram.com\\\/christophquarch\\\/\",\"https:\\\/\\\/www.linkedin.com\\\/in\\\/dr-phil-christoph-quarch-76a46a33\\\/\",\"https:\\\/\\\/www.youtube.com\\\/channel\\\/UCyFpe-vAt0JCZ7OKe2KPTaw\"]}]}<\/script>\n<!-- \/ Yoast SEO plugin. -->","yoast_head_json":{"title":"\u00bbThe Great Yes. How to Unleash the Meaning of Life\u00ab &#8211; Dr. phil. Christoph Quarch","description":"Everybody needs a WHY!\u00a0The German philosopher Christoph Quarch explains how to discover the meaning of life.","robots":{"index":"index","follow":"follow","max-snippet":"max-snippet:-1","max-image-preview":"max-image-preview:large","max-video-preview":"max-video-preview:-1"},"canonical":"https:\/\/christophquarch.de\/autor\/shop\/the-great-yes-how-to-unleash-the-meaning-of-life-ebook\/","og_locale":"en_US","og_type":"article","og_title":"\u00bbThe Great Yes. How to Unleash the Meaning of Life\u00ab &#8211; Dr. phil. Christoph Quarch","og_description":"Everybody needs a WHY!\u00a0The German philosopher Christoph Quarch explains how to discover the meaning of life.","og_url":"https:\/\/christophquarch.de\/autor\/shop\/the-great-yes-how-to-unleash-the-meaning-of-life-ebook\/","og_site_name":"Dr. phil. Christoph Quarch","article_publisher":"https:\/\/www.facebook.com\/christophquarch","article_modified_time":"2022-03-07T12:46:56+00:00","og_image":[{"width":1298,"height":2000,"url":"https:\/\/christophquarch.de\/wp-content\/uploads\/2021\/04\/thegreatyes_bezug.jpg","type":"image\/jpeg"}],"twitter_card":"summary_large_image","twitter_misc":{"Est. reading time":"1 minute"},"schema":{"@context":"https:\/\/schema.org","@graph":[{"@type":"WebPage","@id":"https:\/\/christophquarch.de\/autor\/shop\/the-great-yes-how-to-unleash-the-meaning-of-life-ebook\/","url":"https:\/\/christophquarch.de\/autor\/shop\/the-great-yes-how-to-unleash-the-meaning-of-life-ebook\/","name":"\u00bbThe Great Yes. How to Unleash the Meaning of Life\u00ab &#8211; Dr. phil. Christoph Quarch","isPartOf":{"@id":"https:\/\/christophquarch.de\/#website"},"primaryImageOfPage":{"@id":"https:\/\/christophquarch.de\/autor\/shop\/the-great-yes-how-to-unleash-the-meaning-of-life-ebook\/#primaryimage"},"image":{"@id":"https:\/\/christophquarch.de\/autor\/shop\/the-great-yes-how-to-unleash-the-meaning-of-life-ebook\/#primaryimage"},"thumbnailUrl":"https:\/\/christophquarch.de\/wp-content\/uploads\/2021\/04\/thegreatyes_bezug.jpg","datePublished":"2021-04-02T13:59:32+00:00","dateModified":"2022-03-07T12:46:56+00:00","description":"Everybody needs a WHY!\u00a0The German philosopher Christoph Quarch explains how to discover the meaning of life.","breadcrumb":{"@id":"https:\/\/christophquarch.de\/autor\/shop\/the-great-yes-how-to-unleash-the-meaning-of-life-ebook\/#breadcrumb"},"inLanguage":"en-US","potentialAction":[{"@type":"ReadAction","target":["https:\/\/christophquarch.de\/autor\/shop\/the-great-yes-how-to-unleash-the-meaning-of-life-ebook\/"]}]},{"@type":"ImageObject","inLanguage":"en-US","@id":"https:\/\/christophquarch.de\/autor\/shop\/the-great-yes-how-to-unleash-the-meaning-of-life-ebook\/#primaryimage","url":"https:\/\/christophquarch.de\/wp-content\/uploads\/2021\/04\/thegreatyes_bezug.jpg","contentUrl":"https:\/\/christophquarch.de\/wp-content\/uploads\/2021\/04\/thegreatyes_bezug.jpg","width":1298,"height":2000,"caption":"The Great Yes - Christoph Quarch"},{"@type":"BreadcrumbList","@id":"https:\/\/christophquarch.de\/autor\/shop\/the-great-yes-how-to-unleash-the-meaning-of-life-ebook\/#breadcrumb","itemListElement":[{"@type":"ListItem","position":1,"name":"Startseite","item":"https:\/\/christophquarch.de\/en\/"},{"@type":"ListItem","position":2,"name":"Shop","item":"https:\/\/christophquarch.de\/en\/author\/shop\/"},{"@type":"ListItem","position":3,"name":"\u00bbThe Great Yes. How to Unleash the Meaning of Life\u00ab"}]},{"@type":"WebSite","@id":"https:\/\/christophquarch.de\/#website","url":"https:\/\/christophquarch.de\/","name":"Philosoph Christoph Quarch","description":"Philosoph Autor Redner Denkbegleiter","publisher":{"@id":"https:\/\/christophquarch.de\/#organization"},"potentialAction":[{"@type":"SearchAction","target":{"@type":"EntryPoint","urlTemplate":"https:\/\/christophquarch.de\/?s={search_term_string}"},"query-input":{"@type":"PropertyValueSpecification","valueRequired":true,"valueName":"search_term_string"}}],"inLanguage":"en-US"},{"@type":"Organization","@id":"https:\/\/christophquarch.de\/#organization","name":"Philosoph Christoph Quarch","url":"https:\/\/christophquarch.de\/","logo":{"@type":"ImageObject","inLanguage":"en-US","@id":"https:\/\/christophquarch.de\/#\/schema\/logo\/image\/","url":"https:\/\/christophquarch.de\/wp-content\/uploads\/2023\/07\/christoph-quarch-logo.svg","contentUrl":"https:\/\/christophquarch.de\/wp-content\/uploads\/2023\/07\/christoph-quarch-logo.svg","width":662,"height":45,"caption":"Philosoph Christoph Quarch"},"image":{"@id":"https:\/\/christophquarch.de\/#\/schema\/logo\/image\/"},"sameAs":["https:\/\/www.facebook.com\/christophquarch","https:\/\/www.instagram.com\/christophquarch\/","https:\/\/www.linkedin.com\/in\/dr-phil-christoph-quarch-76a46a33\/","https:\/\/www.youtube.com\/channel\/UCyFpe-vAt0JCZ7OKe2KPTaw"]}]}},"_links":{"self":[{"href":"https:\/\/christophquarch.de\/en\/wp-json\/wp\/v2\/product\/10866","targetHints":{"allow":["GET"]}}],"collection":[{"href":"https:\/\/christophquarch.de\/en\/wp-json\/wp\/v2\/product"}],"about":[{"href":"https:\/\/christophquarch.de\/en\/wp-json\/wp\/v2\/types\/product"}],"wp:featuredmedia":[{"embeddable":true,"href":"https:\/\/christophquarch.de\/en\/wp-json\/wp\/v2\/media\/10867"}],"wp:attachment":[{"href":"https:\/\/christophquarch.de\/en\/wp-json\/wp\/v2\/media?parent=10866"}],"wp:term":[{"taxonomy":"product_brand","embeddable":true,"href":"https:\/\/christophquarch.de\/en\/wp-json\/wp\/v2\/product_brand?post=10866"},{"taxonomy":"product_cat","embeddable":true,"href":"https:\/\/christophquarch.de\/en\/wp-json\/wp\/v2\/product_cat?post=10866"},{"taxonomy":"product_tag","embeddable":true,"href":"https:\/\/christophquarch.de\/en\/wp-json\/wp\/v2\/product_tag?post=10866"}],"curies":[{"name":"wp","href":"https:\/\/api.w.org\/{rel}","templated":true}]}}