{"id":5960,"date":"2019-05-10T22:21:44","date_gmt":"2019-05-10T20:21:44","guid":{"rendered":"https:\/\/christophquarch.de\/revocation-for-digital-goods\/"},"modified":"2019-05-10T22:21:45","modified_gmt":"2019-05-10T20:21:45","slug":"revocation-for-digital-goods","status":"publish","type":"page","link":"https:\/\/christophquarch.de\/en\/revocation-for-digital-goods\/","title":{"rendered":"Revocation for digital goods"},"content":{"rendered":"\n<p><strong>Haf\u00adtungs\u00adhin\u00adweis und Lizenz: Das nach\u00adste\u00adhen\u00adde Mus\u00adter ist von einem Rechts\u00adan\u00adwalt erstellt wor\u00adden (http:\/\/rechtsanwalt-schwenke.de). Sie ent\u00adspricht den recht\u00adli\u00adchen Anfor\u00adde\u00adrun\u00adgen eines typi\u00adschen, an Ver\u00adbrau\u00adcher gerich\u00adte\u00adten Online\u00adshops. Jedoch soll\u00adten Sie das Mus\u00adter nur nach sorg\u00adf\u00e4l\u00adti\u00adger Pr\u00fc\u00adfung und Anpas\u00adsung auf Ihr kon\u00adkre\u00adtes Gesch\u00e4fts\u00admo\u00addell ver\u00adwen\u00adden. Die Klau\u00adseln k\u00f6n\u00adnen in bestimm\u00adten Kon\u00adstel\u00adla\u00adtio\u00adnen nicht aus\u00adrei\u00adchend sein. Las\u00adsen Sie sich im Zwei\u00adfel recht\u00adlich beraten.<\/strong><\/p>\n\n<p><strong>Das Mus\u00adter ist urhe\u00adber\u00adrecht\u00adlich gesch\u00fctzt und deren Nut\u00adzung nur im Rah\u00admen der Ger\u00adman Mar\u00adket-Lizenz inner\u00adhalb des Shops erlaubt. D.h. das Mus\u00adter darf z.B. nicht auf ande\u00adren Web\u00adsites ver\u00adwen\u00addet werden.<\/strong><\/p>\n\n<p><strong>Bear\u00adbei\u00adtungs\u00adhin\u00adweis: Bit\u00adte beach\u00adten Sie die Hin\u00adwei\u00adse in den ecki\u00adgen Klam\u00admern und erg\u00e4n\u00adzen die\u00adse, sofern erfor\u00adder\u00adlich, durch eige\u00adne Angaben.<\/strong><\/p>\n\n<h3 class=\"wp-block-heading\">Belehrung \u00fcber das Widerrufsrecht f\u00fcr Verbraucher \u00fcber die Lieferung von digitalen Inhalten, die nicht auf einem k\u00f6rperlichen Datentr\u00e4ger geliefert werden (z.B. E\u2011Book, Softwaredownload)<\/h3>\n\n<p><strong>Wider\u00adrufs\u00adbe\u00adleh\u00adrung<\/strong><\/p>\n\n<p>Ver\u00adbrau\u00adcher ist jede nat\u00fcr\u00adli\u00adche Per\u00adson, die ein Rechts\u00adge\u00adsch\u00e4ft zu Zwe\u00adcken abschlie\u00dft, die \u00fcber\u00adwie\u00adgend weder ihrer gewerb\u00adli\u00adchen noch ihrer selb\u00adst\u00e4n\u00addi\u00adgen beruf\u00adli\u00adchen T\u00e4tig\u00adkeit zuge\u00adrech\u00adnet wer\u00adden k\u00f6nnen.<\/p>\n\n<p><strong>Wider\u00adrufs\u00adrecht<\/strong><\/p>\n\n<p>Sie haben das Recht, bin\u00adnen vier\u00adzehn Tagen ohne Anga\u00adbe von Gr\u00fcn\u00adden die\u00adsen Ver\u00adtrag zu wider\u00adru\u00adfen. Die Wider\u00adrufs\u00adfrist betr\u00e4gt vier\u00adzehn Tage ab dem Tag des Ver\u00adtrags\u00adschlus\u00adses. Um Ihr Wider\u00adrufs\u00adrecht aus\u00adzu\u00ad\u00fcben, m\u00fcs\u00adsen Sie uns ([Ein\u00adset\u00adzen: Namen\/Firma, Anschrift des Wider\u00adrufs\u00adadres\u00adsa\u00adten, Tele\u00adfon\u00adnum\u00admer, E\u2011Mailadresse und, sofern vor\u00adhan\u00adden, die Tele\u00adfax\u00adnum\u00admer. Sie k\u00f6n\u00adnen auch den short\u00adcode Dr. phil. Chris\u00adtoph Quarch<br>\nPost\u00adfach&nbsp;1643<br>\n36006&nbsp;Fulda<br>\n<br>\nTele\u00adfon 0661 9525954<br>\nTele\u00adfax 0661 9525956<br>\nE\u2011Mail: <a href=\"mailto:info@christophquarch.de\">info@christophquarch.de<\/a> daf\u00fcr ver\u00adwen\u00adden, und die Adres\u00adse in Ein\u00adstel\u00adlun\u00adgen DE hin\u00adter\u00adle\u00adgen.]) mit\u00adtels einer ein\u00addeu\u00adti\u00adgen Erkl\u00e4\u00adrung (z.B. ein mit der Post ver\u00adsand\u00adter Brief, Tele\u00adfax oder E\u2011Mail) \u00fcber Ihren Ent\u00adschluss, die\u00adsen Ver\u00adtrag zu wider\u00adru\u00adfen, infor\u00admie\u00adren. Sie k\u00f6n\u00adnen daf\u00fcr das bei\u00adgef\u00fcg\u00adte Mus\u00adter-Wider\u00adrufs\u00adfor\u00admu\u00adlar ver\u00adwen\u00adden, das jedoch nicht vor\u00adge\u00adschrie\u00adben ist. Zur Wah\u00adrung der Wider\u00adrufs\u00adfrist reicht es aus, dass Sie die Mit\u00adtei\u00adlung \u00fcber die Aus\u00ad\u00fcbung des Wider\u00adrufs\u00adrechts vor Ablauf der Wider\u00adrufs\u00adfrist absenden.<\/p>\n\n<p><strong>Fol\u00adgen des Wider\u00adrufs<\/strong><br>Wenn Sie die\u00adsen Ver\u00adtrag wider\u00adru\u00adfen, haben wir Ihnen alle Zah\u00adlun\u00adgen, die wir von Ihnen erhal\u00adten haben, ein\u00adschlie\u00df\u00adlich der Lie\u00adfer\u00adkos\u00adten (mit Aus\u00adnah\u00adme der zus\u00e4tz\u00adli\u00adchen Kos\u00adten, die sich dar\u00adaus erge\u00adben, dass Sie eine ande\u00adre Art der Lie\u00adfe\u00adrung als die von uns ange\u00adbo\u00adte\u00adne, g\u00fcns\u00adtigs\u00adte Stan\u00addard\u00adlie\u00adfe\u00adrung gew\u00e4hlt haben), unver\u00adz\u00fcg\u00adlich und sp\u00e4\u00adtes\u00adtens bin\u00adnen vier\u00adzehn Tagen ab dem Tag zur\u00fcck\u00adzu\u00adzah\u00adlen, an dem die Mit\u00adtei\u00adlung \u00fcber Ihren Wider\u00adruf die\u00adses Ver\u00adtrags bei uns ein\u00adge\u00adgan\u00adgen ist. F\u00fcr die\u00adse R\u00fcck\u00adzah\u00adlung ver\u00adwen\u00adden wir das\u00adsel\u00adbe Zah\u00adlungs\u00admit\u00adtel, das Sie bei der urspr\u00fcng\u00adli\u00adchen Trans\u00adak\u00adti\u00adon ein\u00adge\u00adsetzt haben, es sei denn, mit Ihnen wur\u00adde aus\u00addr\u00fcck\u00adlich etwas ande\u00adres ver\u00adein\u00adbart; in kei\u00adnem Fall wer\u00adden Ihnen wegen die\u00adser R\u00fcck\u00adzah\u00adlung Ent\u00adgel\u00adte berechnet.<\/p>\n\n<p><strong>Mus\u00adter-Wider\u00adrufs\u00adfor\u00admu\u00adlar<\/strong><\/p>\n\n<p>(Wenn Sie den Ver\u00adtrag wider\u00adru\u00adfen wol\u00adlen, dann f\u00fcl\u00adlen Sie bit\u00adte die\u00adses For\u00admu\u00adlar aus und sen\u00adden Sie es zur\u00fcck.)<br>- An [Ein\u00adset\u00adzen: Namen\/Firma, Anschrift des Wider\u00adrufs\u00adadres\u00adsa\u00adten, E\u2011Mailadresse und, sofern vor\u00adhan\u00adden, die Tele\u00adfax\u00adnum\u00admer.]:<br>- Hier\u00admit widerrufe(n) ich\/wir (*) den von mir\/uns (*) abge\u00adschlos\u00adse\u00adnen Ver\u00adtrag \u00fcber den Kauf der fol\u00adgen\u00adden Waren (*)\/ die Erbrin\u00adgung der fol\u00adgen\u00adden Dienst\u00adleis\u00adtung (*)<br>- Bestellt am (*)\/erhalten am (*)<br>- Name des\/der Verbraucher(s)<br>- Anschrift des\/der Verbraucher(s)<br>- Unter\u00adschrift des\/der Verbraucher(s) (nur bei Mit\u00adtei\u00adlung auf Papier)<br>- Datum<br>\u2014\u2014\u2014\u2014\u2014\u2014\u2014\u2014\u2014\u2014\u2014\u2014\u2014<br>(*) Unzu\u00adtref\u00adfen\u00addes streichen.<\/p>\n\n<p><strong>Aus\u00adschluss bzw. vor\u00adzei\u00adti\u00adges Erl\u00f6\u00adschen des Wider\u00adrufs\u00adrechts<\/strong><br>Das Wider\u00adrufs\u00adrecht besteht nicht bei Ver\u00adtr\u00e4\u00adgen zur Lie\u00adfe\u00adrung von digi\u00adta\u00adlen Inhal\u00adten, die nicht vor\u00adge\u00adfer\u00adtigt sind und f\u00fcr deren Her\u00adstel\u00adlung eine indi\u00advi\u00addu\u00adel\u00adle Aus\u00adwahl oder Bestim\u00admung durch den Ver\u00adbrau\u00adcher ma\u00df\u00adgeb\u00adlich ist oder die ein\u00addeu\u00adtig auf die per\u00ads\u00f6n\u00adli\u00adchen Bed\u00fcrf\u00adnis\u00adse des Ver\u00adbrau\u00adchers zuge\u00adschnit\u00adten sind.<br>Das Wider\u00adrufs\u00adrecht erlischt vor\u00adzei\u00adtig, wenn wir mit der Aus\u00adf\u00fch\u00adrung des Ver\u00adtra\u00adges erst begon\u00adnen haben, nach\u00addem Sie dazu Ihre aus\u00addr\u00fcck\u00adli\u00adche Zustim\u00admung gege\u00adben und gleich\u00adzei\u00adtig Ihre Kennt\u00adnis davon best\u00e4\u00adtigt haben, dass Sie Ihr Wider\u00adrufs\u00adrecht mit Beginn der Ver\u00adtrags\u00ader\u00adf\u00fcl\u00adlung unse\u00adrer\u00adseits ver\u00adlie\u00adren. Wir wei\u00adsen dar\u00adauf hin, dass wir den Ver\u00adtrags\u00adschluss von der vor\u00adge\u00adnann\u00adten Zustim\u00admung und Best\u00e4\u00adti\u00adgung abh\u00e4n\u00adgig machen k\u00f6nnen.<\/p>\n","protected":false},"excerpt":{"rendered":"<p>Haf\u00adtungs\u00adhin\u00adweis und Lizenz: Das nach\u00adste\u00adhen\u00adde Mus\u00adter ist von einem Rechts\u00adan\u00adwalt erstellt wor\u00adden (http:\/\/rechtsanwalt-schwenke.de). Sie ent\u00adspricht den recht\u00adli\u00adchen Anfor\u00adde\u00adrun\u00adgen eines typischen,&nbsp;\u2026&nbsp;<\/p>\n<p class=\"read-more-container\"><a title=\"Revocation for digital goods\" class=\"read-more button\" href=\"https:\/\/christophquarch.de\/en\/revocation-for-digital-goods\/#more-5960\" aria-label=\"Read more about Revocation for digital goods\">Wei\u00adter\u00adle\u00adsen<\/a><\/p>\n","protected":false},"author":1,"featured_media":0,"parent":0,"menu_order":88,"comment_status":"closed","ping_status":"closed","template":"","meta":{"_acf_changed":false,"wp_typography_post_enhancements_disabled":false,"footnotes":""},"class_list":["post-5960","page","type-page","status-publish"],"acf":[],"yoast_head":"<!-- This site is optimized with the Yoast SEO plugin v27.4 - https:\/\/yoast.com\/product\/yoast-seo-wordpress\/ -->\n<title>Revocation for digital goods &#8211; Dr. phil. Christoph Quarch<\/title>\n<meta name=\"robots\" content=\"index, follow, max-snippet:-1, max-image-preview:large, max-video-preview:-1\" \/>\n<link rel=\"canonical\" href=\"https:\/\/christophquarch.de\/en\/revocation-for-digital-goods\/\" \/>\n<meta property=\"og:locale\" content=\"en_US\" \/>\n<meta property=\"og:type\" content=\"article\" \/>\n<meta property=\"og:title\" content=\"Revocation for digital goods &#8211; Dr. phil. Christoph Quarch\" \/>\n<meta property=\"og:description\" content=\"Haf\u00adtungs\u00adhin\u00adweis und Lizenz: Das nach\u00adste\u00adhen\u00adde Mus\u00adter ist von einem Rechts\u00adan\u00adwalt erstellt wor\u00adden (http:\/\/rechtsanwalt-schwenke.de). Sie ent\u00adspricht den recht\u00adli\u00adchen Anfor\u00adde\u00adrun\u00adgen eines typi\u00adschen, ... Weiterlesen\" \/>\n<meta property=\"og:url\" content=\"https:\/\/christophquarch.de\/en\/revocation-for-digital-goods\/\" \/>\n<meta property=\"og:site_name\" content=\"Dr. phil. Christoph Quarch\" \/>\n<meta property=\"article:publisher\" content=\"https:\/\/www.facebook.com\/christophquarch\" \/>\n<meta property=\"article:modified_time\" content=\"2019-05-10T20:21:45+00:00\" \/>\n<meta name=\"twitter:card\" content=\"summary_large_image\" \/>\n<meta name=\"twitter:label1\" content=\"Est. reading time\" \/>\n\t<meta name=\"twitter:data1\" content=\"3 minutes\" \/>\n<script type=\"application\/ld+json\" class=\"yoast-schema-graph\">{\"@context\":\"https:\\\/\\\/schema.org\",\"@graph\":[{\"@type\":\"WebPage\",\"@id\":\"https:\\\/\\\/christophquarch.de\\\/en\\\/revocation-for-digital-goods\\\/\",\"url\":\"https:\\\/\\\/christophquarch.de\\\/en\\\/revocation-for-digital-goods\\\/\",\"name\":\"Revocation for digital goods &#8211; Dr. phil. Christoph Quarch\",\"isPartOf\":{\"@id\":\"https:\\\/\\\/christophquarch.de\\\/#website\"},\"datePublished\":\"2019-05-10T20:21:44+00:00\",\"dateModified\":\"2019-05-10T20:21:45+00:00\",\"breadcrumb\":{\"@id\":\"https:\\\/\\\/christophquarch.de\\\/en\\\/revocation-for-digital-goods\\\/#breadcrumb\"},\"inLanguage\":\"en-US\",\"potentialAction\":[{\"@type\":\"ReadAction\",\"target\":[\"https:\\\/\\\/christophquarch.de\\\/en\\\/revocation-for-digital-goods\\\/\"]}]},{\"@type\":\"BreadcrumbList\",\"@id\":\"https:\\\/\\\/christophquarch.de\\\/en\\\/revocation-for-digital-goods\\\/#breadcrumb\",\"itemListElement\":[{\"@type\":\"ListItem\",\"position\":1,\"name\":\"Startseite\",\"item\":\"https:\\\/\\\/christophquarch.de\\\/en\\\/\"},{\"@type\":\"ListItem\",\"position\":2,\"name\":\"Revocation for digital goods\"}]},{\"@type\":\"WebSite\",\"@id\":\"https:\\\/\\\/christophquarch.de\\\/#website\",\"url\":\"https:\\\/\\\/christophquarch.de\\\/\",\"name\":\"Philosoph Christoph Quarch\",\"description\":\"Philosoph Autor Redner Denkbegleiter\",\"publisher\":{\"@id\":\"https:\\\/\\\/christophquarch.de\\\/#organization\"},\"potentialAction\":[{\"@type\":\"SearchAction\",\"target\":{\"@type\":\"EntryPoint\",\"urlTemplate\":\"https:\\\/\\\/christophquarch.de\\\/?s={search_term_string}\"},\"query-input\":{\"@type\":\"PropertyValueSpecification\",\"valueRequired\":true,\"valueName\":\"search_term_string\"}}],\"inLanguage\":\"en-US\"},{\"@type\":\"Organization\",\"@id\":\"https:\\\/\\\/christophquarch.de\\\/#organization\",\"name\":\"Philosoph Christoph Quarch\",\"url\":\"https:\\\/\\\/christophquarch.de\\\/\",\"logo\":{\"@type\":\"ImageObject\",\"inLanguage\":\"en-US\",\"@id\":\"https:\\\/\\\/christophquarch.de\\\/#\\\/schema\\\/logo\\\/image\\\/\",\"url\":\"https:\\\/\\\/christophquarch.de\\\/wp-content\\\/uploads\\\/2023\\\/07\\\/christoph-quarch-logo.svg\",\"contentUrl\":\"https:\\\/\\\/christophquarch.de\\\/wp-content\\\/uploads\\\/2023\\\/07\\\/christoph-quarch-logo.svg\",\"width\":662,\"height\":45,\"caption\":\"Philosoph Christoph Quarch\"},\"image\":{\"@id\":\"https:\\\/\\\/christophquarch.de\\\/#\\\/schema\\\/logo\\\/image\\\/\"},\"sameAs\":[\"https:\\\/\\\/www.facebook.com\\\/christophquarch\",\"https:\\\/\\\/www.instagram.com\\\/christophquarch\\\/\",\"https:\\\/\\\/www.linkedin.com\\\/in\\\/dr-phil-christoph-quarch-76a46a33\\\/\",\"https:\\\/\\\/www.youtube.com\\\/channel\\\/UCyFpe-vAt0JCZ7OKe2KPTaw\"]}]}<\/script>\n<!-- \/ Yoast SEO plugin. -->","yoast_head_json":{"title":"Revocation for digital goods &#8211; Dr. phil. Christoph Quarch","robots":{"index":"index","follow":"follow","max-snippet":"max-snippet:-1","max-image-preview":"max-image-preview:large","max-video-preview":"max-video-preview:-1"},"canonical":"https:\/\/christophquarch.de\/en\/revocation-for-digital-goods\/","og_locale":"en_US","og_type":"article","og_title":"Revocation for digital goods &#8211; Dr. phil. Christoph Quarch","og_description":"Haf\u00adtungs\u00adhin\u00adweis und Lizenz: Das nach\u00adste\u00adhen\u00adde Mus\u00adter ist von einem Rechts\u00adan\u00adwalt erstellt wor\u00adden (http:\/\/rechtsanwalt-schwenke.de). Sie ent\u00adspricht den recht\u00adli\u00adchen Anfor\u00adde\u00adrun\u00adgen eines typi\u00adschen, ... Weiterlesen","og_url":"https:\/\/christophquarch.de\/en\/revocation-for-digital-goods\/","og_site_name":"Dr. phil. Christoph Quarch","article_publisher":"https:\/\/www.facebook.com\/christophquarch","article_modified_time":"2019-05-10T20:21:45+00:00","twitter_card":"summary_large_image","twitter_misc":{"Est. reading time":"3 minutes"},"schema":{"@context":"https:\/\/schema.org","@graph":[{"@type":"WebPage","@id":"https:\/\/christophquarch.de\/en\/revocation-for-digital-goods\/","url":"https:\/\/christophquarch.de\/en\/revocation-for-digital-goods\/","name":"Revocation for digital goods &#8211; Dr. phil. Christoph Quarch","isPartOf":{"@id":"https:\/\/christophquarch.de\/#website"},"datePublished":"2019-05-10T20:21:44+00:00","dateModified":"2019-05-10T20:21:45+00:00","breadcrumb":{"@id":"https:\/\/christophquarch.de\/en\/revocation-for-digital-goods\/#breadcrumb"},"inLanguage":"en-US","potentialAction":[{"@type":"ReadAction","target":["https:\/\/christophquarch.de\/en\/revocation-for-digital-goods\/"]}]},{"@type":"BreadcrumbList","@id":"https:\/\/christophquarch.de\/en\/revocation-for-digital-goods\/#breadcrumb","itemListElement":[{"@type":"ListItem","position":1,"name":"Startseite","item":"https:\/\/christophquarch.de\/en\/"},{"@type":"ListItem","position":2,"name":"Revocation for digital goods"}]},{"@type":"WebSite","@id":"https:\/\/christophquarch.de\/#website","url":"https:\/\/christophquarch.de\/","name":"Philosoph Christoph Quarch","description":"Philosoph Autor Redner Denkbegleiter","publisher":{"@id":"https:\/\/christophquarch.de\/#organization"},"potentialAction":[{"@type":"SearchAction","target":{"@type":"EntryPoint","urlTemplate":"https:\/\/christophquarch.de\/?s={search_term_string}"},"query-input":{"@type":"PropertyValueSpecification","valueRequired":true,"valueName":"search_term_string"}}],"inLanguage":"en-US"},{"@type":"Organization","@id":"https:\/\/christophquarch.de\/#organization","name":"Philosoph Christoph Quarch","url":"https:\/\/christophquarch.de\/","logo":{"@type":"ImageObject","inLanguage":"en-US","@id":"https:\/\/christophquarch.de\/#\/schema\/logo\/image\/","url":"https:\/\/christophquarch.de\/wp-content\/uploads\/2023\/07\/christoph-quarch-logo.svg","contentUrl":"https:\/\/christophquarch.de\/wp-content\/uploads\/2023\/07\/christoph-quarch-logo.svg","width":662,"height":45,"caption":"Philosoph Christoph Quarch"},"image":{"@id":"https:\/\/christophquarch.de\/#\/schema\/logo\/image\/"},"sameAs":["https:\/\/www.facebook.com\/christophquarch","https:\/\/www.instagram.com\/christophquarch\/","https:\/\/www.linkedin.com\/in\/dr-phil-christoph-quarch-76a46a33\/","https:\/\/www.youtube.com\/channel\/UCyFpe-vAt0JCZ7OKe2KPTaw"]}]}},"featured_image_src":null,"featured_image_src_square":null,"_links":{"self":[{"href":"https:\/\/christophquarch.de\/en\/wp-json\/wp\/v2\/pages\/5960","targetHints":{"allow":["GET"]}}],"collection":[{"href":"https:\/\/christophquarch.de\/en\/wp-json\/wp\/v2\/pages"}],"about":[{"href":"https:\/\/christophquarch.de\/en\/wp-json\/wp\/v2\/types\/page"}],"author":[{"embeddable":true,"href":"https:\/\/christophquarch.de\/en\/wp-json\/wp\/v2\/users\/1"}],"replies":[{"embeddable":true,"href":"https:\/\/christophquarch.de\/en\/wp-json\/wp\/v2\/comments?post=5960"}],"version-history":[{"count":1,"href":"https:\/\/christophquarch.de\/en\/wp-json\/wp\/v2\/pages\/5960\/revisions"}],"predecessor-version":[{"id":5961,"href":"https:\/\/christophquarch.de\/en\/wp-json\/wp\/v2\/pages\/5960\/revisions\/5961"}],"wp:attachment":[{"href":"https:\/\/christophquarch.de\/en\/wp-json\/wp\/v2\/media?parent=5960"}],"curies":[{"name":"wp","href":"https:\/\/api.w.org\/{rel}","templated":true}]}}