{"id":5860,"date":"2019-05-10T21:34:55","date_gmt":"2019-05-10T19:34:55","guid":{"rendered":"https:\/\/christophquarch.de\/author\/"},"modified":"2021-07-05T11:54:31","modified_gmt":"2021-07-05T09:54:31","slug":"author","status":"publish","type":"page","link":"https:\/\/christophquarch.de\/en\/author\/","title":{"rendered":"Author"},"content":{"rendered":"\n<p>I\u2019m a&nbsp;pas\u00adsio\u00adna\u00adte wri\u00adter. So it hap\u00adpens that in the mean\u00adti\u00adme almost fif\u00adty books have been published by me as aut\u00adhor or edi\u00adtor. Here you will find all the titles that I&nbsp;curr\u00adent\u00adly have available.<\/p>\n\n<h2 class=\"wp-block-heading\">Latest new publication<\/h2>\n\n<div class=\"wp-block-columns has-2-columns is-layout-flex wp-container-core-columns-is-layout-9d6595d7 wp-block-columns-is-layout-flex\">\n<div class=\"wp-block-column is-layout-flow wp-block-column-is-layout-flow\">\n<figure class=\"wp-block-image\"><img decoding=\"async\" src=\"https:\/\/christophquarch.de\/wp-content\/uploads\/2019\/10\/wo-die-seele-singt-cover.jpg\" alt class=\"wp-image-6322\"><\/figure><\/div>\n\n\n\n<div class=\"wp-block-column is-layout-flow wp-block-column-is-layout-flow\">\n<p>My book <a href=\"\/?p=6321\">\u00bbWo die See\u00adle singt. \u00dcber Kunst in Unter\u00adneh\u00admen\u00ab<\/a> has been published. Tog\u00ade\u00adther with Jan Teu\u00adnen, I&nbsp;have crea\u00adted a&nbsp;won\u00adderful book that invi\u00adtes you to a&nbsp;radi\u00adcal recon\u00adside\u00adra\u00adti\u00adon of the crea\u00adti\u00adve power of companies.<\/p>\n\n\n\n<p>Wit\u00adhout lec\u00adtu\u00adring or losing its\u00adelf in aca\u00adde\u00admic-phi\u00adlo\u00adso\u00adphi\u00adcal dis\u00adcour\u00adses, the book takes its rea\u00adders with it on the way to advan\u00adced and sus\u00adtainable cor\u00adpo\u00adra\u00adte cul\u00adtures who\u00adse focus will be not only on eco\u00adno\u00admic, but also on cul\u00adtu\u00adral and human growth.&nbsp;<\/p>\n\n\n\n<p><em>Gebun\u00adde\u00adne Aus\u00adga\u00adbe<\/em> | 380 Sei\u00adten\n<a href=\"https:\/\/www.remedium-verlag.de\/\">Reme\u00addi\u00adum Ver\u00adlag<\/a> | \u20ac 69\r\n<em>ISBN-13: 978\u20133\u20110006\u20133551\u20119<\/em><\/p>\n<\/div>\n<\/div>\n\n<h2 class=\"wp-block-heading\">Current books<\/h2>\n\n<div class=\"wp-block-genesis-blocks-gb-accordion gb-font-size-18 gb-block-accordion\"><details><summary class=\"gb-accordion-title\">Anschau\u00aden<\/summary><div class=\"gb-accordion-text\">\n<figure class=\"wp-block-gallery columns-4 wp-block-gallery-1 is-layout-flex wp-block-gallery-is-layout-flex\"><ul class=\"blocks-gallery-grid\"><li class=\"blocks-gallery-item\"><figure><a href=\"https:\/\/christophquarch.de\/autor\/wdss-cover-2\/#main\"><img loading=\"lazy\" decoding=\"async\" width=\"300\" height=\"429\" src=\"https:\/\/christophquarch.de\/wp-content\/uploads\/2019\/11\/wdss-cover-2-e1573331548525.jpg\" alt data-id=\"6465\" data-link=\"https:\/\/christophquarch.de\/autor\/wdss-cover-2\/#main\" class=\"wp-image-6465\" srcset=\"https:\/\/christophquarch.de\/wp-content\/uploads\/2019\/11\/wdss-cover-2-e1573331548525.jpg 300w, https:\/\/christophquarch.de\/wp-content\/uploads\/2019\/11\/wdss-cover-2-e1573331548525-250x358.jpg 250w\" sizes=\"auto, (max-width: 300px) 100vw, 300px\"><\/a><\/figure><\/li><li class=\"blocks-gallery-item\"><figure><a href=\"https:\/\/christophquarch.de\/autor\/dasgrosseja_titel_web\/#main\"><img decoding=\"async\" src=\"https:\/\/christophquarch.de\/wp-content\/uploads\/2019\/04\/dasgrosseja_titel_web-e1573330196894.jpg\" alt data-id=\"5072\" data-link=\"https:\/\/christophquarch.de\/autor\/dasgrosseja_titel_web\/#main\" class=\"wp-image-5072\"><\/a><\/figure><\/li><li class=\"blocks-gallery-item\"><figure><a href=\"https:\/\/christophquarch.de\/?attachment_id=4087#main\"><img loading=\"lazy\" decoding=\"async\" width=\"333\" height=\"499\" src=\"https:\/\/christophquarch.de\/wp-content\/uploads\/2018\/07\/51sk9k5jbal._sx331_bo1204203200.jpg\" alt data-id=\"4087\" data-link=\"https:\/\/christophquarch.de\/?attachment_id=4087#main\" class=\"wp-image-4087\" srcset=\"https:\/\/christophquarch.de\/wp-content\/uploads\/2018\/07\/51sk9k5jbal._sx331_bo1204203200.jpg 333w, https:\/\/christophquarch.de\/wp-content\/uploads\/2018\/07\/51sk9k5jbal._sx331_bo1204203200-250x375.jpg 250w\" sizes=\"auto, (max-width: 333px) 100vw, 333px\"><\/a><\/figure><\/li><li class=\"blocks-gallery-item\"><figure><a href=\"https:\/\/christophquarch.de\/6171_rz_nicht_denken-indd-2\/\"><img decoding=\"async\" src=\"https:\/\/christophquarch.de\/wp-content\/uploads\/2019\/02\/6171_rz_nicht_denken.indd-699x1080.jpg\" alt data-id=\"21\" data-link=\"https:\/\/christophquarch.de\/6171_rz_nicht_denken-indd-2\/\" class=\"wp-image-21\"><\/a><\/figure><\/li><li class=\"blocks-gallery-item\"><figure><a href=\"https:\/\/christophquarch.de\/das-waren-unsere-80er\/#main\"><img decoding=\"async\" src=\"https:\/\/christophquarch.de\/wp-content\/uploads\/2018\/09\/das-waren-unsere-80er.jpg\" alt data-id=\"4181\" data-link=\"https:\/\/christophquarch.de\/das-waren-unsere-80er\/#main\" class=\"wp-image-4181\"><\/a><\/figure><\/li><li class=\"blocks-gallery-item\"><figure><a href=\"https:\/\/christophquarch.de\/sample-page\/978-3-446-44701-1_216421444-82\/#main\"><img decoding=\"async\" src=\"https:\/\/christophquarch.de\/wp-content\/uploads\/2013\/07\/rettet-das-spiel.jpg\" alt data-id=\"1983\" data-link=\"https:\/\/christophquarch.de\/sample-page\/978-3-446-44701-1_216421444-82\/#main\" class=\"wp-image-1983\"><\/a><\/figure><\/li><li class=\"blocks-gallery-item\"><figure><a href=\"https:\/\/christophquarch.de\/officinahumana9783899862720\/#main\"><img decoding=\"async\" src=\"https:\/\/christophquarch.de\/wp-content\/uploads\/2017\/09\/officina-humana-671x1080.jpg\" alt data-id=\"3259\" data-link=\"https:\/\/christophquarch.de\/officinahumana9783899862720\/#main\" class=\"wp-image-3259\"><\/a><\/figure><\/li><li class=\"blocks-gallery-item\"><figure><a href=\"https:\/\/christophquarch.de\/9783833835605_l\/#main\"><img decoding=\"async\" src=\"https:\/\/christophquarch.de\/wp-content\/uploads\/2014\/01\/9783833835605_L-e1573329824906.jpg\" alt data-id=\"571\" data-link=\"https:\/\/christophquarch.de\/9783833835605_l\/#main\" class=\"wp-image-571\"><\/a><\/figure><\/li><\/ul><\/figure><\/div><\/details><\/div>\n\n<h2 class=\"wp-block-heading\">E\u2011Books<\/h2>\n\n<div class=\"wp-block-genesis-blocks-gb-accordion gb-font-size-18 gb-block-accordion\"><details><summary class=\"gb-accordion-title\">Anschau\u00aden<\/summary><div class=\"gb-accordion-text\">\n<figure class=\"wp-block-gallery columns-4 wp-block-gallery-2 is-layout-flex wp-block-gallery-is-layout-flex\"><ul class=\"blocks-gallery-grid\"><li class=\"blocks-gallery-item\"><figure><img decoding=\"async\" src=\"https:\/\/christophquarch.de\/wp-content\/uploads\/2019\/04\/dasgrosseja_titel_web.jpg\" alt data-id=\"5072\" data-link=\"https:\/\/christophquarch.de\/autor\/dasgrosseja_titel_web\/#main\" class=\"wp-image-5072\"><\/figure><\/li><li class=\"blocks-gallery-item\"><figure><img decoding=\"async\" src=\"https:\/\/christophquarch.de\/wp-content\/uploads\/2019\/03\/PlatosMetaphysicsOfSoul_eBook_Titel-761x1080.jpg\" alt data-id=\"4962\" data-link=\"https:\/\/christophquarch.de\/platosmetaphysicsofsoul_ebook_titel\/\" class=\"wp-image-4962\"><\/figure><\/li><li class=\"blocks-gallery-item\"><figure><img decoding=\"async\" src=\"https:\/\/christophquarch.de\/wp-content\/uploads\/2019\/03\/ebookcover_unsereweltistheilig-1-761x1080.jpg\" alt data-id=\"4966\" data-link=\"https:\/\/christophquarch.de\/ebookcover_unsereweltistheilig-1\/\" class=\"wp-image-4966\"><\/figure><\/li><li class=\"blocks-gallery-item\"><figure><img decoding=\"async\" src=\"https:\/\/christophquarch.de\/wp-content\/uploads\/2019\/03\/dieweisheitdesnichtverstehens_ebook_titel-761x1080.jpg\" alt data-id=\"4957\" data-link=\"https:\/\/christophquarch.de\/dieweisheitdesnichtverstehens_ebook_titel\/\" class=\"wp-image-4957\"><\/figure><\/li><li class=\"blocks-gallery-item\"><figure><img decoding=\"async\" src=\"https:\/\/christophquarch.de\/wp-content\/uploads\/2016\/01\/scannen_2015_12_19_13_30_47_050_001-761x1080.jpg\" alt data-id=\"1737\" data-link=\"https:\/\/christophquarch.de\/scannen_2015_12_19_13_30_47_050_001\/#main\" class=\"wp-image-1737\"><\/figure><\/li><li class=\"blocks-gallery-item\"><figure><img decoding=\"async\" src=\"https:\/\/christophquarch.de\/wp-content\/uploads\/2017\/02\/menschend\u00e4mmerung-ebook-titel.jpg\" alt data-id=\"2604\" data-link=\"https:\/\/christophquarch.de\/menschendaemmerung_ebook_titel\/#main\" class=\"wp-image-2604\"><\/figure><\/li><li class=\"blocks-gallery-item\"><figure><img decoding=\"async\" src=\"https:\/\/christophquarch.de\/wp-content\/uploads\/2017\/12\/ebook-\u00bblob-der-grenze\u00ab-761x1080.jpg\" alt data-id=\"3524\" data-link=\"https:\/\/christophquarch.de\/lobdergrenze_ebook_titel_dunkelgrau\/#main\" class=\"wp-image-3524\"><\/figure><\/li><li class=\"blocks-gallery-item\"><figure><img decoding=\"async\" src=\"https:\/\/christophquarch.de\/wp-content\/uploads\/2017\/02\/ebookcover_liebe_dergeschmackdeschristentums_web.jpg\" alt data-id=\"2644\" data-link=\"https:\/\/christophquarch.de\/ebookcover_liebe_dergeschmackdeschristentums_web\/#main\" class=\"wp-image-2644\"><\/figure><\/li><li class=\"blocks-gallery-item\"><figure><img decoding=\"async\" src=\"https:\/\/christophquarch.de\/wp-content\/uploads\/2016\/05\/26040057_9783958496248_xl.jpg\" alt data-id=\"1911\" data-link=\"https:\/\/christophquarch.de\/26040057_9783958496248_xl\/#main\" class=\"wp-image-1911\"><\/figure><\/li><\/ul><\/figure><\/div><\/details><\/div>\n\n<h2 class=\"wp-block-heading\">Lectures<\/h2>\n\n<div class=\"wp-block-genesis-blocks-gb-accordion gb-font-size-18 gb-block-accordion\"><details><summary class=\"gb-accordion-title\">Anh\u00f6\u00adren<\/summary><div class=\"gb-accordion-text\">\n<figure class=\"wp-block-gallery columns-4 wp-block-gallery-3 is-layout-flex wp-block-gallery-is-layout-flex\"><ul class=\"blocks-gallery-grid\"><li class=\"blocks-gallery-item\"><figure><img decoding=\"async\" src=\"https:\/\/christophquarch.de\/wp-content\/uploads\/2017\/12\/download-vortr\u00e4ge-platon-1080x1080.jpg\" alt data-id=\"3528\" data-link=\"https:\/\/christophquarch.de\/cover_vortraegeplaton_rgb\/#main\" class=\"wp-image-3528\"><\/figure><\/li><li class=\"blocks-gallery-item\"><figure><img decoding=\"async\" src=\"https:\/\/christophquarch.de\/wp-content\/uploads\/2017\/12\/downloads-vortr\u00e4ge-aristoteles-1080x1080.jpg\" alt data-id=\"3503\" data-link=\"https:\/\/christophquarch.de\/die-praktische-philosophie-des-aristoteles-oder-die-kunst-der-goldenen-mitte\/cover_vortraegearistoteles_rgb2\/#main\" class=\"wp-image-3503\"><\/figure><\/li><li class=\"blocks-gallery-item\"><figure><img decoding=\"async\" src=\"https:\/\/christophquarch.de\/wp-content\/uploads\/2019\/02\/mensch.jpg\" alt data-id=\"4452\" data-link=\"https:\/\/christophquarch.de\/sample-page\/mensch\/#main\" class=\"wp-image-4452\"><\/figure><\/li><li class=\"blocks-gallery-item\"><figure><img decoding=\"async\" src=\"https:\/\/christophquarch.de\/wp-content\/uploads\/2013\/07\/acht-vortr\u00e4ge-von-christoph-quarch-\u00fcber-die-spiritualit\u00e4t-der-alten-griechischen-g\u00f6tter-1080x1080.jpg\" alt data-id=\"3419\" data-link=\"https:\/\/christophquarch.de\/sample-page\/cover_vortragreihe_goetter\/#main\" class=\"wp-image-3419\"><\/figure><\/li><li class=\"blocks-gallery-item\"><figure><img decoding=\"async\" src=\"https:\/\/christophquarch.de\/wp-content\/uploads\/2013\/07\/sechs-vortr\u00e4ge-von-christoph-quarch-\u00fcber-die-suche-nach-einem-heute-denkbaren-gott-der-uns-zu-retten-verm\u00f6chte-1080x1080.jpg\" alt data-id=\"3427\" data-link=\"https:\/\/christophquarch.de\/sample-page\/cover_vortraggottisttot-2\/#main\" class=\"wp-image-3427\"><\/figure><\/li><li class=\"blocks-gallery-item\"><figure><img decoding=\"async\" src=\"https:\/\/christophquarch.de\/wp-content\/uploads\/2013\/07\/vier-vortr\u00e4ge-von-christoph-quarch-\u00fcber-die-vier-kardinaltugenden-nach-platon-1080x1080.jpg\" alt data-id=\"3423\" data-link=\"https:\/\/christophquarch.de\/sample-page\/cover_vortragtugenden-2\/#main\" class=\"wp-image-3423\"><\/figure><\/li><li class=\"blocks-gallery-item\"><figure><img decoding=\"async\" src=\"https:\/\/christophquarch.de\/wp-content\/uploads\/2013\/07\/coverhinundweg-1080x1080.jpg\" alt data-id=\"2586\" data-link=\"https:\/\/christophquarch.de\/sample-page\/coverhinundweg\/#main\" class=\"wp-image-2586\"><\/figure><\/li><\/ul><\/figure><\/div><\/details><\/div>\n\n<h2 class=\"wp-block-heading\">Publisher \/ Books with texts by&nbsp;me<\/h2>\n\n<div class=\"wp-block-genesis-blocks-gb-accordion gb-font-size-18 gb-block-accordion\"><details><summary class=\"gb-accordion-title\">Anschau\u00aden<\/summary><div class=\"gb-accordion-text\">\n<figure class=\"wp-block-gallery columns-4 wp-block-gallery-4 is-layout-flex wp-block-gallery-is-layout-flex\"><ul class=\"blocks-gallery-grid\"><li class=\"blocks-gallery-item\"><figure><img decoding=\"async\" src=\"https:\/\/christophquarch.de\/wp-content\/uploads\/2019\/03\/zentis_cover_1.jpg\" alt data-id=\"4969\" data-link=\"https:\/\/christophquarch.de\/zentis_cover_1\/\" class=\"wp-image-4969\"><\/figure><\/li><li class=\"blocks-gallery-item\"><figure><img decoding=\"async\" src=\"https:\/\/christophquarch.de\/wp-content\/uploads\/2019\/03\/Vision-Mission-Werte.jpg\" alt data-id=\"4963\" data-link=\"https:\/\/christophquarch.de\/vision-mission-werte\/\" class=\"wp-image-4963\"><\/figure><\/li><li class=\"blocks-gallery-item\"><figure><img decoding=\"async\" src=\"https:\/\/christophquarch.de\/wp-content\/uploads\/2019\/03\/Cover-Rhetorik-und-Medizin-2018-Band-37.jpg\" alt data-id=\"4956\" data-link=\"https:\/\/christophquarch.de\/cover-rhetorik-und-medizin-2018-band-37\/\" class=\"wp-image-4956\"><\/figure><\/li><li class=\"blocks-gallery-item\"><figure><img decoding=\"async\" src=\"https:\/\/christophquarch.de\/wp-content\/uploads\/2016\/01\/alltagsschamane.jpg\" alt data-id=\"1742\" data-link=\"https:\/\/christophquarch.de\/druck\/#main\" class=\"wp-image-1742\"><\/figure><\/li><li class=\"blocks-gallery-item\"><figure><img decoding=\"async\" src=\"https:\/\/christophquarch.de\/wp-content\/uploads\/2013\/09\/schmelzt-das-eis-in-euren-herzen.jpg\" alt data-id=\"319\" data-link=\"https:\/\/christophquarch.de\/9783466345472_l\/#main\" class=\"wp-image-319\"><\/figure><\/li><li class=\"blocks-gallery-item\"><figure><img decoding=\"async\" src=\"https:\/\/christophquarch.de\/wp-content\/uploads\/2017\/02\/ReichAnGlueck.jpg\" alt data-id=\"2608\" data-link=\"https:\/\/christophquarch.de\/reichanglueck\/#main\" class=\"wp-image-2608\"><\/figure><\/li><li class=\"blocks-gallery-item\"><figure><img decoding=\"async\" src=\"https:\/\/christophquarch.de\/wp-content\/uploads\/2013\/07\/cover-selbstbewegung.jpg\" alt data-id=\"2498\" data-link=\"https:\/\/christophquarch.de\/2-revision-v1\/cover-selbstbewegung\/#main\" class=\"wp-image-2498\"><\/figure><\/li><li class=\"blocks-gallery-item\"><figure><img decoding=\"async\" src=\"https:\/\/christophquarch.de\/wp-content\/uploads\/2014\/01\/zeit-wert-geben.jpg\" alt data-id=\"575\" data-link=\"https:\/\/christophquarch.de\/9783000430428_l\/#main\" class=\"wp-image-575\"><\/figure><\/li><li class=\"blocks-gallery-item\"><figure><img decoding=\"async\" src=\"https:\/\/christophquarch.de\/wp-content\/uploads\/2015\/02\/stella-polaris-mit-banderole.jpg\" alt data-id=\"1213\" data-link=\"https:\/\/christophquarch.de\/stellapolarisbanderole\/#main\" class=\"wp-image-1213\"><\/figure><\/li><\/ul><\/figure><\/div><\/details><\/div>\n","protected":false},"excerpt":{"rendered":"<p>I\u2019m a&nbsp;pas\u00adsio\u00adna\u00adte wri\u00adter. So it hap\u00adpens that in the mean\u00adti\u00adme almost fif\u00adty books have been published by me as author&nbsp;\u2026&nbsp;<\/p>\n<p class=\"read-more-container\"><a title=\"Author\" class=\"read-more button\" href=\"https:\/\/christophquarch.de\/en\/author\/#more-5860\" aria-label=\"Read more about Author\">Wei\u00adter\u00adle\u00adsen<\/a><\/p>\n","protected":false},"author":1,"featured_media":0,"parent":0,"menu_order":2,"comment_status":"closed","ping_status":"closed","template":"","meta":{"_acf_changed":false,"wp_typography_post_enhancements_disabled":false,"footnotes":""},"class_list":["post-5860","page","type-page","status-publish"],"acf":[],"yoast_head":"<!-- This site is optimized with the Yoast SEO plugin v27.3 - https:\/\/yoast.com\/product\/yoast-seo-wordpress\/ -->\n<title>Author &#8211; Dr. phil. Christoph Quarch<\/title>\n<meta name=\"robots\" content=\"index, follow, max-snippet:-1, max-image-preview:large, max-video-preview:-1\" \/>\n<link rel=\"canonical\" href=\"https:\/\/christophquarch.de\/en\/author\/\" \/>\n<meta property=\"og:locale\" content=\"en_US\" \/>\n<meta property=\"og:type\" content=\"article\" \/>\n<meta property=\"og:title\" content=\"Author &#8211; Dr. phil. Christoph Quarch\" \/>\n<meta property=\"og:description\" content=\"I\u2019m a&nbsp;pas\u00adsio\u00adna\u00adte wri\u00adter. So it hap\u00adpens that in the mean\u00adti\u00adme almost fif\u00adty books have been published by me as aut\u00adhor ... Weiterlesen\" \/>\n<meta property=\"og:url\" content=\"https:\/\/christophquarch.de\/en\/author\/\" \/>\n<meta property=\"og:site_name\" content=\"Dr. phil. Christoph Quarch\" \/>\n<meta property=\"article:publisher\" content=\"https:\/\/www.facebook.com\/christophquarch\" \/>\n<meta property=\"article:modified_time\" content=\"2021-07-05T09:54:31+00:00\" \/>\n<meta property=\"og:image\" content=\"https:\/\/christophquarch.de\/wp-content\/uploads\/2019\/10\/wo-die-seele-singt-cover.jpg\" \/>\n<meta name=\"twitter:card\" content=\"summary_large_image\" \/>\n<meta name=\"twitter:label1\" content=\"Est. reading time\" \/>\n\t<meta name=\"twitter:data1\" content=\"1 minute\" \/>\n<script type=\"application\/ld+json\" class=\"yoast-schema-graph\">{\"@context\":\"https:\\\/\\\/schema.org\",\"@graph\":[{\"@type\":\"WebPage\",\"@id\":\"https:\\\/\\\/christophquarch.de\\\/en\\\/author\\\/\",\"url\":\"https:\\\/\\\/christophquarch.de\\\/en\\\/author\\\/\",\"name\":\"Author &#8211; Dr. phil. Christoph Quarch\",\"isPartOf\":{\"@id\":\"https:\\\/\\\/christophquarch.de\\\/#website\"},\"primaryImageOfPage\":{\"@id\":\"https:\\\/\\\/christophquarch.de\\\/en\\\/author\\\/#primaryimage\"},\"image\":{\"@id\":\"https:\\\/\\\/christophquarch.de\\\/en\\\/author\\\/#primaryimage\"},\"thumbnailUrl\":\"https:\\\/\\\/christophquarch.de\\\/wp-content\\\/uploads\\\/2019\\\/10\\\/wo-die-seele-singt-cover.jpg\",\"datePublished\":\"2019-05-10T19:34:55+00:00\",\"dateModified\":\"2021-07-05T09:54:31+00:00\",\"breadcrumb\":{\"@id\":\"https:\\\/\\\/christophquarch.de\\\/en\\\/author\\\/#breadcrumb\"},\"inLanguage\":\"en-US\",\"potentialAction\":[{\"@type\":\"ReadAction\",\"target\":[\"https:\\\/\\\/christophquarch.de\\\/en\\\/author\\\/\"]}]},{\"@type\":\"ImageObject\",\"inLanguage\":\"en-US\",\"@id\":\"https:\\\/\\\/christophquarch.de\\\/en\\\/author\\\/#primaryimage\",\"url\":\"https:\\\/\\\/christophquarch.de\\\/wp-content\\\/uploads\\\/2019\\\/10\\\/wo-die-seele-singt-cover.jpg\",\"contentUrl\":\"https:\\\/\\\/christophquarch.de\\\/wp-content\\\/uploads\\\/2019\\\/10\\\/wo-die-seele-singt-cover.jpg\"},{\"@type\":\"BreadcrumbList\",\"@id\":\"https:\\\/\\\/christophquarch.de\\\/en\\\/author\\\/#breadcrumb\",\"itemListElement\":[{\"@type\":\"ListItem\",\"position\":1,\"name\":\"Startseite\",\"item\":\"https:\\\/\\\/christophquarch.de\\\/en\\\/\"},{\"@type\":\"ListItem\",\"position\":2,\"name\":\"Author\"}]},{\"@type\":\"WebSite\",\"@id\":\"https:\\\/\\\/christophquarch.de\\\/#website\",\"url\":\"https:\\\/\\\/christophquarch.de\\\/\",\"name\":\"Philosoph Christoph Quarch\",\"description\":\"Philosoph Autor Redner Denkbegleiter\",\"publisher\":{\"@id\":\"https:\\\/\\\/christophquarch.de\\\/#organization\"},\"potentialAction\":[{\"@type\":\"SearchAction\",\"target\":{\"@type\":\"EntryPoint\",\"urlTemplate\":\"https:\\\/\\\/christophquarch.de\\\/?s={search_term_string}\"},\"query-input\":{\"@type\":\"PropertyValueSpecification\",\"valueRequired\":true,\"valueName\":\"search_term_string\"}}],\"inLanguage\":\"en-US\"},{\"@type\":\"Organization\",\"@id\":\"https:\\\/\\\/christophquarch.de\\\/#organization\",\"name\":\"Philosoph Christoph Quarch\",\"url\":\"https:\\\/\\\/christophquarch.de\\\/\",\"logo\":{\"@type\":\"ImageObject\",\"inLanguage\":\"en-US\",\"@id\":\"https:\\\/\\\/christophquarch.de\\\/#\\\/schema\\\/logo\\\/image\\\/\",\"url\":\"https:\\\/\\\/christophquarch.de\\\/wp-content\\\/uploads\\\/2023\\\/07\\\/christoph-quarch-logo.svg\",\"contentUrl\":\"https:\\\/\\\/christophquarch.de\\\/wp-content\\\/uploads\\\/2023\\\/07\\\/christoph-quarch-logo.svg\",\"width\":662,\"height\":45,\"caption\":\"Philosoph Christoph Quarch\"},\"image\":{\"@id\":\"https:\\\/\\\/christophquarch.de\\\/#\\\/schema\\\/logo\\\/image\\\/\"},\"sameAs\":[\"https:\\\/\\\/www.facebook.com\\\/christophquarch\",\"https:\\\/\\\/www.instagram.com\\\/christophquarch\\\/\",\"https:\\\/\\\/www.linkedin.com\\\/in\\\/dr-phil-christoph-quarch-76a46a33\\\/\",\"https:\\\/\\\/www.youtube.com\\\/channel\\\/UCyFpe-vAt0JCZ7OKe2KPTaw\"]}]}<\/script>\n<!-- \/ Yoast SEO plugin. -->","yoast_head_json":{"title":"Author &#8211; Dr. phil. Christoph Quarch","robots":{"index":"index","follow":"follow","max-snippet":"max-snippet:-1","max-image-preview":"max-image-preview:large","max-video-preview":"max-video-preview:-1"},"canonical":"https:\/\/christophquarch.de\/en\/author\/","og_locale":"en_US","og_type":"article","og_title":"Author &#8211; Dr. phil. Christoph Quarch","og_description":"I\u2019m a&nbsp;pas\u00adsio\u00adna\u00adte wri\u00adter. So it hap\u00adpens that in the mean\u00adti\u00adme almost fif\u00adty books have been published by me as aut\u00adhor ... Weiterlesen","og_url":"https:\/\/christophquarch.de\/en\/author\/","og_site_name":"Dr. phil. Christoph Quarch","article_publisher":"https:\/\/www.facebook.com\/christophquarch","article_modified_time":"2021-07-05T09:54:31+00:00","og_image":[{"url":"https:\/\/christophquarch.de\/wp-content\/uploads\/2019\/10\/wo-die-seele-singt-cover.jpg","type":"","width":"","height":""}],"twitter_card":"summary_large_image","twitter_misc":{"Est. reading time":"1 minute"},"schema":{"@context":"https:\/\/schema.org","@graph":[{"@type":"WebPage","@id":"https:\/\/christophquarch.de\/en\/author\/","url":"https:\/\/christophquarch.de\/en\/author\/","name":"Author &#8211; Dr. phil. Christoph Quarch","isPartOf":{"@id":"https:\/\/christophquarch.de\/#website"},"primaryImageOfPage":{"@id":"https:\/\/christophquarch.de\/en\/author\/#primaryimage"},"image":{"@id":"https:\/\/christophquarch.de\/en\/author\/#primaryimage"},"thumbnailUrl":"https:\/\/christophquarch.de\/wp-content\/uploads\/2019\/10\/wo-die-seele-singt-cover.jpg","datePublished":"2019-05-10T19:34:55+00:00","dateModified":"2021-07-05T09:54:31+00:00","breadcrumb":{"@id":"https:\/\/christophquarch.de\/en\/author\/#breadcrumb"},"inLanguage":"en-US","potentialAction":[{"@type":"ReadAction","target":["https:\/\/christophquarch.de\/en\/author\/"]}]},{"@type":"ImageObject","inLanguage":"en-US","@id":"https:\/\/christophquarch.de\/en\/author\/#primaryimage","url":"https:\/\/christophquarch.de\/wp-content\/uploads\/2019\/10\/wo-die-seele-singt-cover.jpg","contentUrl":"https:\/\/christophquarch.de\/wp-content\/uploads\/2019\/10\/wo-die-seele-singt-cover.jpg"},{"@type":"BreadcrumbList","@id":"https:\/\/christophquarch.de\/en\/author\/#breadcrumb","itemListElement":[{"@type":"ListItem","position":1,"name":"Startseite","item":"https:\/\/christophquarch.de\/en\/"},{"@type":"ListItem","position":2,"name":"Author"}]},{"@type":"WebSite","@id":"https:\/\/christophquarch.de\/#website","url":"https:\/\/christophquarch.de\/","name":"Philosoph Christoph Quarch","description":"Philosoph Autor Redner Denkbegleiter","publisher":{"@id":"https:\/\/christophquarch.de\/#organization"},"potentialAction":[{"@type":"SearchAction","target":{"@type":"EntryPoint","urlTemplate":"https:\/\/christophquarch.de\/?s={search_term_string}"},"query-input":{"@type":"PropertyValueSpecification","valueRequired":true,"valueName":"search_term_string"}}],"inLanguage":"en-US"},{"@type":"Organization","@id":"https:\/\/christophquarch.de\/#organization","name":"Philosoph Christoph Quarch","url":"https:\/\/christophquarch.de\/","logo":{"@type":"ImageObject","inLanguage":"en-US","@id":"https:\/\/christophquarch.de\/#\/schema\/logo\/image\/","url":"https:\/\/christophquarch.de\/wp-content\/uploads\/2023\/07\/christoph-quarch-logo.svg","contentUrl":"https:\/\/christophquarch.de\/wp-content\/uploads\/2023\/07\/christoph-quarch-logo.svg","width":662,"height":45,"caption":"Philosoph Christoph Quarch"},"image":{"@id":"https:\/\/christophquarch.de\/#\/schema\/logo\/image\/"},"sameAs":["https:\/\/www.facebook.com\/christophquarch","https:\/\/www.instagram.com\/christophquarch\/","https:\/\/www.linkedin.com\/in\/dr-phil-christoph-quarch-76a46a33\/","https:\/\/www.youtube.com\/channel\/UCyFpe-vAt0JCZ7OKe2KPTaw"]}]}},"featured_image_src":null,"featured_image_src_square":null,"_links":{"self":[{"href":"https:\/\/christophquarch.de\/en\/wp-json\/wp\/v2\/pages\/5860","targetHints":{"allow":["GET"]}}],"collection":[{"href":"https:\/\/christophquarch.de\/en\/wp-json\/wp\/v2\/pages"}],"about":[{"href":"https:\/\/christophquarch.de\/en\/wp-json\/wp\/v2\/types\/page"}],"author":[{"embeddable":true,"href":"https:\/\/christophquarch.de\/en\/wp-json\/wp\/v2\/users\/1"}],"replies":[{"embeddable":true,"href":"https:\/\/christophquarch.de\/en\/wp-json\/wp\/v2\/comments?post=5860"}],"version-history":[{"count":7,"href":"https:\/\/christophquarch.de\/en\/wp-json\/wp\/v2\/pages\/5860\/revisions"}],"predecessor-version":[{"id":11050,"href":"https:\/\/christophquarch.de\/en\/wp-json\/wp\/v2\/pages\/5860\/revisions\/11050"}],"wp:attachment":[{"href":"https:\/\/christophquarch.de\/en\/wp-json\/wp\/v2\/media?parent=5860"}],"curies":[{"name":"wp","href":"https:\/\/api.w.org\/{rel}","templated":true}]}}